{"id":27575,"date":"2025-04-28T19:53:14","date_gmt":"2025-04-28T17:53:14","guid":{"rendered":"https:\/\/www.juescha.de\/shop\/unkategorisiert\/utensilienschale-emilia-2\/"},"modified":"2026-01-21T08:49:13","modified_gmt":"2026-01-21T07:49:13","slug":"utensilienschale-emilia-2","status":"publish","type":"product","link":"https:\/\/www.juescha.de\/de_de\/shop\/alassio\/utensilienschale-emilia-2\/","title":{"rendered":"Utensilienschale EMILIA"},"content":{"rendered":"<h1>Utensilienschale EMILIA<\/h1>\n<p>Die Utensilienschale Emilia in Rot von Alassio ist ein praktisches und stilvolles Accessoire, das perfekt f\u00fcr den t\u00e4glichen Gebrauch im B\u00fcro oder zu Hause geeignet ist. Die Schale ist aus hochwertigem Lederimitat gefertigt und verf\u00fcgt \u00fcber eine strukturierte Oberfl\u00e4che, die ihr eine elegante Optik verleiht.<br \/>\nDie Schale ist 10,5 x 10,5 x 4 cm gro\u00df und bietet somit ausreichend Platz f\u00fcr Stifte, B\u00fcroklammern, Visitenkarten und andere kleine Gegenst\u00e4nde, die man am Arbeitsplatz oder zu Hause griffbereit haben m\u00f6chte. Dank des praktischen Designs k\u00f6nnen die Utensilien auf der Schale \u00fcbersichtlich und ordentlich aufbewahrt werden.<br \/>\nDie Utensilienschale ist robust und langlebig und kann problemlos gereinigt werden. Die Farbe Rot verleiht ihr eine fr\u00f6hliche und lebhafte Ausstrahlung, die jeden Schreibtisch oder jeden Raum aufwertet.<\/p>\n","protected":false},"excerpt":{"rendered":"<ul>\n<li>Hochwertige Utensilienschale aus rotem Lederimitat<\/li>\n<li>Strukturierte Oberfl\u00e4che mit eleganter Optik<\/li>\n<li>Ideal f\u00fcr Stifte, B\u00fcroklammern und Kleinteile<\/li>\n<li>Ma\u00dfe: ca. 10,5 x 10,5 x 4 cm<\/li>\n<\/ul>\n","protected":false},"featured_media":10489,"template":"","meta":{"inline_featured_image":false},"product_brand":[],"product_cat":[1651],"product_tag":[],"class_list":{"0":"post-27575","1":"product","2":"type-product","3":"status-publish","4":"has-post-thumbnail","6":"product_cat-alassio","8":"first","9":"instock","10":"purchasable","11":"product-type-simple"},"_links":{"self":[{"href":"https:\/\/www.juescha.de\/de_de\/wp-json\/wp\/v2\/product\/27575","targetHints":{"allow":["GET"]}}],"collection":[{"href":"https:\/\/www.juescha.de\/de_de\/wp-json\/wp\/v2\/product"}],"about":[{"href":"https:\/\/www.juescha.de\/de_de\/wp-json\/wp\/v2\/types\/product"}],"version-history":[{"count":0,"href":"https:\/\/www.juescha.de\/de_de\/wp-json\/wp\/v2\/product\/27575\/revisions"}],"wp:featuredmedia":[{"embeddable":true,"href":"https:\/\/www.juescha.de\/de_de\/wp-json\/wp\/v2\/media\/10489"}],"wp:attachment":[{"href":"https:\/\/www.juescha.de\/de_de\/wp-json\/wp\/v2\/media?parent=27575"}],"wp:term":[{"taxonomy":"product_brand","embeddable":true,"href":"https:\/\/www.juescha.de\/de_de\/wp-json\/wp\/v2\/product_brand?post=27575"},{"taxonomy":"product_cat","embeddable":true,"href":"https:\/\/www.juescha.de\/de_de\/wp-json\/wp\/v2\/product_cat?post=27575"},{"taxonomy":"product_tag","embeddable":true,"href":"https:\/\/www.juescha.de\/de_de\/wp-json\/wp\/v2\/product_tag?post=27575"}],"curies":[{"name":"wp","href":"https:\/\/api.w.org\/{rel}","templated":true}]}}