{"id":27574,"date":"2025-04-28T19:53:14","date_gmt":"2025-04-28T17:53:14","guid":{"rendered":"https:\/\/www.juescha.de\/shop\/unkategorisiert\/utensilienschale-emilia\/"},"modified":"2026-01-21T08:49:13","modified_gmt":"2026-01-21T07:49:13","slug":"utensilienschale-emilia","status":"publish","type":"product","link":"https:\/\/www.juescha.de\/de_de\/shop\/alassio\/utensilienschale-emilia\/","title":{"rendered":"Utensilienschale EMILIA"},"content":{"rendered":"<h1>Utensilienschale EMILIA <\/h1>\n<p>Bei der Utensilienschale handel es sich um eine praktische und stylische Utensilienschale aus Lederimitat in der Farbe Blau. Sie ist ideal zur Aufbewahrung von Schreibutensilien wie Stiften, Markern und Linealen sowie anderen kleinen Gegenst\u00e4nden wie B\u00fcroklammern und Post-its geeignet. Die Schale hat eine Gr\u00f6\u00dfe von ca. 10,5 x 10,5 x 4 cm, was sie kompakt und platzsparend macht.<br \/>\nDie Utensilienschale ist robust und langlebig und ist eine perfekte Erg\u00e4nzung f\u00fcr jeden Schreibtisch.<br \/>\nInsgesamt ist die Utensilienschale in blau von Alassio ein n\u00fctzliches und ansprechendes Accessoire f\u00fcr den Schreibtisch zu sein, das bei vielen Kunden positiv ankommt.<\/p>\n","protected":false},"excerpt":{"rendered":"<ul>\n<li>Praktische Utensilienschale aus Lederimitat<\/li>\n<li>Farbe: Blau, kompakt und platzsparend<\/li>\n<li>Ideal f\u00fcr Stifte, B\u00fcroklammern &#038; Co.<\/li>\n<li>Ma\u00dfe: ca. 10,5 x 10,5 x 4 cm<\/li>\n<\/ul>\n","protected":false},"featured_media":10489,"template":"","meta":{"inline_featured_image":false},"product_brand":[],"product_cat":[1651],"product_tag":[],"class_list":{"0":"post-27574","1":"product","2":"type-product","3":"status-publish","4":"has-post-thumbnail","6":"product_cat-alassio","8":"first","9":"instock","10":"purchasable","11":"product-type-simple"},"_links":{"self":[{"href":"https:\/\/www.juescha.de\/de_de\/wp-json\/wp\/v2\/product\/27574","targetHints":{"allow":["GET"]}}],"collection":[{"href":"https:\/\/www.juescha.de\/de_de\/wp-json\/wp\/v2\/product"}],"about":[{"href":"https:\/\/www.juescha.de\/de_de\/wp-json\/wp\/v2\/types\/product"}],"version-history":[{"count":0,"href":"https:\/\/www.juescha.de\/de_de\/wp-json\/wp\/v2\/product\/27574\/revisions"}],"wp:featuredmedia":[{"embeddable":true,"href":"https:\/\/www.juescha.de\/de_de\/wp-json\/wp\/v2\/media\/10489"}],"wp:attachment":[{"href":"https:\/\/www.juescha.de\/de_de\/wp-json\/wp\/v2\/media?parent=27574"}],"wp:term":[{"taxonomy":"product_brand","embeddable":true,"href":"https:\/\/www.juescha.de\/de_de\/wp-json\/wp\/v2\/product_brand?post=27574"},{"taxonomy":"product_cat","embeddable":true,"href":"https:\/\/www.juescha.de\/de_de\/wp-json\/wp\/v2\/product_cat?post=27574"},{"taxonomy":"product_tag","embeddable":true,"href":"https:\/\/www.juescha.de\/de_de\/wp-json\/wp\/v2\/product_tag?post=27574"}],"curies":[{"name":"wp","href":"https:\/\/api.w.org\/{rel}","templated":true}]}}