{"id":27573,"date":"2025-04-28T19:53:14","date_gmt":"2025-04-28T17:53:14","guid":{"rendered":"https:\/\/www.juescha.de\/shop\/unkategorisiert\/schreibgeraeteetui-3\/"},"modified":"2026-01-21T08:49:26","modified_gmt":"2026-01-21T07:49:26","slug":"schreibgeraeteetui-3","status":"publish","type":"product","link":"https:\/\/www.juescha.de\/de_de\/shop\/alassio\/schreibgeraeteetui-3\/","title":{"rendered":"Schreibger\u00e4teetui"},"content":{"rendered":"<h1>Schreibger\u00e4teetui<\/h1>\n<p>Leder-Etui f\u00fcr zwei Schreibger\u00e4te.<br \/>\nDas Schreibger\u00e4teetui von Alassio ist ein elegantes und praktisches Accessoire f\u00fcr die Aufbewahrung von Schreibutensilien. Es ist in der Farbe Schwarz erh\u00e4ltlich und besteht aus hochwertigem Leder.<br \/>\nDas Etui hat eine rechteckige Form und ist etwa 14 x 4,5 x 2 cm hoch und bietet Platz f\u00fcr mehrere Stifte oder Schreibger\u00e4te, wie zum Beispiel Kugelschreiber, Bleistifte oder F\u00fcllfederhalter.Das Schreibger\u00e4teetui von Alassio ist ein stilvolles und praktisches Accessoire f\u00fcr den t\u00e4glichen Gebrauch oder f\u00fcr Reisen.<\/p>\n","protected":false},"excerpt":{"rendered":"<ul>\n<li>Edles Lederetui in Schwarz<\/li>\n<li>Platz f\u00fcr zwei Schreibger\u00e4te<\/li>\n<li>Ideal f\u00fcr Kugelschreiber oder F\u00fcller<\/li>\n<li>Ma\u00dfe: ca. 14 x 4,5 x 2 cm<\/li>\n<\/ul>\n","protected":false},"featured_media":10487,"template":"","meta":{"inline_featured_image":false},"product_brand":[],"product_cat":[1651],"product_tag":[],"class_list":{"0":"post-27573","1":"product","2":"type-product","3":"status-publish","4":"has-post-thumbnail","6":"product_cat-alassio","8":"first","9":"instock","10":"purchasable","11":"product-type-simple"},"_links":{"self":[{"href":"https:\/\/www.juescha.de\/de_de\/wp-json\/wp\/v2\/product\/27573","targetHints":{"allow":["GET"]}}],"collection":[{"href":"https:\/\/www.juescha.de\/de_de\/wp-json\/wp\/v2\/product"}],"about":[{"href":"https:\/\/www.juescha.de\/de_de\/wp-json\/wp\/v2\/types\/product"}],"version-history":[{"count":0,"href":"https:\/\/www.juescha.de\/de_de\/wp-json\/wp\/v2\/product\/27573\/revisions"}],"wp:featuredmedia":[{"embeddable":true,"href":"https:\/\/www.juescha.de\/de_de\/wp-json\/wp\/v2\/media\/10487"}],"wp:attachment":[{"href":"https:\/\/www.juescha.de\/de_de\/wp-json\/wp\/v2\/media?parent=27573"}],"wp:term":[{"taxonomy":"product_brand","embeddable":true,"href":"https:\/\/www.juescha.de\/de_de\/wp-json\/wp\/v2\/product_brand?post=27573"},{"taxonomy":"product_cat","embeddable":true,"href":"https:\/\/www.juescha.de\/de_de\/wp-json\/wp\/v2\/product_cat?post=27573"},{"taxonomy":"product_tag","embeddable":true,"href":"https:\/\/www.juescha.de\/de_de\/wp-json\/wp\/v2\/product_tag?post=27573"}],"curies":[{"name":"wp","href":"https:\/\/api.w.org\/{rel}","templated":true}]}}