{"id":27572,"date":"2025-04-28T19:53:13","date_gmt":"2025-04-28T17:53:13","guid":{"rendered":"https:\/\/www.juescha.de\/shop\/unkategorisiert\/brillen-etui-5\/"},"modified":"2026-01-21T08:49:26","modified_gmt":"2026-01-21T07:49:26","slug":"brillen-etui-5","status":"publish","type":"product","link":"https:\/\/www.juescha.de\/de_de\/shop\/alassio\/brillen-etui-5\/","title":{"rendered":"Brillen-Etui"},"content":{"rendered":"<h1>Brillen-Etui gro\u00df<\/h1>\n<p>Das Brillen-Etui M in gr\u00fcn von Alassio ist ein stilvolles und praktisches Accessoire, das Ihre Brille oder Sonnenbrille optimal sch\u00fctzt. Das Etui hat eine rechteckige Form und ist aus hochwertigem Leder gefertigt, das strapazierf\u00e4hig und langlebig ist. Die gr\u00fcne Farbe verleiht dem Etui eine frische und moderne Optik und hat eine Gr\u00f6\u00dfe von 16 x 7 x 4 cm und bietet ausreichend Platz f\u00fcr die meisten Brillen- und Sonnenbrillenmodelle. Der Innenraum ist so ausgekleidet, das Kratzer und Besch\u00e4digungen an der Brille verhindert werden. Das Etui wird mit einem praktischen Druckknopfverschluss sicher verschlossen, sodass die Brille sicher aufbewahrt ist.<\/p>\n","protected":false},"excerpt":{"rendered":"<ul>\n<li>Hochwertiges Lederetui in Gr\u00fcn<\/li>\n<li>Sch\u00fctzt Brillen vor Kratzern<\/li>\n<li>Sicherer Druckknopfverschluss<\/li>\n<li>Ma\u00dfe: 16 x 7 x 4 cm<\/li>\n<\/ul>\n","protected":false},"featured_media":10485,"template":"","meta":{"inline_featured_image":false},"product_brand":[],"product_cat":[1651],"product_tag":[],"class_list":{"0":"post-27572","1":"product","2":"type-product","3":"status-publish","4":"has-post-thumbnail","6":"product_cat-alassio","8":"first","9":"instock","10":"purchasable","11":"product-type-simple"},"_links":{"self":[{"href":"https:\/\/www.juescha.de\/de_de\/wp-json\/wp\/v2\/product\/27572","targetHints":{"allow":["GET"]}}],"collection":[{"href":"https:\/\/www.juescha.de\/de_de\/wp-json\/wp\/v2\/product"}],"about":[{"href":"https:\/\/www.juescha.de\/de_de\/wp-json\/wp\/v2\/types\/product"}],"version-history":[{"count":0,"href":"https:\/\/www.juescha.de\/de_de\/wp-json\/wp\/v2\/product\/27572\/revisions"}],"wp:featuredmedia":[{"embeddable":true,"href":"https:\/\/www.juescha.de\/de_de\/wp-json\/wp\/v2\/media\/10485"}],"wp:attachment":[{"href":"https:\/\/www.juescha.de\/de_de\/wp-json\/wp\/v2\/media?parent=27572"}],"wp:term":[{"taxonomy":"product_brand","embeddable":true,"href":"https:\/\/www.juescha.de\/de_de\/wp-json\/wp\/v2\/product_brand?post=27572"},{"taxonomy":"product_cat","embeddable":true,"href":"https:\/\/www.juescha.de\/de_de\/wp-json\/wp\/v2\/product_cat?post=27572"},{"taxonomy":"product_tag","embeddable":true,"href":"https:\/\/www.juescha.de\/de_de\/wp-json\/wp\/v2\/product_tag?post=27572"}],"curies":[{"name":"wp","href":"https:\/\/api.w.org\/{rel}","templated":true}]}}