{"id":27571,"date":"2025-04-28T19:53:13","date_gmt":"2025-04-28T17:53:13","guid":{"rendered":"https:\/\/www.juescha.de\/shop\/unkategorisiert\/brillen-etui-4\/"},"modified":"2026-01-21T08:49:26","modified_gmt":"2026-01-21T07:49:26","slug":"brillen-etui-4","status":"publish","type":"product","link":"https:\/\/www.juescha.de\/de_de\/shop\/alassio\/brillen-etui-4\/","title":{"rendered":"Brillen-Etui"},"content":{"rendered":"<h1>Brillen-Etui gro\u00df<\/h1>\n<p>Das Brillen-Etui M in rosa von Alassio ist ein stilvolles und praktisches Accessoire, das dazu beitr\u00e4gt, Ihre Brille sicher und gesch\u00fctzt aufzubewahren. Das Etui ist aus hochwertigem Leder gefertigt und hat eine rechteckige Form, die es einfach macht, Ihre Brille darin aufzubewahren und mitzunehmen.<br \/>\nDas Etui ist hat einen Druckknopverschluss, der es einfach macht, Ihre Brille sicher aufzubewahren. Das Innere des Etuis verhindert, dass Ihre Brille zerkratzt oder besch\u00e4digt wird. Insgesamt ist das Brillen-Etui M von Alassio ein hochwertiges und ansprechendes Accessoire, das dazu beitr\u00e4gt, Ihre Brille sicher und gesch\u00fctzt aufzubewahren.<\/p>\n","protected":false},"excerpt":{"rendered":"<ul>\n<li>Gro\u00dfes Brillenetui aus hochwertigem Leder in Rosa<\/li>\n<li>Weiches Innenfutter sch\u00fctzt vor Kratzern<\/li>\n<li>Mit praktischem Druckknopfverschluss<\/li>\n<li>Ideal f\u00fcr gr\u00f6\u00dfere Brillen \u2013 stilvoll &#038; funktional<\/li>\n<\/ul>\n","protected":false},"featured_media":10485,"template":"","meta":{"inline_featured_image":false},"product_brand":[],"product_cat":[1651],"product_tag":[],"class_list":{"0":"post-27571","1":"product","2":"type-product","3":"status-publish","4":"has-post-thumbnail","6":"product_cat-alassio","8":"first","9":"instock","10":"purchasable","11":"product-type-simple"},"_links":{"self":[{"href":"https:\/\/www.juescha.de\/de_de\/wp-json\/wp\/v2\/product\/27571","targetHints":{"allow":["GET"]}}],"collection":[{"href":"https:\/\/www.juescha.de\/de_de\/wp-json\/wp\/v2\/product"}],"about":[{"href":"https:\/\/www.juescha.de\/de_de\/wp-json\/wp\/v2\/types\/product"}],"version-history":[{"count":0,"href":"https:\/\/www.juescha.de\/de_de\/wp-json\/wp\/v2\/product\/27571\/revisions"}],"wp:featuredmedia":[{"embeddable":true,"href":"https:\/\/www.juescha.de\/de_de\/wp-json\/wp\/v2\/media\/10485"}],"wp:attachment":[{"href":"https:\/\/www.juescha.de\/de_de\/wp-json\/wp\/v2\/media?parent=27571"}],"wp:term":[{"taxonomy":"product_brand","embeddable":true,"href":"https:\/\/www.juescha.de\/de_de\/wp-json\/wp\/v2\/product_brand?post=27571"},{"taxonomy":"product_cat","embeddable":true,"href":"https:\/\/www.juescha.de\/de_de\/wp-json\/wp\/v2\/product_cat?post=27571"},{"taxonomy":"product_tag","embeddable":true,"href":"https:\/\/www.juescha.de\/de_de\/wp-json\/wp\/v2\/product_tag?post=27571"}],"curies":[{"name":"wp","href":"https:\/\/api.w.org\/{rel}","templated":true}]}}