{"id":27569,"date":"2025-04-28T19:53:12","date_gmt":"2025-04-28T17:53:12","guid":{"rendered":"https:\/\/www.juescha.de\/shop\/unkategorisiert\/brillen-etui-2\/"},"modified":"2026-01-21T08:49:26","modified_gmt":"2026-01-21T07:49:26","slug":"brillen-etui-2","status":"publish","type":"product","link":"https:\/\/www.juescha.de\/de_de\/shop\/alassio\/brillen-etui-2\/","title":{"rendered":"Brillen-Etui"},"content":{"rendered":"<h1>Brillen-Etui klein<\/h1>\n<p>Das Brillen-Etui S von Alassio ist ein praktisches Accessoire f\u00fcr Menschen, die ihre Brille aufbewahren und sch\u00fctzen m\u00f6chten. Es ist in einer sch\u00f6nen rosa Farbe erh\u00e4ltlich und besteht aus hochwertigem Leder, das langlebig und strapazierf\u00e4hig ist.<br \/>\nDas Etui hat eine Gr\u00f6\u00dfe von 16 x 5,5 x 3 cm und ist somit perfekt f\u00fcr die meisten Brillen geeignet. Es verf\u00fcgt \u00fcber einen robusten Druckknopfverschluss, der die Brille sicher und gesch\u00fctzt h\u00e4lt. Das Innenfutter ist aus weichem Velours gefertigt, das die Brille vor Kratzern und Besch\u00e4digungen sch\u00fctzt.<\/p>\n","protected":false},"excerpt":{"rendered":"<ul>\n<li>Kompaktes Brillenetui aus hochwertigem Leder<\/li>\n<li>Mit weichem Veloursfutter zum Schutz vor Kratzern<\/li>\n<li>Sicherer Druckknopfverschluss<\/li>\n<li>Ma\u00dfe: 16 x 5,5 x 3 cm, Farbe: Rosa<\/li>\n<\/ul>\n","protected":false},"featured_media":10483,"template":"","meta":{"inline_featured_image":false},"product_brand":[],"product_cat":[1651],"product_tag":[],"class_list":{"0":"post-27569","1":"product","2":"type-product","3":"status-publish","4":"has-post-thumbnail","6":"product_cat-alassio","8":"first","9":"instock","10":"purchasable","11":"product-type-simple"},"_links":{"self":[{"href":"https:\/\/www.juescha.de\/de_de\/wp-json\/wp\/v2\/product\/27569","targetHints":{"allow":["GET"]}}],"collection":[{"href":"https:\/\/www.juescha.de\/de_de\/wp-json\/wp\/v2\/product"}],"about":[{"href":"https:\/\/www.juescha.de\/de_de\/wp-json\/wp\/v2\/types\/product"}],"version-history":[{"count":0,"href":"https:\/\/www.juescha.de\/de_de\/wp-json\/wp\/v2\/product\/27569\/revisions"}],"wp:featuredmedia":[{"embeddable":true,"href":"https:\/\/www.juescha.de\/de_de\/wp-json\/wp\/v2\/media\/10483"}],"wp:attachment":[{"href":"https:\/\/www.juescha.de\/de_de\/wp-json\/wp\/v2\/media?parent=27569"}],"wp:term":[{"taxonomy":"product_brand","embeddable":true,"href":"https:\/\/www.juescha.de\/de_de\/wp-json\/wp\/v2\/product_brand?post=27569"},{"taxonomy":"product_cat","embeddable":true,"href":"https:\/\/www.juescha.de\/de_de\/wp-json\/wp\/v2\/product_cat?post=27569"},{"taxonomy":"product_tag","embeddable":true,"href":"https:\/\/www.juescha.de\/de_de\/wp-json\/wp\/v2\/product_tag?post=27569"}],"curies":[{"name":"wp","href":"https:\/\/api.w.org\/{rel}","templated":true}]}}