{"id":27568,"date":"2025-04-28T19:53:12","date_gmt":"2025-04-28T17:53:12","guid":{"rendered":"https:\/\/www.juescha.de\/shop\/unkategorisiert\/brillen-etui\/"},"modified":"2026-01-21T08:49:26","modified_gmt":"2026-01-21T07:49:26","slug":"brillen-etui","status":"publish","type":"product","link":"https:\/\/www.juescha.de\/de_de\/shop\/alassio\/brillen-etui\/","title":{"rendered":"Brillen-Etui"},"content":{"rendered":"<h1>Brillen-Etui klein<\/h1>\n<p>Das Brillen-Etui S in blau von Alassio ist ein stilvolles Accessoire zum Aufbewahren von Brillen. Es ist aus hochwertigem Leder gefertigt und verf\u00fcgt \u00fcber eine praktische Klappverschluss-Funktion, die das Etui sicher verschlie\u00dft. Die Ma\u00dfe des Etuis betragen 16 x 5,5 x 3 cm.<br \/>\nDas Etui ist in einem tiefen Blauton gehalten, der elegant und zeitlos wirkt.Insgesamt ist das Brillen-Etui S in blau von Alassio eine praktische und stilvolle Wahl f\u00fcr die Aufbewahrung von Brillen zu sein.<\/p>\n","protected":false},"excerpt":{"rendered":"<ul>\n<li>Kompaktes Etui aus hochwertigem Leder<\/li>\n<li>Praktischer Klappverschluss<\/li>\n<li>Ma\u00dfe: 16 x 5,5 x 3 cm<\/li>\n<li>Eleganter Blauton mit zeitlosem Design<\/li>\n<\/ul>\n","protected":false},"featured_media":10483,"template":"","meta":{"inline_featured_image":false},"product_brand":[],"product_cat":[1651],"product_tag":[],"class_list":{"0":"post-27568","1":"product","2":"type-product","3":"status-publish","4":"has-post-thumbnail","6":"product_cat-alassio","8":"first","9":"instock","10":"purchasable","11":"product-type-simple"},"_links":{"self":[{"href":"https:\/\/www.juescha.de\/de_de\/wp-json\/wp\/v2\/product\/27568","targetHints":{"allow":["GET"]}}],"collection":[{"href":"https:\/\/www.juescha.de\/de_de\/wp-json\/wp\/v2\/product"}],"about":[{"href":"https:\/\/www.juescha.de\/de_de\/wp-json\/wp\/v2\/types\/product"}],"version-history":[{"count":0,"href":"https:\/\/www.juescha.de\/de_de\/wp-json\/wp\/v2\/product\/27568\/revisions"}],"wp:featuredmedia":[{"embeddable":true,"href":"https:\/\/www.juescha.de\/de_de\/wp-json\/wp\/v2\/media\/10483"}],"wp:attachment":[{"href":"https:\/\/www.juescha.de\/de_de\/wp-json\/wp\/v2\/media?parent=27568"}],"wp:term":[{"taxonomy":"product_brand","embeddable":true,"href":"https:\/\/www.juescha.de\/de_de\/wp-json\/wp\/v2\/product_brand?post=27568"},{"taxonomy":"product_cat","embeddable":true,"href":"https:\/\/www.juescha.de\/de_de\/wp-json\/wp\/v2\/product_cat?post=27568"},{"taxonomy":"product_tag","embeddable":true,"href":"https:\/\/www.juescha.de\/de_de\/wp-json\/wp\/v2\/product_tag?post=27568"}],"curies":[{"name":"wp","href":"https:\/\/api.w.org\/{rel}","templated":true}]}}