{"id":27566,"date":"2025-04-28T19:53:12","date_gmt":"2025-04-28T17:53:12","guid":{"rendered":"https:\/\/www.juescha.de\/shop\/unkategorisiert\/visitenkartenalbum\/"},"modified":"2026-01-21T08:49:12","modified_gmt":"2026-01-21T07:49:12","slug":"visitenkartenalbum","status":"publish","type":"product","link":"https:\/\/www.juescha.de\/de_de\/shop\/alassio\/visitenkartenalbum\/","title":{"rendered":"Visitenkartenalbum"},"content":{"rendered":"<h1>Visitenkartenalbum <\/h1>\n<p>F\u00fcr ca. 120 Karten.<br \/>\nDas Visitenkartenalbum in schwarz von Alassio ist ein hochwertiges Accessoire f\u00fcr die Aufbewahrung von Visitenkarten. Es ist aus robustem FINEtouch-Lederimitat gefertigt und hat eine edle schwarze Farbe.<br \/>\nDas Album bietet Platz f\u00fcr bis zu 120 Visitenkarten. Es verf\u00fcgt \u00fcber transparente H\u00fcllen mit F\u00e4chern, in denen die Visitenkarten sicher aufbewahrt werden k\u00f6nnen.<\/p>\n","protected":false},"excerpt":{"rendered":"<ul>\n<li>Platz f\u00fcr ca. 120 Visitenkarten<\/li>\n<li>Hochwertiges FINEtouch-Lederimitat<\/li>\n<li>Transparente H\u00fcllen f\u00fcr gute \u00dcbersicht<\/li>\n<li>Elegantes Design in Schwarz<\/li>\n<\/ul>\n","protected":false},"featured_media":10481,"template":"","meta":{"inline_featured_image":false},"product_brand":[],"product_cat":[1651],"product_tag":[],"class_list":{"0":"post-27566","1":"product","2":"type-product","3":"status-publish","4":"has-post-thumbnail","6":"product_cat-alassio","8":"first","9":"instock","10":"purchasable","11":"product-type-simple"},"_links":{"self":[{"href":"https:\/\/www.juescha.de\/de_de\/wp-json\/wp\/v2\/product\/27566","targetHints":{"allow":["GET"]}}],"collection":[{"href":"https:\/\/www.juescha.de\/de_de\/wp-json\/wp\/v2\/product"}],"about":[{"href":"https:\/\/www.juescha.de\/de_de\/wp-json\/wp\/v2\/types\/product"}],"version-history":[{"count":0,"href":"https:\/\/www.juescha.de\/de_de\/wp-json\/wp\/v2\/product\/27566\/revisions"}],"wp:featuredmedia":[{"embeddable":true,"href":"https:\/\/www.juescha.de\/de_de\/wp-json\/wp\/v2\/media\/10481"}],"wp:attachment":[{"href":"https:\/\/www.juescha.de\/de_de\/wp-json\/wp\/v2\/media?parent=27566"}],"wp:term":[{"taxonomy":"product_brand","embeddable":true,"href":"https:\/\/www.juescha.de\/de_de\/wp-json\/wp\/v2\/product_brand?post=27566"},{"taxonomy":"product_cat","embeddable":true,"href":"https:\/\/www.juescha.de\/de_de\/wp-json\/wp\/v2\/product_cat?post=27566"},{"taxonomy":"product_tag","embeddable":true,"href":"https:\/\/www.juescha.de\/de_de\/wp-json\/wp\/v2\/product_tag?post=27566"}],"curies":[{"name":"wp","href":"https:\/\/api.w.org\/{rel}","templated":true}]}}