{"id":27565,"date":"2025-04-28T19:53:12","date_gmt":"2025-04-28T17:53:12","guid":{"rendered":"https:\/\/www.juescha.de\/shop\/unkategorisiert\/ersatzeinlagen\/"},"modified":"2026-01-21T08:49:30","modified_gmt":"2026-01-21T07:49:30","slug":"ersatzeinlagen","status":"publish","type":"product","link":"https:\/\/www.juescha.de\/de_de\/shop\/alassio\/ersatzeinlagen\/","title":{"rendered":"Ersatzeinlagen"},"content":{"rendered":"<h1>Ersatzeinlagen <\/h1>\n<p>10 Blatt f\u00fcr Artikel 44007\/41008<br \/>\nDie Ersatzeinlagen von Alassio sind transparente PVC-Einlagen, die speziell f\u00fcr die Alassio Visitenkarten-Ringb\u00fccher 44007 und 41008 entwickelt wurden. Sie k\u00f6nnen einfach in die Ringbuchmechanik eingelegt werden.Die Einlagen sind aus hochwertigem PVC-Material gefertigt, das robust und langlebig ist. Das transparente Design erm\u00f6glicht eine klare Sicht auf die Dokumente und erleichtert so das schnelle Auffinden von Informationen.Sie werden in Paketen von 10 St\u00fcck verkauft und k\u00f6nnen einzeln nachbestellt werden.<br \/>\nInsgesamt sind die Ersatzeinlagen von Alassio eine gute Wahl f\u00fcr alle zu sein, die ihre Ringb\u00fccher und Ordner aufger\u00e4umt und organisiert halten m\u00f6chten. Sie sind robust, langlebig und bieten eine klare Sicht auf die Dokumente, was sie zu einem praktischen Accessoire f\u00fcr den B\u00fcroalltag macht.<\/p>\n","protected":false},"excerpt":{"rendered":"<ul>\n<li>10 transparente Einlagen aus PVC<\/li>\n<li>Passend f\u00fcr Alassio Ringb\u00fccher 44007\/41008<\/li>\n<li>Robust und langlebig<\/li>\n<li>Klare Sicht auf Visitenkarten &#038; Dokumente<\/li>\n<\/ul>\n","protected":false},"featured_media":10478,"template":"","meta":{"inline_featured_image":false},"product_brand":[],"product_cat":[1651],"product_tag":[],"class_list":{"0":"post-27565","1":"product","2":"type-product","3":"status-publish","4":"has-post-thumbnail","6":"product_cat-alassio","8":"first","9":"instock","10":"purchasable","11":"product-type-simple"},"_links":{"self":[{"href":"https:\/\/www.juescha.de\/de_de\/wp-json\/wp\/v2\/product\/27565","targetHints":{"allow":["GET"]}}],"collection":[{"href":"https:\/\/www.juescha.de\/de_de\/wp-json\/wp\/v2\/product"}],"about":[{"href":"https:\/\/www.juescha.de\/de_de\/wp-json\/wp\/v2\/types\/product"}],"version-history":[{"count":0,"href":"https:\/\/www.juescha.de\/de_de\/wp-json\/wp\/v2\/product\/27565\/revisions"}],"wp:featuredmedia":[{"embeddable":true,"href":"https:\/\/www.juescha.de\/de_de\/wp-json\/wp\/v2\/media\/10478"}],"wp:attachment":[{"href":"https:\/\/www.juescha.de\/de_de\/wp-json\/wp\/v2\/media?parent=27565"}],"wp:term":[{"taxonomy":"product_brand","embeddable":true,"href":"https:\/\/www.juescha.de\/de_de\/wp-json\/wp\/v2\/product_brand?post=27565"},{"taxonomy":"product_cat","embeddable":true,"href":"https:\/\/www.juescha.de\/de_de\/wp-json\/wp\/v2\/product_cat?post=27565"},{"taxonomy":"product_tag","embeddable":true,"href":"https:\/\/www.juescha.de\/de_de\/wp-json\/wp\/v2\/product_tag?post=27565"}],"curies":[{"name":"wp","href":"https:\/\/api.w.org\/{rel}","templated":true}]}}