{"id":27562,"date":"2025-04-28T19:53:10","date_gmt":"2025-04-28T17:53:10","guid":{"rendered":"https:\/\/www.juescha.de\/shop\/unkategorisiert\/schreibgeraeteetui-2\/"},"modified":"2026-01-21T08:49:25","modified_gmt":"2026-01-21T07:49:25","slug":"schreibgeraeteetui-2","status":"publish","type":"product","link":"https:\/\/www.juescha.de\/de_de\/shop\/alassio\/schreibgeraeteetui-2\/","title":{"rendered":"Schreibger\u00e4teetui"},"content":{"rendered":"<h1>Schreibger\u00e4teetui <\/h1>\n<p>Rei\u00dfverschluss, f\u00fcr zwei Stifte. Ohne Inhalt.<br \/>\nDas Schreibger\u00e4teetui in rot von Alassio bietet Platz f\u00fcr Stifte, Radiergummi und Lineal und ist mit einem Rei\u00dfverschluss verschlie\u00dfbar. Es hat eine Gr\u00f6\u00dfe von 17 x 5 x 2 cm und ist mit einem sch\u00f6nen roten Design aus Polyester gefertigt.<br \/>\nDas Innenfutter des Etuis ist mit einem weichen Material ausgekleidet, das die Schreibger\u00e4te vor Kratzern und Besch\u00e4digungen sch\u00fctzt.<br \/>\nInsgesamt ist es eine gro\u00dfartige Wahl f\u00fcr alle, die nach einem stilvollen und funktionalen Etui suchen, um ihre Schreibger\u00e4te sicher aufzubewahren.<\/p>\n","protected":false},"excerpt":{"rendered":"<ul>\n<li>Rotes Etui aus Polyester<\/li>\n<li>F\u00fcr zwei Stifte, mit Rei\u00dfverschluss<\/li>\n<li>Weiches Innenfutter<\/li>\n<li>Ma\u00dfe: 17 x 5 x 2 cm<\/li>\n<\/ul>\n","protected":false},"featured_media":10470,"template":"","meta":{"inline_featured_image":false},"product_brand":[],"product_cat":[1651],"product_tag":[],"class_list":{"0":"post-27562","1":"product","2":"type-product","3":"status-publish","4":"has-post-thumbnail","6":"product_cat-alassio","8":"first","9":"instock","10":"purchasable","11":"product-type-simple"},"_links":{"self":[{"href":"https:\/\/www.juescha.de\/de_de\/wp-json\/wp\/v2\/product\/27562","targetHints":{"allow":["GET"]}}],"collection":[{"href":"https:\/\/www.juescha.de\/de_de\/wp-json\/wp\/v2\/product"}],"about":[{"href":"https:\/\/www.juescha.de\/de_de\/wp-json\/wp\/v2\/types\/product"}],"version-history":[{"count":0,"href":"https:\/\/www.juescha.de\/de_de\/wp-json\/wp\/v2\/product\/27562\/revisions"}],"wp:featuredmedia":[{"embeddable":true,"href":"https:\/\/www.juescha.de\/de_de\/wp-json\/wp\/v2\/media\/10470"}],"wp:attachment":[{"href":"https:\/\/www.juescha.de\/de_de\/wp-json\/wp\/v2\/media?parent=27562"}],"wp:term":[{"taxonomy":"product_brand","embeddable":true,"href":"https:\/\/www.juescha.de\/de_de\/wp-json\/wp\/v2\/product_brand?post=27562"},{"taxonomy":"product_cat","embeddable":true,"href":"https:\/\/www.juescha.de\/de_de\/wp-json\/wp\/v2\/product_cat?post=27562"},{"taxonomy":"product_tag","embeddable":true,"href":"https:\/\/www.juescha.de\/de_de\/wp-json\/wp\/v2\/product_tag?post=27562"}],"curies":[{"name":"wp","href":"https:\/\/api.w.org\/{rel}","templated":true}]}}