{"id":27560,"date":"2025-04-28T19:53:10","date_gmt":"2025-04-28T17:53:10","guid":{"rendered":"https:\/\/www.juescha.de\/shop\/unkategorisiert\/schreibmappe-a4-balocco\/"},"modified":"2026-01-21T08:49:13","modified_gmt":"2026-01-21T07:49:13","slug":"schreibmappe-a4-balocco","status":"publish","type":"product","link":"https:\/\/www.juescha.de\/de_de\/shop\/alassio\/schreibmappe-a4-balocco\/","title":{"rendered":"Schreibmappe A4 BALOCCO"},"content":{"rendered":"<h1>Schreibmappe A4 BALOCCO <\/h1>\n<p>Block, Visitenkartenfach, kleines Einschubfach, Stiftschlaufe, A4 Einschubfach.<br \/>\nDie Schreibmappe A4 Balocco in rot von Alassio ist eine elegante und praktische L\u00f6sung f\u00fcr die Aufbewahrung von Dokumenten und Schreibutensilien. Die Schreibmappe ist aus hochwertigem Polyester gefertigt und hat eine glatte, gl\u00e4nzende Oberfl\u00e4che in leuchtendem Rot. Die Schreibmappe hat eine Gr\u00f6\u00dfe von 31,5 x 25 x 2 cm.<br \/>\nIm Inneren der Schreibmappe gibt es ein Fach Visitenkarten und Dokumente sowie eine Stiftschlaufe. <\/p>\n","protected":false},"excerpt":{"rendered":"<ul>\n<li>Aus robustem Polyester in leuchtendem Rot<\/li>\n<li>Inklusive A4-Block und Stiftschlaufe<\/li>\n<li>Visitenkarten- und Einschubf\u00e4cher<\/li>\n<li>Kompakt: 31,5 x 25 x 2 cm<\/li>\n<\/ul>\n","protected":false},"featured_media":10467,"template":"","meta":{"inline_featured_image":false},"product_brand":[],"product_cat":[1651],"product_tag":[],"class_list":{"0":"post-27560","1":"product","2":"type-product","3":"status-publish","4":"has-post-thumbnail","6":"product_cat-alassio","8":"first","9":"instock","10":"purchasable","11":"product-type-simple"},"_links":{"self":[{"href":"https:\/\/www.juescha.de\/de_de\/wp-json\/wp\/v2\/product\/27560","targetHints":{"allow":["GET"]}}],"collection":[{"href":"https:\/\/www.juescha.de\/de_de\/wp-json\/wp\/v2\/product"}],"about":[{"href":"https:\/\/www.juescha.de\/de_de\/wp-json\/wp\/v2\/types\/product"}],"version-history":[{"count":0,"href":"https:\/\/www.juescha.de\/de_de\/wp-json\/wp\/v2\/product\/27560\/revisions"}],"wp:featuredmedia":[{"embeddable":true,"href":"https:\/\/www.juescha.de\/de_de\/wp-json\/wp\/v2\/media\/10467"}],"wp:attachment":[{"href":"https:\/\/www.juescha.de\/de_de\/wp-json\/wp\/v2\/media?parent=27560"}],"wp:term":[{"taxonomy":"product_brand","embeddable":true,"href":"https:\/\/www.juescha.de\/de_de\/wp-json\/wp\/v2\/product_brand?post=27560"},{"taxonomy":"product_cat","embeddable":true,"href":"https:\/\/www.juescha.de\/de_de\/wp-json\/wp\/v2\/product_cat?post=27560"},{"taxonomy":"product_tag","embeddable":true,"href":"https:\/\/www.juescha.de\/de_de\/wp-json\/wp\/v2\/product_tag?post=27560"}],"curies":[{"name":"wp","href":"https:\/\/api.w.org\/{rel}","templated":true}]}}