{"id":27559,"date":"2025-04-28T19:53:10","date_gmt":"2025-04-28T17:53:10","guid":{"rendered":"https:\/\/www.juescha.de\/shop\/unkategorisiert\/schreibmappe-a4-monaco\/"},"modified":"2026-01-21T08:49:18","modified_gmt":"2026-01-21T07:49:18","slug":"schreibmappe-a4-monaco","status":"publish","type":"product","link":"https:\/\/www.juescha.de\/de_de\/shop\/alassio\/schreibmappe-a4-monaco\/","title":{"rendered":"Schreibmappe A4 MONACO"},"content":{"rendered":"<h1>Schreibmappe A4 MONACO <\/h1>\n<p>Umlaufender Rei\u00dfverschluss. Dehnfaltenfach, zwei Einschubf\u00e4cher, sechs Visitenkartenf\u00e4chern,Stiftschlaufe, A4 Block.<br \/>\nDie Schreibmappe A4 Monaco in dunkelbraun-antik von Alassio ist eine hochwertige und stilvolle Mappe, die aus pflanzlich gegerbtem Leder gefertigt wurde. Sie ist ger\u00e4umig genug, um Dokumente im A4-Format, Visitenkarten, Stifte und andere Schreibutensilien aufzubewahren.<br \/>\nIm Inneren gibt es eine Schreibunterlage mit Block sowie mehrere F\u00e4cher und Taschen f\u00fcr Visitenkarten und einer Stiftschlaufe. Die Schreibmappe ist ideal f\u00fcr den Einsatz im B\u00fcro, auf Reisen oder in Meetings. Sie bietet eine stilvolle und praktische M\u00f6glichkeit, Dokumente und Schreibutensilien sicher und geordnet aufzubewahren.<br \/>\nInsgesamt ist die Schreibmappe A4 Monaco in dunkelbraun-antik von Alassio eine stilvolle und praktische Wahl f\u00fcr jeden, der Dokumente und Schreibutensilien sicher und geordnet aufbewahren m\u00f6chte.<\/p>\n","protected":false},"excerpt":{"rendered":"<ul>\n<li>Edles Leder in Dunkelbraun-Antik<\/li>\n<li>Umlaufender Rei\u00dfverschluss<\/li>\n<li>A4-Block, Einschub- &#038; Visitenkartenf\u00e4cher<\/li>\n<li>Ideal f\u00fcr B\u00fcro, Meeting &#038; Reise<\/li>\n<\/ul>\n","protected":false},"featured_media":10462,"template":"","meta":{"inline_featured_image":false},"product_brand":[],"product_cat":[1651],"product_tag":[],"class_list":{"0":"post-27559","1":"product","2":"type-product","3":"status-publish","4":"has-post-thumbnail","6":"product_cat-alassio","8":"first","9":"instock","10":"purchasable","11":"product-type-simple"},"_links":{"self":[{"href":"https:\/\/www.juescha.de\/de_de\/wp-json\/wp\/v2\/product\/27559","targetHints":{"allow":["GET"]}}],"collection":[{"href":"https:\/\/www.juescha.de\/de_de\/wp-json\/wp\/v2\/product"}],"about":[{"href":"https:\/\/www.juescha.de\/de_de\/wp-json\/wp\/v2\/types\/product"}],"version-history":[{"count":0,"href":"https:\/\/www.juescha.de\/de_de\/wp-json\/wp\/v2\/product\/27559\/revisions"}],"wp:featuredmedia":[{"embeddable":true,"href":"https:\/\/www.juescha.de\/de_de\/wp-json\/wp\/v2\/media\/10462"}],"wp:attachment":[{"href":"https:\/\/www.juescha.de\/de_de\/wp-json\/wp\/v2\/media?parent=27559"}],"wp:term":[{"taxonomy":"product_brand","embeddable":true,"href":"https:\/\/www.juescha.de\/de_de\/wp-json\/wp\/v2\/product_brand?post=27559"},{"taxonomy":"product_cat","embeddable":true,"href":"https:\/\/www.juescha.de\/de_de\/wp-json\/wp\/v2\/product_cat?post=27559"},{"taxonomy":"product_tag","embeddable":true,"href":"https:\/\/www.juescha.de\/de_de\/wp-json\/wp\/v2\/product_tag?post=27559"}],"curies":[{"name":"wp","href":"https:\/\/api.w.org\/{rel}","templated":true}]}}