{"id":27556,"date":"2025-04-28T19:53:09","date_gmt":"2025-04-28T17:53:09","guid":{"rendered":"https:\/\/www.juescha.de\/shop\/unkategorisiert\/faechermappe-a4-vado\/"},"modified":"2026-01-21T08:49:13","modified_gmt":"2026-01-21T07:49:13","slug":"faechermappe-a4-vado","status":"publish","type":"product","link":"https:\/\/www.juescha.de\/de_de\/shop\/alassio\/faechermappe-a4-vado\/","title":{"rendered":"F\u00e4chermappe A4 VADO"},"content":{"rendered":"<h1>F\u00e4chermappe A4 VADO <\/h1>\n<p>Zw\u00f6lf F\u00e4cher, Rei\u00dfverschlussfach, vier Visitenkartenf\u00e4cher, drei Stiftschlaufen, zwei Einsteckf\u00e4cher, Block, Klettverschluss. F\u00dcR LINKS- UND RECHTSH\u00c4NDER GEEIGNET!<br \/>\nDie F\u00e4chermappe A4 Vado von Alassio ist eine schwarze Aktentasche, die aus hochwertigem Lederimitat hergestellt ist. Die Mappe ist sehr ger\u00e4umig und bietet gen\u00fcgend Platz f\u00fcr Dokumente im A4-Format.<br \/>\nEs gibt ein gro\u00dfes Rei\u00dfverschlussfach, das perfekt geeignet ist, um schnell und einfach auf wichtige Dokumente zuzugreifen.<br \/>\nIm Inneren der Mappe befinden sich mehrere F\u00e4cher f\u00fcr Visitenkarten sowie drei Stiftschlaufen.<br \/>\nDie F\u00e4chermappe A4 Vado ist ein perfekter Begleiter f\u00fcr Gesch\u00e4ftsreisen, Meetings oder einfach f\u00fcr den t\u00e4glichen Gebrauch im B\u00fcro. Sie ist robust, langlebig und elegant und bietet gen\u00fcgend Platz f\u00fcr alles, was man f\u00fcr den Gesch\u00e4ftsalltag braucht.<\/p>\n","protected":false},"excerpt":{"rendered":"<ul>\n<li>12 A4-F\u00e4cher zur Dokumentenaufbewahrung<\/li>\n<li>Rei\u00dfverschlussfach &#038; Klettverschluss<\/li>\n<li>Visitenkarten- &#038; Stiftschlaufen innen<\/li>\n<li>F\u00fcr Links- und Rechtsh\u00e4nder geeignet<\/li>\n<\/ul>\n","protected":false},"featured_media":10454,"template":"","meta":{"inline_featured_image":false},"product_brand":[],"product_cat":[1651],"product_tag":[],"class_list":{"0":"post-27556","1":"product","2":"type-product","3":"status-publish","4":"has-post-thumbnail","6":"product_cat-alassio","8":"first","9":"instock","10":"purchasable","11":"product-type-simple"},"_links":{"self":[{"href":"https:\/\/www.juescha.de\/de_de\/wp-json\/wp\/v2\/product\/27556","targetHints":{"allow":["GET"]}}],"collection":[{"href":"https:\/\/www.juescha.de\/de_de\/wp-json\/wp\/v2\/product"}],"about":[{"href":"https:\/\/www.juescha.de\/de_de\/wp-json\/wp\/v2\/types\/product"}],"version-history":[{"count":0,"href":"https:\/\/www.juescha.de\/de_de\/wp-json\/wp\/v2\/product\/27556\/revisions"}],"wp:featuredmedia":[{"embeddable":true,"href":"https:\/\/www.juescha.de\/de_de\/wp-json\/wp\/v2\/media\/10454"}],"wp:attachment":[{"href":"https:\/\/www.juescha.de\/de_de\/wp-json\/wp\/v2\/media?parent=27556"}],"wp:term":[{"taxonomy":"product_brand","embeddable":true,"href":"https:\/\/www.juescha.de\/de_de\/wp-json\/wp\/v2\/product_brand?post=27556"},{"taxonomy":"product_cat","embeddable":true,"href":"https:\/\/www.juescha.de\/de_de\/wp-json\/wp\/v2\/product_cat?post=27556"},{"taxonomy":"product_tag","embeddable":true,"href":"https:\/\/www.juescha.de\/de_de\/wp-json\/wp\/v2\/product_tag?post=27556"}],"curies":[{"name":"wp","href":"https:\/\/api.w.org\/{rel}","templated":true}]}}