{"id":27555,"date":"2025-04-28T19:53:09","date_gmt":"2025-04-28T17:53:09","guid":{"rendered":"https:\/\/www.juescha.de\/shop\/unkategorisiert\/klemmbrett\/"},"modified":"2026-01-21T08:48:31","modified_gmt":"2026-01-21T07:48:31","slug":"klemmbrett","status":"publish","type":"product","link":"https:\/\/www.juescha.de\/de_de\/shop\/alassio\/klemmbrett\/","title":{"rendered":"Klemmbrett"},"content":{"rendered":"<h1>Klemmbrett <\/h1>\n<p>Klemmbrett mit abnehmbarem Dual-Power-Rechner.<br \/>\nDas Klemmbrett in schwarz von Alassio ist ein praktisches Utensil f\u00fcr Menschen, die oft unterwegs sind und Notizen machen m\u00fcssen. Es ist aus robustem ABS-Kunststoff gefertigt und verf\u00fcgt \u00fcber eine stabile Klemme, die Papier und andere Dokumente sicher festh\u00e4lt.Das Modell verf\u00fcgt \u00fcber einenTaschenrechner um die Produktivit\u00e4t zu erh\u00f6hen und das Arbeiten noch einfacher zu gestalten.<br \/>\nInsgesamt ist das Klemmbrett von Alassio eine praktische und zuverl\u00e4ssige Wahl f\u00fcr Menschen, die viel unterwegs sind oder oft Notizen machen m\u00fcssen.<\/p>\n","protected":false},"excerpt":{"rendered":"<ul>\n<li>Stabiles Klemmbrett im A4-Format<\/li>\n<li>Abnehmbarer Taschenrechner<\/li>\n<li>Ideal f\u00fcr mobiles Arbeiten, Schule &#038; Au\u00dfendienst<\/li>\n<li>Gefertigt aus strapazierf\u00e4higem ABS-Kunststoff<\/li>\n<\/ul>\n","protected":false},"featured_media":10451,"template":"","meta":{"inline_featured_image":false},"product_brand":[],"product_cat":[1651],"product_tag":[],"class_list":{"0":"post-27555","1":"product","2":"type-product","3":"status-publish","4":"has-post-thumbnail","6":"product_cat-alassio","8":"first","9":"instock","10":"purchasable","11":"product-type-simple"},"_links":{"self":[{"href":"https:\/\/www.juescha.de\/de_de\/wp-json\/wp\/v2\/product\/27555","targetHints":{"allow":["GET"]}}],"collection":[{"href":"https:\/\/www.juescha.de\/de_de\/wp-json\/wp\/v2\/product"}],"about":[{"href":"https:\/\/www.juescha.de\/de_de\/wp-json\/wp\/v2\/types\/product"}],"version-history":[{"count":0,"href":"https:\/\/www.juescha.de\/de_de\/wp-json\/wp\/v2\/product\/27555\/revisions"}],"wp:featuredmedia":[{"embeddable":true,"href":"https:\/\/www.juescha.de\/de_de\/wp-json\/wp\/v2\/media\/10451"}],"wp:attachment":[{"href":"https:\/\/www.juescha.de\/de_de\/wp-json\/wp\/v2\/media?parent=27555"}],"wp:term":[{"taxonomy":"product_brand","embeddable":true,"href":"https:\/\/www.juescha.de\/de_de\/wp-json\/wp\/v2\/product_brand?post=27555"},{"taxonomy":"product_cat","embeddable":true,"href":"https:\/\/www.juescha.de\/de_de\/wp-json\/wp\/v2\/product_cat?post=27555"},{"taxonomy":"product_tag","embeddable":true,"href":"https:\/\/www.juescha.de\/de_de\/wp-json\/wp\/v2\/product_tag?post=27555"}],"curies":[{"name":"wp","href":"https:\/\/api.w.org\/{rel}","templated":true}]}}