{"id":27553,"date":"2025-04-28T19:53:09","date_gmt":"2025-04-28T17:53:09","guid":{"rendered":"https:\/\/www.juescha.de\/shop\/unkategorisiert\/schreibmappe-a4-fano\/"},"modified":"2026-01-21T08:49:16","modified_gmt":"2026-01-21T07:49:16","slug":"schreibmappe-a4-fano","status":"publish","type":"product","link":"https:\/\/www.juescha.de\/de_de\/shop\/alassio\/schreibmappe-a4-fano\/","title":{"rendered":"Schreibmappe A4 FANO"},"content":{"rendered":"<h1>Schreibmappe A4 FANO <\/h1>\n<p>Lasche mit Druckknopfverschluss, A4 Einschubfach. Innen: Block, Stiftschlaufe, Visitenkartenfach, zwei A4 Einschubf\u00e4cher.<br \/>\nDie A4 Schreibmappe Fano von Alassio ist eine elegante und praktische Wahl f\u00fcr den B\u00fcroalltag oder Gesch\u00e4ftsreisen. Die Mappe ist in schwarzem FINEtouch-Lederimitat gefertigt und hat eine Gr\u00f6\u00dfe von 32 x 26,5 x 2 cm.<br \/>\nIm Inneren der Mappe befinden sich zahlreiche F\u00e4cher und Taschen, um alle wichtigen Dokumente und Utensilien geordnet aufzubewahren. Es gibt eine A4-Schreibblockhalterung sowie ein gro\u00dfes Einsteckfach f\u00fcr Dokumente. Zudem gibt es ein Kartenfach und eine Stiftschlaufe. Geschlossen wird die Mappe mit einem Druckknopfverschluss. Die Schreibmappe Fano von Alassio ist eine stilvolle und praktische Wahl f\u00fcr alle, die Wert auf Organisation und Eleganz legen.<\/p>\n","protected":false},"excerpt":{"rendered":"<ul>\n<li>Schreibmappe DIN A4-Format<\/li>\n<li>Praktischer Druckknopfverschluss<\/li>\n<li>Inkl. Schreibblock, Stiftschlaufe und Visitenkartenfach<\/li>\n<li>Zwei gro\u00dfe A4-Einschubf\u00e4cher<\/li>\n<li>B\u00fcro und Gesch\u00e4ftsreisen<\/li>\n<\/ul>\n","protected":false},"featured_media":10449,"template":"","meta":{"inline_featured_image":false},"product_brand":[],"product_cat":[1651],"product_tag":[],"class_list":{"0":"post-27553","1":"product","2":"type-product","3":"status-publish","4":"has-post-thumbnail","6":"product_cat-alassio","8":"first","9":"instock","10":"purchasable","11":"product-type-simple"},"_links":{"self":[{"href":"https:\/\/www.juescha.de\/de_de\/wp-json\/wp\/v2\/product\/27553","targetHints":{"allow":["GET"]}}],"collection":[{"href":"https:\/\/www.juescha.de\/de_de\/wp-json\/wp\/v2\/product"}],"about":[{"href":"https:\/\/www.juescha.de\/de_de\/wp-json\/wp\/v2\/types\/product"}],"version-history":[{"count":0,"href":"https:\/\/www.juescha.de\/de_de\/wp-json\/wp\/v2\/product\/27553\/revisions"}],"wp:featuredmedia":[{"embeddable":true,"href":"https:\/\/www.juescha.de\/de_de\/wp-json\/wp\/v2\/media\/10449"}],"wp:attachment":[{"href":"https:\/\/www.juescha.de\/de_de\/wp-json\/wp\/v2\/media?parent=27553"}],"wp:term":[{"taxonomy":"product_brand","embeddable":true,"href":"https:\/\/www.juescha.de\/de_de\/wp-json\/wp\/v2\/product_brand?post=27553"},{"taxonomy":"product_cat","embeddable":true,"href":"https:\/\/www.juescha.de\/de_de\/wp-json\/wp\/v2\/product_cat?post=27553"},{"taxonomy":"product_tag","embeddable":true,"href":"https:\/\/www.juescha.de\/de_de\/wp-json\/wp\/v2\/product_tag?post=27553"}],"curies":[{"name":"wp","href":"https:\/\/api.w.org\/{rel}","templated":true}]}}