{"id":27552,"date":"2025-04-28T19:53:08","date_gmt":"2025-04-28T17:53:08","guid":{"rendered":"https:\/\/www.juescha.de\/shop\/unkategorisiert\/ringbuchmappe-a4-cremona-ii-2\/"},"modified":"2026-01-21T08:49:17","modified_gmt":"2026-01-21T07:49:17","slug":"ringbuchmappe-a4-cremona-ii-2","status":"publish","type":"product","link":"https:\/\/www.juescha.de\/de_de\/shop\/alassio\/ringbuchmappe-a4-cremona-ii-2\/","title":{"rendered":"Ringbuchmappe A4 CREMONA II"},"content":{"rendered":"<h1>Ringbuchmappe A4 CREMONA II <\/h1>\n<p>Ringmechanik, Block, Taschenrechner, drei A4 Einschubf\u00e4cher, Visitenkartenfach, A4 Einschubfach au\u00dfen, Klarsichtfensterfach.<br \/>\nDie Schreibmappe A4 Cremona von Alassio ist eine hochwertige Mappe f\u00fcr den t\u00e4glichen Gebrauch im B\u00fcro oder bei Meetings. Sie ist aus schwarzem Nappaleder gefertigt und verf\u00fcgt \u00fcber ein elegantes und zeitloses Design.<br \/>\nDie Schreibmappe hat eine Gr\u00f6\u00dfe von 32 x 25 x 3 cm und bietet ausreichend Platz f\u00fcr Dokumente im DIN A4-Format. Sie verf\u00fcgt \u00fcber eine Ringmechanik mit einem Durchmesser von 20 mm, in die Notizbl\u00f6cke oder lose Bl\u00e4tter eingelegt werden k\u00f6nnen.<br \/>\nZudem ist die Schreibmappe mit verschiedenen F\u00e4chern ausgestattet, in denen Stifte, Visitenkarten, ein Taschenrechner und andere Utensilien verstaut werden k\u00f6nnen. Auch ein Einschubfach f\u00fcr weitere Dokumente ist vorhanden.<\/p>\n","protected":false},"excerpt":{"rendered":"<ul>\n<li>Ringbuchmappe aus schwarzem Nappaleder<\/li>\n<li>Ringmechanik (20 mm)inkl. A4-Schreibblock<\/li>\n<li>Inklusive Taschenrechner<\/li>\n<li>Drei A4-Einschubf\u00e4cher<\/li>\n<li>Visitenkartenfach und Organizer-Bereich<\/li>\n<\/ul>\n","protected":false},"featured_media":10445,"template":"","meta":{"inline_featured_image":false},"product_brand":[],"product_cat":[1651],"product_tag":[],"class_list":{"0":"post-27552","1":"product","2":"type-product","3":"status-publish","4":"has-post-thumbnail","6":"product_cat-alassio","8":"first","9":"instock","10":"purchasable","11":"product-type-simple"},"_links":{"self":[{"href":"https:\/\/www.juescha.de\/de_de\/wp-json\/wp\/v2\/product\/27552","targetHints":{"allow":["GET"]}}],"collection":[{"href":"https:\/\/www.juescha.de\/de_de\/wp-json\/wp\/v2\/product"}],"about":[{"href":"https:\/\/www.juescha.de\/de_de\/wp-json\/wp\/v2\/types\/product"}],"version-history":[{"count":0,"href":"https:\/\/www.juescha.de\/de_de\/wp-json\/wp\/v2\/product\/27552\/revisions"}],"wp:featuredmedia":[{"embeddable":true,"href":"https:\/\/www.juescha.de\/de_de\/wp-json\/wp\/v2\/media\/10445"}],"wp:attachment":[{"href":"https:\/\/www.juescha.de\/de_de\/wp-json\/wp\/v2\/media?parent=27552"}],"wp:term":[{"taxonomy":"product_brand","embeddable":true,"href":"https:\/\/www.juescha.de\/de_de\/wp-json\/wp\/v2\/product_brand?post=27552"},{"taxonomy":"product_cat","embeddable":true,"href":"https:\/\/www.juescha.de\/de_de\/wp-json\/wp\/v2\/product_cat?post=27552"},{"taxonomy":"product_tag","embeddable":true,"href":"https:\/\/www.juescha.de\/de_de\/wp-json\/wp\/v2\/product_tag?post=27552"}],"curies":[{"name":"wp","href":"https:\/\/api.w.org\/{rel}","templated":true}]}}