{"id":27551,"date":"2025-04-28T19:53:08","date_gmt":"2025-04-28T17:53:08","guid":{"rendered":"https:\/\/www.juescha.de\/shop\/unkategorisiert\/ringbuchmappe-a4-cremona-ii\/"},"modified":"2026-01-21T08:49:17","modified_gmt":"2026-01-21T07:49:17","slug":"ringbuchmappe-a4-cremona-ii","status":"publish","type":"product","link":"https:\/\/www.juescha.de\/de_de\/shop\/alassio\/ringbuchmappe-a4-cremona-ii\/","title":{"rendered":"Ringbuchmappe A4 CREMONA II"},"content":{"rendered":"<h1>Ringbuchmappe A4 CREMONA II <\/h1>\n<p>Ringmechanik, Block, drei A4 Einschubf\u00e4cher, Visitenkartenfach, A4 Einschubfach au\u00dfen, Klarsichtfensterfach.<br \/>\nDie Schreibmappe A4 Cremona von Alassio ist ein elegantes und praktisches Accessoire f\u00fcr den B\u00fcroalltag oder f\u00fcr Gesch\u00e4ftstermine. Sie ist in der Farbe Schwarz erh\u00e4ltlich und besteht aus hochwertigem Nappaleder, das eine angenehme Haptik und eine edle Optik verleiht.<br \/>\nIm Inneren gibt es verschiedene F\u00e4cher und Halterungen, um Visitenkarten und Stifte zu organisieren.Die Schreibmappe A4 Cremona von Alassio hat auch ein gro\u00dfes Ablagefach auf der linken Seite hat, in dem sich Dokumente in DIN A4-Gr\u00f6\u00dfe bequem aufbewahren lassen.<\/p>\n","protected":false},"excerpt":{"rendered":"<ul>\n<li>Elegante Ringbuchmappe aus hochwertigem schwarzem Nappaleder<\/li>\n<li>Mit stabiler Ringmechanik und inkludiertem A4-Schreibblock<\/li>\n<li>Drei A4-Einschubf\u00e4cher, Visitenkartenfach und Klarsichtfensterfach<\/li>\n<li>Praktisches A4-Au\u00dfenfach f\u00fcr schnellen Zugriff auf Unterlagen<\/li>\n<\/ul>\n","protected":false},"featured_media":10445,"template":"","meta":{"inline_featured_image":false},"product_brand":[],"product_cat":[1651],"product_tag":[],"class_list":{"0":"post-27551","1":"product","2":"type-product","3":"status-publish","4":"has-post-thumbnail","6":"product_cat-alassio","8":"first","9":"instock","10":"purchasable","11":"product-type-simple"},"_links":{"self":[{"href":"https:\/\/www.juescha.de\/de_de\/wp-json\/wp\/v2\/product\/27551","targetHints":{"allow":["GET"]}}],"collection":[{"href":"https:\/\/www.juescha.de\/de_de\/wp-json\/wp\/v2\/product"}],"about":[{"href":"https:\/\/www.juescha.de\/de_de\/wp-json\/wp\/v2\/types\/product"}],"version-history":[{"count":0,"href":"https:\/\/www.juescha.de\/de_de\/wp-json\/wp\/v2\/product\/27551\/revisions"}],"wp:featuredmedia":[{"embeddable":true,"href":"https:\/\/www.juescha.de\/de_de\/wp-json\/wp\/v2\/media\/10445"}],"wp:attachment":[{"href":"https:\/\/www.juescha.de\/de_de\/wp-json\/wp\/v2\/media?parent=27551"}],"wp:term":[{"taxonomy":"product_brand","embeddable":true,"href":"https:\/\/www.juescha.de\/de_de\/wp-json\/wp\/v2\/product_brand?post=27551"},{"taxonomy":"product_cat","embeddable":true,"href":"https:\/\/www.juescha.de\/de_de\/wp-json\/wp\/v2\/product_cat?post=27551"},{"taxonomy":"product_tag","embeddable":true,"href":"https:\/\/www.juescha.de\/de_de\/wp-json\/wp\/v2\/product_tag?post=27551"}],"curies":[{"name":"wp","href":"https:\/\/api.w.org\/{rel}","templated":true}]}}