{"id":27550,"date":"2025-04-28T19:53:08","date_gmt":"2025-04-28T17:53:08","guid":{"rendered":"https:\/\/www.juescha.de\/shop\/unkategorisiert\/schreibmappe-a4-cremona-2\/"},"modified":"2026-01-21T08:49:02","modified_gmt":"2026-01-21T07:49:02","slug":"schreibmappe-a4-cremona-2","status":"publish","type":"product","link":"https:\/\/www.juescha.de\/de_de\/shop\/alassio\/schreibmappe-a4-cremona-2\/","title":{"rendered":"Schreibmappe A4 CREMONA"},"content":{"rendered":"<h1>Schreibmappe A4 CREMONA<\/h1>\n<p>Taschenrechner, Block, drei A4 Einschubf\u00e4cher, Visitenkartenfach, A4 Einschubfach au\u00dfen, Klarsichtfensterfach.<br \/>\nDie Schreibmappe A4 Cremona von Alassio ist eine elegante und praktische Mappe f\u00fcr den gesch\u00e4ftlichen Einsatz. Sie ist in der Farbe Schwarz erh\u00e4ltlich und aus hochwertigem Nappaleder gefertigt. Die Mappe verf\u00fcgt \u00fcber eine Gr\u00f6\u00dfe von DIN A4 und ist somit ideal f\u00fcr die Aufbewahrung von Dokumenten, Notizbl\u00f6cken und anderen Schreibutensilien geeignet.<br \/>\nDie Mappe besitzt einen Taschenrechner sowie eine Vielzahl von F\u00e4chern und Taschen. Auf der linken Seite befindet sich eine Einstecktasche f\u00fcr Dokumente, sowie mehrere kleine F\u00e4cher f\u00fcr Kreditkarten und Visitenkarten. Auf der rechten Seite gibt es eine A4-Schreibunterlage, die herausnehmbar ist.<br \/>\nDie Schreibmappe A4 Cremona von Alassio ist nicht nur ein praktischer Begleiter im B\u00fcroalltag, sondern auch ein stilvolles Accessoire f\u00fcr Gesch\u00e4ftsreisen und Pr\u00e4sentationen.<\/p>\n","protected":false},"excerpt":{"rendered":"<ul>\n<li>Exklusive Schreibmappe aus schwarzem Nappaleder im DIN A4-Format<\/li>\n<li>Integrierter Taschenrechner und A4-Schreibblock f\u00fcr mobiles Arbeiten<\/li>\n<li>Drei A4-Einschubf\u00e4cher, Visitenkartenfach &#038; Klarsichtfensterfach<\/li>\n<li>Au\u00dfenseite mit zus\u00e4tzlichem A4-Einschubfach f\u00fcr schnellen Zugriff<\/li>\n<\/ul>\n","protected":false},"featured_media":10443,"template":"","meta":{"inline_featured_image":false},"product_brand":[],"product_cat":[1651],"product_tag":[],"class_list":{"0":"post-27550","1":"product","2":"type-product","3":"status-publish","4":"has-post-thumbnail","6":"product_cat-alassio","8":"first","9":"instock","10":"purchasable","11":"product-type-simple"},"_links":{"self":[{"href":"https:\/\/www.juescha.de\/de_de\/wp-json\/wp\/v2\/product\/27550","targetHints":{"allow":["GET"]}}],"collection":[{"href":"https:\/\/www.juescha.de\/de_de\/wp-json\/wp\/v2\/product"}],"about":[{"href":"https:\/\/www.juescha.de\/de_de\/wp-json\/wp\/v2\/types\/product"}],"version-history":[{"count":0,"href":"https:\/\/www.juescha.de\/de_de\/wp-json\/wp\/v2\/product\/27550\/revisions"}],"wp:featuredmedia":[{"embeddable":true,"href":"https:\/\/www.juescha.de\/de_de\/wp-json\/wp\/v2\/media\/10443"}],"wp:attachment":[{"href":"https:\/\/www.juescha.de\/de_de\/wp-json\/wp\/v2\/media?parent=27550"}],"wp:term":[{"taxonomy":"product_brand","embeddable":true,"href":"https:\/\/www.juescha.de\/de_de\/wp-json\/wp\/v2\/product_brand?post=27550"},{"taxonomy":"product_cat","embeddable":true,"href":"https:\/\/www.juescha.de\/de_de\/wp-json\/wp\/v2\/product_cat?post=27550"},{"taxonomy":"product_tag","embeddable":true,"href":"https:\/\/www.juescha.de\/de_de\/wp-json\/wp\/v2\/product_tag?post=27550"}],"curies":[{"name":"wp","href":"https:\/\/api.w.org\/{rel}","templated":true}]}}