{"id":27549,"date":"2025-04-28T19:53:08","date_gmt":"2025-04-28T17:53:08","guid":{"rendered":"https:\/\/www.juescha.de\/shop\/unkategorisiert\/schreibmappe-a4-cremona\/"},"modified":"2026-01-21T08:49:02","modified_gmt":"2026-01-21T07:49:02","slug":"schreibmappe-a4-cremona","status":"publish","type":"product","link":"https:\/\/www.juescha.de\/de_de\/shop\/alassio\/schreibmappe-a4-cremona\/","title":{"rendered":"Schreibmappe A4 CREMONA"},"content":{"rendered":"<h1>Schreibmappe A4 CREMONA <\/h1>\n<p>Block, drei A4 Einschubf\u00e4cher, Visitenkartenfach, A4 Einschubfach au\u00dfen, Klarsichtfensterfach.<br \/>\nDie Schreibmappe A4 Cremona von Alassio ist eine elegante und praktische Mappe aus hochwertigem Nappaleder in der Farbe Schwarz. Die Mappe hat eine Gr\u00f6\u00dfe von 32 x 25 x 3 cm.<br \/>\nIm Inneren der Mappe gibt es F\u00e4cher und Taschen, um Dokumente, Stifte und andere Schreibutensilien aufzubewahren.<br \/>\nAuf der linken Seite der Mappe befindet sich eine A4-Schreibunterlage mit einem Schreibblock, der durch einen Klemmmechanismus fixiert wird. Es gibt au\u00dferdem mehrere F\u00e4cher f\u00fcr Visitenkarten, Kreditkarten und Dokumente.Die Schreibmappe A4 Cremona ist ein stilvolles und praktisches Accessoire f\u00fcr jeden, der viel unterwegs ist und seine Unterlagen sicher und geordnet aufbewahren m\u00f6chte.<\/p>\n","protected":false},"excerpt":{"rendered":"<ul>\n<li>Elegante Schreibmappe aus hochwertigem Nappaleder<\/li>\n<li>Enth\u00e4lt A4-Schreibblock mit Klemmmechanismus<\/li>\n<li>Drei A4-Einschubf\u00e4cher &#038; A4-Einschubfach au\u00dfen<\/li>\n<li>Visitenkartenfach &#038; Klarsichtfensterfach f\u00fcr Ausweise<\/li>\n<\/ul>\n","protected":false},"featured_media":10443,"template":"","meta":{"inline_featured_image":false},"product_brand":[],"product_cat":[1651],"product_tag":[],"class_list":{"0":"post-27549","1":"product","2":"type-product","3":"status-publish","4":"has-post-thumbnail","6":"product_cat-alassio","8":"first","9":"instock","10":"purchasable","11":"product-type-simple"},"_links":{"self":[{"href":"https:\/\/www.juescha.de\/de_de\/wp-json\/wp\/v2\/product\/27549","targetHints":{"allow":["GET"]}}],"collection":[{"href":"https:\/\/www.juescha.de\/de_de\/wp-json\/wp\/v2\/product"}],"about":[{"href":"https:\/\/www.juescha.de\/de_de\/wp-json\/wp\/v2\/types\/product"}],"version-history":[{"count":0,"href":"https:\/\/www.juescha.de\/de_de\/wp-json\/wp\/v2\/product\/27549\/revisions"}],"wp:featuredmedia":[{"embeddable":true,"href":"https:\/\/www.juescha.de\/de_de\/wp-json\/wp\/v2\/media\/10443"}],"wp:attachment":[{"href":"https:\/\/www.juescha.de\/de_de\/wp-json\/wp\/v2\/media?parent=27549"}],"wp:term":[{"taxonomy":"product_brand","embeddable":true,"href":"https:\/\/www.juescha.de\/de_de\/wp-json\/wp\/v2\/product_brand?post=27549"},{"taxonomy":"product_cat","embeddable":true,"href":"https:\/\/www.juescha.de\/de_de\/wp-json\/wp\/v2\/product_cat?post=27549"},{"taxonomy":"product_tag","embeddable":true,"href":"https:\/\/www.juescha.de\/de_de\/wp-json\/wp\/v2\/product_tag?post=27549"}],"curies":[{"name":"wp","href":"https:\/\/api.w.org\/{rel}","templated":true}]}}