{"id":27548,"date":"2025-04-28T19:53:08","date_gmt":"2025-04-28T17:53:08","guid":{"rendered":"https:\/\/www.juescha.de\/shop\/unkategorisiert\/ringbuchmappe-a5-benaco-4\/"},"modified":"2026-01-21T08:49:19","modified_gmt":"2026-01-21T07:49:19","slug":"ringbuchmappe-a5-benaco-4","status":"publish","type":"product","link":"https:\/\/www.juescha.de\/de_de\/shop\/alassio\/ringbuchmappe-a5-benaco-4\/","title":{"rendered":"Ringbuchmappe A5 BENACO"},"content":{"rendered":"<h1>Ringbuchmappe A5 BENACO <\/h1>\n<p>Ringmechanik, karierte Bl\u00e4tter (50 Blatt), Taschenrechner, A5 Einschubfach, Visitenkartenfach, Klarsichtfach.<br \/>\nDie Ringbuchmappe A5 Benaco in schwarz von Alassio ist eine elegante und praktische Mappe, die sich ideal f\u00fcr den Einsatz im B\u00fcro oder unterwegs eignet. Das \u00e4u\u00dfere Material besteht aus strapazierf\u00e4higem Nappaleder und ist in klassischem Schwarz gehalten, was der Mappe ein zeitloses und professionelles Aussehen verleiht.<br \/>\nIm Inneren bietet die Mappe F\u00e4cher und Taschen, um Dokumente, Visitenkarten und andere wichtige Utensilien zu organisieren. Es gibt einen Taschenrechner, eine Stiftschlaufe und eine Einstecktasche f\u00fcr ein Notizbuch oder lose Bl\u00e4tter  Die Mappe enth\u00e4lt auch eine Ringmechanik mit 4 Ringen, das Platz f\u00fcr lose Bl\u00e4tter oder Dokumente bietet. Die Mappe ist ein hochwertiges Accessoire f\u00fcr jeden, der seine Dokumente und Utensilien stilvoll und organisiert aufbewahren m\u00f6chte.<\/p>\n","protected":false},"excerpt":{"rendered":"<ul>\n<li>Elegantes, strapazierf\u00e4higes Nappaleder in Schwarz<\/li>\n<li>Integrierter Taschenrechner &#038; karierter A5-Block (50 Blatt)<\/li>\n<li>4-Ringmechanik f\u00fcr lose Bl\u00e4tter und Dokumente<\/li>\n<li>Visitenkartenfach, Klarsichtfach, Einschubfach &#038; Stiftschlaufe<\/li>\n<\/ul>\n","protected":false},"featured_media":10441,"template":"","meta":{"inline_featured_image":false},"product_brand":[],"product_cat":[1651],"product_tag":[],"class_list":{"0":"post-27548","1":"product","2":"type-product","3":"status-publish","4":"has-post-thumbnail","6":"product_cat-alassio","8":"first","9":"instock","10":"purchasable","11":"product-type-simple"},"_links":{"self":[{"href":"https:\/\/www.juescha.de\/de_de\/wp-json\/wp\/v2\/product\/27548","targetHints":{"allow":["GET"]}}],"collection":[{"href":"https:\/\/www.juescha.de\/de_de\/wp-json\/wp\/v2\/product"}],"about":[{"href":"https:\/\/www.juescha.de\/de_de\/wp-json\/wp\/v2\/types\/product"}],"version-history":[{"count":0,"href":"https:\/\/www.juescha.de\/de_de\/wp-json\/wp\/v2\/product\/27548\/revisions"}],"wp:featuredmedia":[{"embeddable":true,"href":"https:\/\/www.juescha.de\/de_de\/wp-json\/wp\/v2\/media\/10441"}],"wp:attachment":[{"href":"https:\/\/www.juescha.de\/de_de\/wp-json\/wp\/v2\/media?parent=27548"}],"wp:term":[{"taxonomy":"product_brand","embeddable":true,"href":"https:\/\/www.juescha.de\/de_de\/wp-json\/wp\/v2\/product_brand?post=27548"},{"taxonomy":"product_cat","embeddable":true,"href":"https:\/\/www.juescha.de\/de_de\/wp-json\/wp\/v2\/product_cat?post=27548"},{"taxonomy":"product_tag","embeddable":true,"href":"https:\/\/www.juescha.de\/de_de\/wp-json\/wp\/v2\/product_tag?post=27548"}],"curies":[{"name":"wp","href":"https:\/\/api.w.org\/{rel}","templated":true}]}}