{"id":27547,"date":"2025-04-28T19:53:07","date_gmt":"2025-04-28T17:53:07","guid":{"rendered":"https:\/\/www.juescha.de\/shop\/unkategorisiert\/ringbuchmappe-a5-benaco-3\/"},"modified":"2026-01-21T08:49:19","modified_gmt":"2026-01-21T07:49:19","slug":"ringbuchmappe-a5-benaco-3","status":"publish","type":"product","link":"https:\/\/www.juescha.de\/de_de\/shop\/alassio\/ringbuchmappe-a5-benaco-3\/","title":{"rendered":"Ringbuchmappe A5 BENACO"},"content":{"rendered":"<h1>Ringbuchmappe A5 BENACO <\/h1>\n<p>Ringmechanik, karierte Bl\u00e4tter (50 Blatt), A5 Einschubfach, Visitenkartenfach, Klarsichtfach.<br \/>\nDie Ringbuchmappe A5 Benaco in schwarz von Alassio ist ein elegantes und praktisches Accessoire f\u00fcr den B\u00fcro- oder Schulalltag. Die Mappe ist aus hochwertigem Nappaleder gefertigt und verf\u00fcgt \u00fcber eine feine Narbung, die ihr eine ansprechende Optik verleiht.<br \/>\nDie Mappe bietet Platz f\u00fcr A5-Bl\u00e4tter. Sie verf\u00fcgt \u00fcber einen stabilen D-Ring-Mechanismus, der das Einf\u00fcgen und Entnehmen von Dokumenten einfach macht und daf\u00fcr sorgt, dass sie sicher aufbewahrt werden. Zudem gibt es Visitenkartenf\u00e4cher und ein gro\u00dfes Einsteckfach auf der linken Innenseite f\u00fcr lose Dokumente.<br \/>\nInsgesamt ist die Ringbuchmappe A5 Benaco von Alassio ein stilvolles und funktionales Accessoire f\u00fcr jeden, der Dokumente sicher und geordnet aufbewahren m\u00f6chte.<\/p>\n","protected":false},"excerpt":{"rendered":"<ul>\n<li>Feinnarbiges Nappaleder in klassischem Schwarz<\/li>\n<li>Stabiler D-Ring-Mechanismus f\u00fcr A5-Dokumente<\/li>\n<li>50 karierte Bl\u00e4tter &#038; A5-Einschubfach f\u00fcr lose Unterlagen<\/li>\n<li>Visitenkartenfach &#038; Klarsichtfach f\u00fcr zus\u00e4tzliche Organisation<\/li>\n<\/ul>\n","protected":false},"featured_media":10441,"template":"","meta":{"inline_featured_image":false},"product_brand":[],"product_cat":[1651],"product_tag":[],"class_list":{"0":"post-27547","1":"product","2":"type-product","3":"status-publish","4":"has-post-thumbnail","6":"product_cat-alassio","8":"first","9":"instock","10":"purchasable","11":"product-type-simple"},"_links":{"self":[{"href":"https:\/\/www.juescha.de\/de_de\/wp-json\/wp\/v2\/product\/27547","targetHints":{"allow":["GET"]}}],"collection":[{"href":"https:\/\/www.juescha.de\/de_de\/wp-json\/wp\/v2\/product"}],"about":[{"href":"https:\/\/www.juescha.de\/de_de\/wp-json\/wp\/v2\/types\/product"}],"version-history":[{"count":0,"href":"https:\/\/www.juescha.de\/de_de\/wp-json\/wp\/v2\/product\/27547\/revisions"}],"wp:featuredmedia":[{"embeddable":true,"href":"https:\/\/www.juescha.de\/de_de\/wp-json\/wp\/v2\/media\/10441"}],"wp:attachment":[{"href":"https:\/\/www.juescha.de\/de_de\/wp-json\/wp\/v2\/media?parent=27547"}],"wp:term":[{"taxonomy":"product_brand","embeddable":true,"href":"https:\/\/www.juescha.de\/de_de\/wp-json\/wp\/v2\/product_brand?post=27547"},{"taxonomy":"product_cat","embeddable":true,"href":"https:\/\/www.juescha.de\/de_de\/wp-json\/wp\/v2\/product_cat?post=27547"},{"taxonomy":"product_tag","embeddable":true,"href":"https:\/\/www.juescha.de\/de_de\/wp-json\/wp\/v2\/product_tag?post=27547"}],"curies":[{"name":"wp","href":"https:\/\/api.w.org\/{rel}","templated":true}]}}