{"id":27545,"date":"2025-04-28T19:53:07","date_gmt":"2025-04-28T17:53:07","guid":{"rendered":"https:\/\/www.juescha.de\/shop\/unkategorisiert\/ringbuchmappe-a5-benaco\/"},"modified":"2026-01-21T08:49:19","modified_gmt":"2026-01-21T07:49:19","slug":"ringbuchmappe-a5-benaco","status":"publish","type":"product","link":"https:\/\/www.juescha.de\/de_de\/shop\/alassio\/ringbuchmappe-a5-benaco\/","title":{"rendered":"Ringbuchmappe A5 BENACO"},"content":{"rendered":"<h1>Ringbuchmappe A5 BENACO <\/h1>\n<p>Ringmechanik, karierte Bl\u00e4tter (50 Blatt), A5 Einschubfach, Visitenkartenfach, Klarsichtfach.<br \/>\nDie Ringbuchmappe A5 Benaco in schwarz von Alassio ist eine hochwertige Organizer-Mappe aus Kunstleder.<br \/>\nIm Inneren der Mappe gibt es eien A5-Ringmechanik mit 20 mm Durchmesser, in dem Notizbl\u00f6cke, Kalender oder andere Dokumente untergebracht werden k\u00f6nnen. Daneben sind F\u00e4cher f\u00fcr Karten, Visitenkarten und Stifte vorhanden. Die Ringbuchmappe Benaco ist ideal f\u00fcr den Einsatz im B\u00fcro, auf Reisen oder f\u00fcr den t\u00e4glichen Gebrauch geeignet.<\/p>\n","protected":false},"excerpt":{"rendered":"<ul>\n<li>Elegantes Kunstleder in Schwarz mit kompaktem Format<\/li>\n<li>20\u202fmm Ringmechanik f\u00fcr A5-Bl\u00e4tter inkl. 50 karierte Seiten<\/li>\n<li>A5-Einschubfach, Visitenkartenfach &#038; Klarsichtfach<\/li>\n<li>Ideal f\u00fcr B\u00fcro, Alltag oder unterwegs<\/li>\n<\/ul>\n","protected":false},"featured_media":10441,"template":"","meta":{"inline_featured_image":false},"product_brand":[],"product_cat":[1651],"product_tag":[],"class_list":{"0":"post-27545","1":"product","2":"type-product","3":"status-publish","4":"has-post-thumbnail","6":"product_cat-alassio","8":"first","9":"instock","10":"purchasable","11":"product-type-simple"},"_links":{"self":[{"href":"https:\/\/www.juescha.de\/de_de\/wp-json\/wp\/v2\/product\/27545","targetHints":{"allow":["GET"]}}],"collection":[{"href":"https:\/\/www.juescha.de\/de_de\/wp-json\/wp\/v2\/product"}],"about":[{"href":"https:\/\/www.juescha.de\/de_de\/wp-json\/wp\/v2\/types\/product"}],"version-history":[{"count":0,"href":"https:\/\/www.juescha.de\/de_de\/wp-json\/wp\/v2\/product\/27545\/revisions"}],"wp:featuredmedia":[{"embeddable":true,"href":"https:\/\/www.juescha.de\/de_de\/wp-json\/wp\/v2\/media\/10441"}],"wp:attachment":[{"href":"https:\/\/www.juescha.de\/de_de\/wp-json\/wp\/v2\/media?parent=27545"}],"wp:term":[{"taxonomy":"product_brand","embeddable":true,"href":"https:\/\/www.juescha.de\/de_de\/wp-json\/wp\/v2\/product_brand?post=27545"},{"taxonomy":"product_cat","embeddable":true,"href":"https:\/\/www.juescha.de\/de_de\/wp-json\/wp\/v2\/product_cat?post=27545"},{"taxonomy":"product_tag","embeddable":true,"href":"https:\/\/www.juescha.de\/de_de\/wp-json\/wp\/v2\/product_tag?post=27545"}],"curies":[{"name":"wp","href":"https:\/\/api.w.org\/{rel}","templated":true}]}}