{"id":27544,"date":"2025-04-28T19:53:06","date_gmt":"2025-04-28T17:53:06","guid":{"rendered":"https:\/\/www.juescha.de\/shop\/unkategorisiert\/schreibmappe-a5-bormio-4\/"},"modified":"2026-01-21T08:49:01","modified_gmt":"2026-01-21T07:49:01","slug":"schreibmappe-a5-bormio-4","status":"publish","type":"product","link":"https:\/\/www.juescha.de\/de_de\/shop\/alassio\/schreibmappe-a5-bormio-4\/","title":{"rendered":"Schreibmappe A5 BORMIO"},"content":{"rendered":"<h1>Schreibmappe A5 BORMIO <\/h1>\n<p>Taschenrechner, Block, A5-Einschubfach, Visitenkartenfach, Klarsichtfach.<br \/>\nDie Schreibmappe A5 Bormio von Alassio ist eine hochwertige und elegante Mappe, die aus schwarzem Nappaleder gefertigt ist. Sie hat die Ma\u00dfe 23 x 18 x 2 cm und ist somit perfekt f\u00fcr den Transport von Dokumenten im A5-Format geeignet.<br \/>\nIm Inneren der Mappe befinden sich ein A5-Schreibblock, ein Taschenrechner sowie ein Stifthalter. Zudem gibt es diverse F\u00e4cher und Steckpl\u00e4tze f\u00fcr Kreditkarten, Visitenkarten oder andere Dokumente.<br \/>\nDie Schreibmappe A5 Bormio ist besonders geeignet f\u00fcr Gesch\u00e4ftsleute, die viel unterwegs sind und wichtige Dokumente sicher transportieren m\u00f6chten. Sie ist sehr robust und strapazierf\u00e4hig, sodass sie auch bei h\u00e4ufiger Nutzung lange h\u00e4lt.<\/p>\n","protected":false},"excerpt":{"rendered":"<ul>\n<li>Hochwertiges schwarzes Nappaleder mit edler Haptik<\/li>\n<li>Integrierter Taschenrechner &#038; A5-Schreibblock<\/li>\n<li>A5-Einschubfach, Visitenkartenfach &#038; Klarsichtfach<\/li>\n<li>Kompakte Ma\u00dfe (23 \u00d7 18 \u00d7 2\u202fcm) \u2013 ideal f\u00fcr unterwegs<\/li>\n<\/ul>\n","protected":false},"featured_media":10439,"template":"","meta":{"inline_featured_image":false},"product_brand":[],"product_cat":[1651],"product_tag":[],"class_list":{"0":"post-27544","1":"product","2":"type-product","3":"status-publish","4":"has-post-thumbnail","6":"product_cat-alassio","8":"first","9":"instock","10":"purchasable","11":"product-type-simple"},"_links":{"self":[{"href":"https:\/\/www.juescha.de\/de_de\/wp-json\/wp\/v2\/product\/27544","targetHints":{"allow":["GET"]}}],"collection":[{"href":"https:\/\/www.juescha.de\/de_de\/wp-json\/wp\/v2\/product"}],"about":[{"href":"https:\/\/www.juescha.de\/de_de\/wp-json\/wp\/v2\/types\/product"}],"version-history":[{"count":0,"href":"https:\/\/www.juescha.de\/de_de\/wp-json\/wp\/v2\/product\/27544\/revisions"}],"wp:featuredmedia":[{"embeddable":true,"href":"https:\/\/www.juescha.de\/de_de\/wp-json\/wp\/v2\/media\/10439"}],"wp:attachment":[{"href":"https:\/\/www.juescha.de\/de_de\/wp-json\/wp\/v2\/media?parent=27544"}],"wp:term":[{"taxonomy":"product_brand","embeddable":true,"href":"https:\/\/www.juescha.de\/de_de\/wp-json\/wp\/v2\/product_brand?post=27544"},{"taxonomy":"product_cat","embeddable":true,"href":"https:\/\/www.juescha.de\/de_de\/wp-json\/wp\/v2\/product_cat?post=27544"},{"taxonomy":"product_tag","embeddable":true,"href":"https:\/\/www.juescha.de\/de_de\/wp-json\/wp\/v2\/product_tag?post=27544"}],"curies":[{"name":"wp","href":"https:\/\/api.w.org\/{rel}","templated":true}]}}