{"id":27543,"date":"2025-04-28T19:53:06","date_gmt":"2025-04-28T17:53:06","guid":{"rendered":"https:\/\/www.juescha.de\/shop\/unkategorisiert\/schreibmappe-a5-bormio-3\/"},"modified":"2026-01-21T08:49:02","modified_gmt":"2026-01-21T07:49:02","slug":"schreibmappe-a5-bormio-3","status":"publish","type":"product","link":"https:\/\/www.juescha.de\/de_de\/shop\/alassio\/schreibmappe-a5-bormio-3\/","title":{"rendered":"Schreibmappe A5 BORMIO"},"content":{"rendered":"<h1>Schreibmappe A5 BORMIO<\/h1>\n<p>Block, A5-Einschubfach, Visitenkartenfach, Klarsichtfach.<br \/>\nDie Schreibmappe A5 Bormio von Alassio ist ein stilvolles und praktisches Accessoire f\u00fcr den gesch\u00e4ftlichen oder pers\u00f6nlichen Gebrauch. Sie ist in schwarz gehalten und aus hochwertigem Nappaleder gefertigt, das eine edle Optik vermittelt. Die Mappe hat eine Gr\u00f6\u00dfe von A5 und bietet ausreichend Platz f\u00fcr DIN A5-Bl\u00f6cke und Notizb\u00fccher.<br \/>\nIm Inneren der Mappe gibt es verschiedene F\u00e4cher und Taschen, die zur Aufbewahrung von Visitenkarten, Stiften und anderen Schreibutensilien geeignet sind.<br \/>\nDie Schreibmappe ist sehr gut verarbeitet und bietet eine hohe Strapazierf\u00e4higkeit. Sie ist ideal f\u00fcr den t\u00e4glichen Gebrauch im B\u00fcro, auf Gesch\u00e4ftsreisen oder auch in der Uni. Durch ihre kompakte Gr\u00f6\u00dfe und das schlichte Design ist sie zudem sehr handlich und passt problemlos in jede Tasche oder Aktentasche.<\/p>\n","protected":false},"excerpt":{"rendered":"<ul>\n<li>Elegantes Nappaleder in Schwarz mit edler Haptik<\/li>\n<li>A5-Schreibblock &#038; passendes Einschubfach<\/li>\n<li>Visitenkartenfach &#038; praktisches Klarsichtfach<\/li>\n<li>Kompakt, strapazierf\u00e4hig &#038; ideal f\u00fcr unterwegs<\/li>\n<\/ul>\n","protected":false},"featured_media":10439,"template":"","meta":{"inline_featured_image":false},"product_brand":[],"product_cat":[1651],"product_tag":[],"class_list":{"0":"post-27543","1":"product","2":"type-product","3":"status-publish","4":"has-post-thumbnail","6":"product_cat-alassio","8":"first","9":"instock","10":"purchasable","11":"product-type-simple"},"_links":{"self":[{"href":"https:\/\/www.juescha.de\/de_de\/wp-json\/wp\/v2\/product\/27543","targetHints":{"allow":["GET"]}}],"collection":[{"href":"https:\/\/www.juescha.de\/de_de\/wp-json\/wp\/v2\/product"}],"about":[{"href":"https:\/\/www.juescha.de\/de_de\/wp-json\/wp\/v2\/types\/product"}],"version-history":[{"count":0,"href":"https:\/\/www.juescha.de\/de_de\/wp-json\/wp\/v2\/product\/27543\/revisions"}],"wp:featuredmedia":[{"embeddable":true,"href":"https:\/\/www.juescha.de\/de_de\/wp-json\/wp\/v2\/media\/10439"}],"wp:attachment":[{"href":"https:\/\/www.juescha.de\/de_de\/wp-json\/wp\/v2\/media?parent=27543"}],"wp:term":[{"taxonomy":"product_brand","embeddable":true,"href":"https:\/\/www.juescha.de\/de_de\/wp-json\/wp\/v2\/product_brand?post=27543"},{"taxonomy":"product_cat","embeddable":true,"href":"https:\/\/www.juescha.de\/de_de\/wp-json\/wp\/v2\/product_cat?post=27543"},{"taxonomy":"product_tag","embeddable":true,"href":"https:\/\/www.juescha.de\/de_de\/wp-json\/wp\/v2\/product_tag?post=27543"}],"curies":[{"name":"wp","href":"https:\/\/api.w.org\/{rel}","templated":true}]}}