{"id":27542,"date":"2025-04-28T19:53:06","date_gmt":"2025-04-28T17:53:06","guid":{"rendered":"https:\/\/www.juescha.de\/shop\/unkategorisiert\/schreibmappe-a5-bormio-2\/"},"modified":"2026-01-21T08:49:02","modified_gmt":"2026-01-21T07:49:02","slug":"schreibmappe-a5-bormio-2","status":"publish","type":"product","link":"https:\/\/www.juescha.de\/de_de\/shop\/alassio\/schreibmappe-a5-bormio-2\/","title":{"rendered":"Schreibmappe A5 BORMIO"},"content":{"rendered":"<h1>Schreibmappe A5 BORMIO <\/h1>\n<p>Taschenrechner, Block, A5-Einschubfach, Visitenkartenfach, Klarsichtfach.<br \/>\nDie Schreibmappe A5 Bormio von Alassio ist eine hochwertige und elegante Mappe, die aus feinstem, strapazierf\u00e4higem Kunstleder gefertigt ist und in schwarz erh\u00e4ltlich ist.<br \/>\nDie Schreibmappe bietet im Inneren einen Taschenrechner sowie zahlreiche F\u00e4cher und Taschen f\u00fcr Notizbl\u00f6cke, Visitenkarten, Stifte und andere B\u00fcroartikel. Ein Block in A5-Gr\u00f6\u00dfe ist ebenfalls enthalten, was das Schreiben und Arbeiten auf der Mappe besonders komfortabel macht. Insgesamt ist die Schreibmappe A5 Bormio von Alassio eine stilvolle und praktische L\u00f6sung f\u00fcr Gesch\u00e4ftsleute, Studenten und alle, die viel unterwegs arbeiten und Wert auf eine professionelle Arbeitsumgebung legen.<\/p>\n","protected":false},"excerpt":{"rendered":"<ul>\n<li>Feines, strapazierf\u00e4higes Kunstleder in elegantem Schwarz<\/li>\n<li>Integrierter Taschenrechner &#038; A5-Schreibblock<\/li>\n<li>A5-Einschubfach, Visitenkartenfach &#038; Klarsichtfach<\/li>\n<li>Kompakte Business-Mappe f\u00fcr unterwegs oder im B\u00fcro<\/li>\n<\/ul>\n","protected":false},"featured_media":10439,"template":"","meta":{"inline_featured_image":false},"product_brand":[],"product_cat":[1651],"product_tag":[],"class_list":{"0":"post-27542","1":"product","2":"type-product","3":"status-publish","4":"has-post-thumbnail","6":"product_cat-alassio","8":"first","9":"instock","10":"purchasable","11":"product-type-simple"},"_links":{"self":[{"href":"https:\/\/www.juescha.de\/de_de\/wp-json\/wp\/v2\/product\/27542","targetHints":{"allow":["GET"]}}],"collection":[{"href":"https:\/\/www.juescha.de\/de_de\/wp-json\/wp\/v2\/product"}],"about":[{"href":"https:\/\/www.juescha.de\/de_de\/wp-json\/wp\/v2\/types\/product"}],"version-history":[{"count":0,"href":"https:\/\/www.juescha.de\/de_de\/wp-json\/wp\/v2\/product\/27542\/revisions"}],"wp:featuredmedia":[{"embeddable":true,"href":"https:\/\/www.juescha.de\/de_de\/wp-json\/wp\/v2\/media\/10439"}],"wp:attachment":[{"href":"https:\/\/www.juescha.de\/de_de\/wp-json\/wp\/v2\/media?parent=27542"}],"wp:term":[{"taxonomy":"product_brand","embeddable":true,"href":"https:\/\/www.juescha.de\/de_de\/wp-json\/wp\/v2\/product_brand?post=27542"},{"taxonomy":"product_cat","embeddable":true,"href":"https:\/\/www.juescha.de\/de_de\/wp-json\/wp\/v2\/product_cat?post=27542"},{"taxonomy":"product_tag","embeddable":true,"href":"https:\/\/www.juescha.de\/de_de\/wp-json\/wp\/v2\/product_tag?post=27542"}],"curies":[{"name":"wp","href":"https:\/\/api.w.org\/{rel}","templated":true}]}}