{"id":27540,"date":"2025-04-28T19:53:06","date_gmt":"2025-04-28T17:53:06","guid":{"rendered":"https:\/\/www.juescha.de\/shop\/unkategorisiert\/ringbuchmappe-a5-luino\/"},"modified":"2026-01-21T08:49:19","modified_gmt":"2026-01-21T07:49:19","slug":"ringbuchmappe-a5-luino","status":"publish","type":"product","link":"https:\/\/www.juescha.de\/de_de\/shop\/alassio\/ringbuchmappe-a5-luino\/","title":{"rendered":"Ringbuchmappe A5 LUINO"},"content":{"rendered":"<h1>Ringbuchmappe A5 LUINO <\/h1>\n<p>Rei\u00dfverschluss, Ringmechanik, karierte Bl\u00e4tter (40 Blatt), f\u00fcnf Visitenkartenf\u00e4chern, zwei Schreibger\u00e4teschlaufen, A5 Einschubfach.<br \/>\nDie Ringbuchmappe A5 Luino in Schwarz von Alassio ist eine hochwertige und elegante Schreibmappe, die aus strapazierf\u00e4higem FINEtouch-Lederimitat gefertigt ist. Sie hat eine Gr\u00f6\u00dfe von ca. 25 x 17,5 x 4 cm und ist damit perfekt geeignet, um sie in einer Tasche oder einem Rucksack zu transportieren.<br \/>\nDie Ringbuchmappe verf\u00fcgt \u00fcber einen stabilen 4-Ring-Mechanismus, der sich einfach \u00f6ffnen und schlie\u00dfen l\u00e4sst. Dadurch k\u00f6nnen A5-Bl\u00e4tter oder Schreibbl\u00f6cke einfach eingelegt oder ausgetauscht werden. Die Mappe bietet zudem Platz f\u00fcr Visitenkarten, Stifte und weitere Dokumente, die in den daf\u00fcr vorgesehenen F\u00e4chern aufbewahrt werden k\u00f6nnen.<\/p>\n","protected":false},"excerpt":{"rendered":"<ul>\n<li>FINEtouch-Lederimitat in elegantem Schwarz mit Rei\u00dfverschluss<\/li>\n<li>4-Ringmechanik f\u00fcr A5-Papiere, inkl. 40 karierte Bl\u00e4tter<\/li>\n<li>F\u00fcnf Visitenkartenf\u00e4cher &#038; A5-Einschubfach f\u00fcr Notizen<\/li>\n<li>Zwei Stiftschlaufen zur sicheren Aufbewahrung<\/li>\n<\/ul>\n","protected":false},"featured_media":10436,"template":"","meta":{"inline_featured_image":false},"product_brand":[],"product_cat":[1651],"product_tag":[],"class_list":{"0":"post-27540","1":"product","2":"type-product","3":"status-publish","4":"has-post-thumbnail","6":"product_cat-alassio","8":"first","9":"instock","10":"purchasable","11":"product-type-simple"},"_links":{"self":[{"href":"https:\/\/www.juescha.de\/de_de\/wp-json\/wp\/v2\/product\/27540","targetHints":{"allow":["GET"]}}],"collection":[{"href":"https:\/\/www.juescha.de\/de_de\/wp-json\/wp\/v2\/product"}],"about":[{"href":"https:\/\/www.juescha.de\/de_de\/wp-json\/wp\/v2\/types\/product"}],"version-history":[{"count":0,"href":"https:\/\/www.juescha.de\/de_de\/wp-json\/wp\/v2\/product\/27540\/revisions"}],"wp:featuredmedia":[{"embeddable":true,"href":"https:\/\/www.juescha.de\/de_de\/wp-json\/wp\/v2\/media\/10436"}],"wp:attachment":[{"href":"https:\/\/www.juescha.de\/de_de\/wp-json\/wp\/v2\/media?parent=27540"}],"wp:term":[{"taxonomy":"product_brand","embeddable":true,"href":"https:\/\/www.juescha.de\/de_de\/wp-json\/wp\/v2\/product_brand?post=27540"},{"taxonomy":"product_cat","embeddable":true,"href":"https:\/\/www.juescha.de\/de_de\/wp-json\/wp\/v2\/product_cat?post=27540"},{"taxonomy":"product_tag","embeddable":true,"href":"https:\/\/www.juescha.de\/de_de\/wp-json\/wp\/v2\/product_tag?post=27540"}],"curies":[{"name":"wp","href":"https:\/\/api.w.org\/{rel}","templated":true}]}}