{"id":27538,"date":"2025-04-28T19:53:05","date_gmt":"2025-04-28T17:53:05","guid":{"rendered":"https:\/\/www.juescha.de\/shop\/unkategorisiert\/ringbuchmappe-a4-massa\/"},"modified":"2026-01-21T08:49:16","modified_gmt":"2026-01-21T07:49:16","slug":"ringbuchmappe-a4-massa","status":"publish","type":"product","link":"https:\/\/www.juescha.de\/de_de\/shop\/alassio\/ringbuchmappe-a4-massa\/","title":{"rendered":"Ringbuchmappe A4 MASSA"},"content":{"rendered":"<h1>Ringbuchmappe A4 MASSA<\/h1>\n<p>Marmorierte Optik, A4 Einschubfach au\u00dfen. Innen: Ringmechanik, Taschenrechner, Block, Stiftschlaufe, A4 Einschubfach, zwei Rei\u00dfverschlussf\u00e4cher, f\u00fcnf Visitenkartenf\u00e4cher.<br \/>\nDie Ringbuchmappe A4 Massa von Alassio ist ein hochwertiges Schreibwarenprodukt, das f\u00fcr den professionellen Einsatz oder f\u00fcr den Gebrauch in der Schule oder Universit\u00e4t geeignet ist. Die Mappe ist aus braunem Kunstleder gefertigt und verf\u00fcgt \u00fcber einen umlaufenden Rei\u00dfverschluss, der f\u00fcr zus\u00e4tzliche Sicherheit sorgt.<br \/>\nDie Mappe hat eine Gr\u00f6\u00dfe von A4 und bietet Platz f\u00fcr viele Dokumente und Schreibutensilien. Im Inneren befinden sich eine Ringmechanik mit einem Durchmesser von 25 mm, die f\u00fcr die Aufnahme von gelochten Papieren oder Dokumenten geeignet sind. Die Ringmechaniken sind robust und sicher, so dass Ihre Dokumente sicher aufbewahrt werden k\u00f6nnen.<br \/>\nDie Ringbuchmappe A4 Massa von Alassio verf\u00fcgt auch \u00fcber ein Innenfach f\u00fcr Notizbl\u00f6cke oder lose Dokumente, sowie mehrere F\u00e4cher f\u00fcr Karten. Es gibt auch eine Stiftschlaufe, so dass Sie immer einen Stift griffbereit haben.<\/p>\n","protected":false},"excerpt":{"rendered":"<ul>\n<li>Marmorierte Optik in braunem Kunstleder mit Rei\u00dfverschluss<\/li>\n<li>Ringmechanik, Taschenrechner, Block &#038; Stiftschlaufe<\/li>\n<li>Zwei Rei\u00dfverschlussf\u00e4cher &#038; f\u00fcnf Visitenkartenf\u00e4cher<\/li>\n<li>A4-Einschubfach innen &#038; A4-Einschubfach au\u00dfen<\/li>\n<\/ul>\n","protected":false},"featured_media":10430,"template":"","meta":{"inline_featured_image":false},"product_brand":[],"product_cat":[1651],"product_tag":[],"class_list":{"0":"post-27538","1":"product","2":"type-product","3":"status-publish","4":"has-post-thumbnail","6":"product_cat-alassio","8":"first","9":"instock","10":"purchasable","11":"product-type-simple"},"_links":{"self":[{"href":"https:\/\/www.juescha.de\/de_de\/wp-json\/wp\/v2\/product\/27538","targetHints":{"allow":["GET"]}}],"collection":[{"href":"https:\/\/www.juescha.de\/de_de\/wp-json\/wp\/v2\/product"}],"about":[{"href":"https:\/\/www.juescha.de\/de_de\/wp-json\/wp\/v2\/types\/product"}],"version-history":[{"count":0,"href":"https:\/\/www.juescha.de\/de_de\/wp-json\/wp\/v2\/product\/27538\/revisions"}],"wp:featuredmedia":[{"embeddable":true,"href":"https:\/\/www.juescha.de\/de_de\/wp-json\/wp\/v2\/media\/10430"}],"wp:attachment":[{"href":"https:\/\/www.juescha.de\/de_de\/wp-json\/wp\/v2\/media?parent=27538"}],"wp:term":[{"taxonomy":"product_brand","embeddable":true,"href":"https:\/\/www.juescha.de\/de_de\/wp-json\/wp\/v2\/product_brand?post=27538"},{"taxonomy":"product_cat","embeddable":true,"href":"https:\/\/www.juescha.de\/de_de\/wp-json\/wp\/v2\/product_cat?post=27538"},{"taxonomy":"product_tag","embeddable":true,"href":"https:\/\/www.juescha.de\/de_de\/wp-json\/wp\/v2\/product_tag?post=27538"}],"curies":[{"name":"wp","href":"https:\/\/api.w.org\/{rel}","templated":true}]}}