{"id":27536,"date":"2025-04-28T19:53:05","date_gmt":"2025-04-28T17:53:05","guid":{"rendered":"https:\/\/www.juescha.de\/shop\/unkategorisiert\/schreibmappe-a4-mares-2\/"},"modified":"2026-01-21T08:48:28","modified_gmt":"2026-01-21T07:48:28","slug":"schreibmappe-a4-mares-2","status":"publish","type":"product","link":"https:\/\/www.juescha.de\/de_de\/shop\/alassio\/schreibmappe-a4-mares-2\/","title":{"rendered":"Schreibmappe A4 MARES"},"content":{"rendered":"<h1>Schreibmappe A4 MARES <\/h1>\n<p>Taschenrechner, Block, Visitenkartenfach, Stiftschlaufe, A4 Einschubfach, Frontseite mit Metallemblem.<br \/>\nDie Alassio Schreibmappe A4 Mares in Schwarz ist ein elegantes und praktisches Accessoire f\u00fcr den gesch\u00e4ftlichen oder pers\u00f6nlichen Gebrauch. Die Schreibmappe ist aus hochwertigem FINEtouch-Lederimitat  gefertigt und bietet eine professionelle Optik und Haptik.<br \/>\nDie Schreibmappe verf\u00fcgt \u00fcber einen Rei\u00dfverschluss, der sicherstellt, dass alle Dokumente und Schreibutensilien sicher aufbewahrt werden k\u00f6nnen. Das Hauptfach bietet Platz f\u00fcr A4-Bl\u00e4tter und verf\u00fcgt \u00fcber eine zus\u00e4tzliche Dokumententasche und Kreditkartenf\u00e4cher sowie einem Taschenrechner. Es gibt auch eine Stiftschlaufe und einen Blockhalter, so dass alle wichtigen Schreibutensilien immer griffbereit sind.<br \/>\nDie Schreibmappe ist gut verarbeitet und hat eine hochwertige Optik. Die Gr\u00f6\u00dfe der Schreibmappe betr\u00e4gt 33 x 25 x 2,5 cm, was sie sehr handlich und tragbar macht.<\/p>\n","protected":false},"excerpt":{"rendered":"<ul>\n<li>FINEtouch-Lederimitat in elegantem Schwarz mit Metallemblem<\/li>\n<li>Taschenrechner, A4-Schreibblock &#038; gro\u00dfes Einschubfach<\/li>\n<li>Visitenkartenfach &#038; praktische Stiftschlaufe<\/li>\n<li>Umlaufender Rei\u00dfverschluss f\u00fcr sicheren Verschluss<\/li>\n<\/ul>\n","protected":false},"featured_media":7524,"template":"","meta":{"inline_featured_image":false},"product_brand":[],"product_cat":[1651],"product_tag":[],"class_list":{"0":"post-27536","1":"product","2":"type-product","3":"status-publish","4":"has-post-thumbnail","6":"product_cat-alassio","8":"first","9":"instock","10":"purchasable","11":"product-type-simple"},"_links":{"self":[{"href":"https:\/\/www.juescha.de\/de_de\/wp-json\/wp\/v2\/product\/27536","targetHints":{"allow":["GET"]}}],"collection":[{"href":"https:\/\/www.juescha.de\/de_de\/wp-json\/wp\/v2\/product"}],"about":[{"href":"https:\/\/www.juescha.de\/de_de\/wp-json\/wp\/v2\/types\/product"}],"version-history":[{"count":0,"href":"https:\/\/www.juescha.de\/de_de\/wp-json\/wp\/v2\/product\/27536\/revisions"}],"wp:featuredmedia":[{"embeddable":true,"href":"https:\/\/www.juescha.de\/de_de\/wp-json\/wp\/v2\/media\/7524"}],"wp:attachment":[{"href":"https:\/\/www.juescha.de\/de_de\/wp-json\/wp\/v2\/media?parent=27536"}],"wp:term":[{"taxonomy":"product_brand","embeddable":true,"href":"https:\/\/www.juescha.de\/de_de\/wp-json\/wp\/v2\/product_brand?post=27536"},{"taxonomy":"product_cat","embeddable":true,"href":"https:\/\/www.juescha.de\/de_de\/wp-json\/wp\/v2\/product_cat?post=27536"},{"taxonomy":"product_tag","embeddable":true,"href":"https:\/\/www.juescha.de\/de_de\/wp-json\/wp\/v2\/product_tag?post=27536"}],"curies":[{"name":"wp","href":"https:\/\/api.w.org\/{rel}","templated":true}]}}