{"id":27535,"date":"2025-04-28T19:53:05","date_gmt":"2025-04-28T17:53:05","guid":{"rendered":"https:\/\/www.juescha.de\/shop\/unkategorisiert\/schreibmappe-a4-mares\/"},"modified":"2026-01-21T08:48:28","modified_gmt":"2026-01-21T07:48:28","slug":"schreibmappe-a4-mares","status":"publish","type":"product","link":"https:\/\/www.juescha.de\/de_de\/shop\/alassio\/schreibmappe-a4-mares\/","title":{"rendered":"Schreibmappe A4 MARES"},"content":{"rendered":"<h1>Schreibmappe A4 MARES <\/h1>\n<p>Block, Visitenkartenfach, Stiftschlaufe, A4 Einschubfach, Frontseite mit Metallemblem.<br \/>\nDie Schreibmappe A4 Mares von Alassio ist ein hochwertiges Produkt, das sich perfekt f\u00fcr den Einsatz im B\u00fcro oder in der Schule eignet. Sie ist aus hochwertigem FINEtouch-Lederimitat gefertigt und hat eine elegante schwarze Farbe. Die Schreibmappe verf\u00fcgt \u00fcber ein gro\u00dfes Hauptfach, in dem ein A4-Block und Dokumente problemlos verstaut werden k\u00f6nnen.<br \/>\nAuf der linken Seite befinden sich mehrere F\u00e4cher, die Platz f\u00fcr Visitenkarten und andere kleinere Gegenst\u00e4nde bieten. Die Schreibmappe verf\u00fcgt au\u00dferdem \u00fcber einen stabilen Rei\u00dfverschluss, der daf\u00fcr sorgt, dass alle Dokumente sicher aufbewahrt werden k\u00f6nnen.<br \/>\nDie Schreibmappe A4 Mares ist sehr gut verarbeitet und wirkt durch ihr edles Design sehr professionell. Sie hat eine Gr\u00f6\u00dfe von ca. 33 x 25 x 2,5 cm und ist somit sehr handlich und leicht zu transportieren.<\/p>\n","protected":false},"excerpt":{"rendered":"<ul>\n<li>FINEtouch-Lederimitat in elegantem Schwarz<\/li>\n<li>A4-Schreibblock &#038; gro\u00dfes Einschubfach f\u00fcr Dokumente<\/li>\n<li>Visitenkartenfach &#038; Stiftschlaufe f\u00fcr perfekte Organisation<\/li>\n<li>Metallemblem auf der Frontseite als stilvolles Detail<\/li>\n<\/ul>\n","protected":false},"featured_media":7526,"template":"","meta":{"inline_featured_image":false},"product_brand":[],"product_cat":[1651],"product_tag":[],"class_list":{"0":"post-27535","1":"product","2":"type-product","3":"status-publish","4":"has-post-thumbnail","6":"product_cat-alassio","8":"first","9":"instock","10":"purchasable","11":"product-type-simple"},"_links":{"self":[{"href":"https:\/\/www.juescha.de\/de_de\/wp-json\/wp\/v2\/product\/27535","targetHints":{"allow":["GET"]}}],"collection":[{"href":"https:\/\/www.juescha.de\/de_de\/wp-json\/wp\/v2\/product"}],"about":[{"href":"https:\/\/www.juescha.de\/de_de\/wp-json\/wp\/v2\/types\/product"}],"version-history":[{"count":0,"href":"https:\/\/www.juescha.de\/de_de\/wp-json\/wp\/v2\/product\/27535\/revisions"}],"wp:featuredmedia":[{"embeddable":true,"href":"https:\/\/www.juescha.de\/de_de\/wp-json\/wp\/v2\/media\/7526"}],"wp:attachment":[{"href":"https:\/\/www.juescha.de\/de_de\/wp-json\/wp\/v2\/media?parent=27535"}],"wp:term":[{"taxonomy":"product_brand","embeddable":true,"href":"https:\/\/www.juescha.de\/de_de\/wp-json\/wp\/v2\/product_brand?post=27535"},{"taxonomy":"product_cat","embeddable":true,"href":"https:\/\/www.juescha.de\/de_de\/wp-json\/wp\/v2\/product_cat?post=27535"},{"taxonomy":"product_tag","embeddable":true,"href":"https:\/\/www.juescha.de\/de_de\/wp-json\/wp\/v2\/product_tag?post=27535"}],"curies":[{"name":"wp","href":"https:\/\/api.w.org\/{rel}","templated":true}]}}