{"id":27534,"date":"2025-04-28T19:53:04","date_gmt":"2025-04-28T17:53:04","guid":{"rendered":"https:\/\/www.juescha.de\/shop\/unkategorisiert\/ringbuchmappe-a4-monza\/"},"modified":"2026-01-21T08:49:19","modified_gmt":"2026-01-21T07:49:19","slug":"ringbuchmappe-a4-monza","status":"publish","type":"product","link":"https:\/\/www.juescha.de\/de_de\/shop\/alassio\/ringbuchmappe-a4-monza\/","title":{"rendered":"Ringbuchmappe A4 MONZA"},"content":{"rendered":"<h1>Ringbuchmappe A4 MONZA <\/h1>\n<p>Herausnehmbare Ringmechanik, zwei A4 Einsteckf\u00e4cher, drei Visitenkartenf\u00e4cher.<br \/>\nDie Ringbuchmappe A4 Monza von Alassio ist eine elegante und praktische Mappe, die aus hochwertigem schwarzem Nappaleder gefertigt ist. Die Mappe ist mit einem silbernen Rei\u00dfverschluss ausgestattet, der die Mappe sicher verschlie\u00dft und verhindert, dass Dokumente herausfallen k\u00f6nnen.<br \/>\nAuf der linken Seite der Mappe befinden sich drei Kreditkartenf\u00e4cher, ein Stifthalter sowie ein Einsteckfach f\u00fcr Dokumente. Auf der rechten Seite befindet sich ein 4-Ringmechanismus mit einem Durchmesser von 20 mm, der gen\u00fcgend Platz f\u00fcr A4-Dokumente bietet.<br \/>\nDie Mappe hat eine Gr\u00f6\u00dfe von 34,5 x 27 x 4 cm und ist damit gro\u00df genug, um alle wichtigen Dokumente sicher aufzubewahren und zu transportieren.<\/p>\n","protected":false},"excerpt":{"rendered":"<ul>\n<li>Hochwertiges schwarzes Nappaleder mit silbernem Rei\u00dfverschluss<\/li>\n<li>Herausnehmbare 4-Ringmechanik f\u00fcr A4-Dokumente<\/li>\n<li>Zwei A4-Einsteckf\u00e4cher &#038; drei Visitenkartenf\u00e4cher<\/li>\n<li>Integrierter Stifthalter f\u00fcr zus\u00e4tzlichen Schreibkomfort<\/li>\n<\/ul>\n","protected":false},"featured_media":7522,"template":"","meta":{"inline_featured_image":false},"product_brand":[],"product_cat":[1651],"product_tag":[],"class_list":{"0":"post-27534","1":"product","2":"type-product","3":"status-publish","4":"has-post-thumbnail","6":"product_cat-alassio","8":"first","9":"instock","10":"purchasable","11":"product-type-simple"},"_links":{"self":[{"href":"https:\/\/www.juescha.de\/de_de\/wp-json\/wp\/v2\/product\/27534","targetHints":{"allow":["GET"]}}],"collection":[{"href":"https:\/\/www.juescha.de\/de_de\/wp-json\/wp\/v2\/product"}],"about":[{"href":"https:\/\/www.juescha.de\/de_de\/wp-json\/wp\/v2\/types\/product"}],"version-history":[{"count":0,"href":"https:\/\/www.juescha.de\/de_de\/wp-json\/wp\/v2\/product\/27534\/revisions"}],"wp:featuredmedia":[{"embeddable":true,"href":"https:\/\/www.juescha.de\/de_de\/wp-json\/wp\/v2\/media\/7522"}],"wp:attachment":[{"href":"https:\/\/www.juescha.de\/de_de\/wp-json\/wp\/v2\/media?parent=27534"}],"wp:term":[{"taxonomy":"product_brand","embeddable":true,"href":"https:\/\/www.juescha.de\/de_de\/wp-json\/wp\/v2\/product_brand?post=27534"},{"taxonomy":"product_cat","embeddable":true,"href":"https:\/\/www.juescha.de\/de_de\/wp-json\/wp\/v2\/product_cat?post=27534"},{"taxonomy":"product_tag","embeddable":true,"href":"https:\/\/www.juescha.de\/de_de\/wp-json\/wp\/v2\/product_tag?post=27534"}],"curies":[{"name":"wp","href":"https:\/\/api.w.org\/{rel}","templated":true}]}}