{"id":27533,"date":"2025-04-28T19:53:04","date_gmt":"2025-04-28T17:53:04","guid":{"rendered":"https:\/\/www.juescha.de\/shop\/unkategorisiert\/reissverschlussmappe-a5-corniglia\/"},"modified":"2026-01-21T08:49:13","modified_gmt":"2026-01-21T07:49:13","slug":"reissverschlussmappe-a5-corniglia","status":"publish","type":"product","link":"https:\/\/www.juescha.de\/de_de\/shop\/alassio\/reissverschlussmappe-a5-corniglia\/","title":{"rendered":"Rei\u00dfverschlussmappe A5 CORNIGLIA"},"content":{"rendered":"<h1>Rei\u00dfverschlussmappe A5 CORNIGLIA <\/h1>\n<p>A5 F\u00e4chertasche, 4 Visitenkartenf\u00e4cher, flexible Stifeschlaufe, Taschenrechner,  Block<br \/>\nDie Rei\u00dfverschlussmappe A5 Corniglia in schwarz von Alassio ist ein hochwertiges und praktisches Schreibwaren-Accessoire, das sich ideal f\u00fcr den t\u00e4glichen Gebrauch eignet. Die Mappe ist aus robustem und strapazierf\u00e4higem Material gefertigt und in einem eleganten schwarzen Design gehalten.<br \/>\nDie Mappe ist auf der Vorderseite mit einem Rei\u00dfverschluss ausgestattet, der sich um die gesamte Mappe herumzieht und somit einen sicheren Verschluss garantiert. Auf der Innenseite der Mappe befindet sich ein gro\u00dfes Fach, das Platz f\u00fcr ein A5-Notizbuch. Au\u00dferdem gibt es zwei Stiftschlaufen, in die Stifte sicher aufbewahrt werden k\u00f6nnen.<br \/>\nDie Rei\u00dfverschlussmappe A5 Corniglia von Alassio ist ein sehr praktisches und stilvolles Accessoire, das sich sowohl f\u00fcr den t\u00e4glichen Gebrauch im B\u00fcro als auch f\u00fcr unterwegs eignet.<\/p>\n","protected":false},"excerpt":{"rendered":"<ul>\n<li>Elegantes, strapazierf\u00e4higes Design in Schwarz<\/li>\n<li>Umlaufender Rei\u00dfverschluss f\u00fcr sicheren Verschluss<\/li>\n<li>A5-F\u00e4chertasche, 4 Visitenkartenf\u00e4cher &#038; Taschenrechner<\/li>\n<li>Flexible Stiftschlaufe &#038; integrierter Block<\/li>\n<\/ul>\n","protected":false},"featured_media":7518,"template":"","meta":{"inline_featured_image":false},"product_brand":[],"product_cat":[1651],"product_tag":[],"class_list":{"0":"post-27533","1":"product","2":"type-product","3":"status-publish","4":"has-post-thumbnail","6":"product_cat-alassio","8":"first","9":"instock","10":"purchasable","11":"product-type-simple"},"_links":{"self":[{"href":"https:\/\/www.juescha.de\/de_de\/wp-json\/wp\/v2\/product\/27533","targetHints":{"allow":["GET"]}}],"collection":[{"href":"https:\/\/www.juescha.de\/de_de\/wp-json\/wp\/v2\/product"}],"about":[{"href":"https:\/\/www.juescha.de\/de_de\/wp-json\/wp\/v2\/types\/product"}],"version-history":[{"count":0,"href":"https:\/\/www.juescha.de\/de_de\/wp-json\/wp\/v2\/product\/27533\/revisions"}],"wp:featuredmedia":[{"embeddable":true,"href":"https:\/\/www.juescha.de\/de_de\/wp-json\/wp\/v2\/media\/7518"}],"wp:attachment":[{"href":"https:\/\/www.juescha.de\/de_de\/wp-json\/wp\/v2\/media?parent=27533"}],"wp:term":[{"taxonomy":"product_brand","embeddable":true,"href":"https:\/\/www.juescha.de\/de_de\/wp-json\/wp\/v2\/product_brand?post=27533"},{"taxonomy":"product_cat","embeddable":true,"href":"https:\/\/www.juescha.de\/de_de\/wp-json\/wp\/v2\/product_cat?post=27533"},{"taxonomy":"product_tag","embeddable":true,"href":"https:\/\/www.juescha.de\/de_de\/wp-json\/wp\/v2\/product_tag?post=27533"}],"curies":[{"name":"wp","href":"https:\/\/api.w.org\/{rel}","templated":true}]}}