{"id":27530,"date":"2025-04-28T19:53:02","date_gmt":"2025-04-28T17:53:02","guid":{"rendered":"https:\/\/www.juescha.de\/shop\/unkategorisiert\/ringbuchmappe-a4-reggio\/"},"modified":"2026-01-21T08:49:19","modified_gmt":"2026-01-21T07:49:19","slug":"ringbuchmappe-a4-reggio","status":"publish","type":"product","link":"https:\/\/www.juescha.de\/de_de\/shop\/alassio\/ringbuchmappe-a4-reggio\/","title":{"rendered":"Ringbuchmappe A4 REGGIO"},"content":{"rendered":"<h1>Ringbuchmappe A4 REGGIO <\/h1>\n<p>Herausnehmbare Ringmechanik, Taschenrechner, Universaletui, Block, vier Visitenkartenf\u00e4cher, A4 Einsteckfach au\u00dfen.<br \/>\nDie Ringbuchmappe A4 Reggio in schwarz von Alassio ist eine hochwertige und elegante Mappe, die sich ideal f\u00fcr den professionellen Einsatz eignet. Sie ist aus hochwertigem FINEtouch-Lederimitat gefertigt und zeichnet sich durch ihre zeitlose Optik in Schwarz aus.<br \/>\nDie Ringbuchmappe ist f\u00fcr das A4-Format geeignet und bietet somit ausreichend Platz f\u00fcr Dokumente, Papiere und Schreibutensilien. Sie verf\u00fcgt \u00fcber einen praktischen Rei\u00dfverschluss, der f\u00fcr sicheren Verschluss sorgt und verhindert, dass Dokumente herausfallen oder besch\u00e4digt werden.<br \/>\nDas Innere der Ringbuchmappe ist gut durchdacht und bietet zahlreiche F\u00e4cher und Taschen f\u00fcr eine optimale Organisation. Es gibt mehrere Einschubf\u00e4cher f\u00fcr Visitenkarten, ein gro\u00dfes Fach f\u00fcr Dokumente, sowie eine Stiftschlaufe, um Stifte sicher zu verstauen. Zudem ist ein herausnehmbarer A4-Schreibblock enthalten, der f\u00fcr schnelle Notizen oder das Verfassen von Berichten genutzt werden kann.<br \/>\nDie Ringbuchmappe A4 Reggio von Alassio zeichnet sich durch ihre hochwertige Verarbeitung und die Verwendung von strapazierf\u00e4higem FINEtouch-Lederimitat aus, das langlebig und pflegeleicht ist. Die elegante Optik in Schwarz verleiht der Ringbuchmappe ein professionelles Erscheinungsbild und macht sie zu einem stilvollen Begleiter f\u00fcr Meetings, Konferenzen oder den t\u00e4glichen B\u00fcroeinsatz.<\/p>\n","protected":false},"excerpt":{"rendered":"<ul>\n<li>FINEtouch-Lederimitat in elegantem Schwarz<\/li>\n<li>Herausnehmbare Ringmechanik, Block &#038; Taschenrechner<\/li>\n<li>Universaletui &#038; vier Visitenkartenf\u00e4cher<\/li>\n<li>A4-Einsteckfach au\u00dfen &#038; sicherer Rei\u00dfverschluss<\/li>\n<\/ul>\n","protected":false},"featured_media":7510,"template":"","meta":{"inline_featured_image":false},"product_brand":[],"product_cat":[1651],"product_tag":[],"class_list":{"0":"post-27530","1":"product","2":"type-product","3":"status-publish","4":"has-post-thumbnail","6":"product_cat-alassio","8":"first","9":"instock","10":"purchasable","11":"product-type-simple"},"_links":{"self":[{"href":"https:\/\/www.juescha.de\/de_de\/wp-json\/wp\/v2\/product\/27530","targetHints":{"allow":["GET"]}}],"collection":[{"href":"https:\/\/www.juescha.de\/de_de\/wp-json\/wp\/v2\/product"}],"about":[{"href":"https:\/\/www.juescha.de\/de_de\/wp-json\/wp\/v2\/types\/product"}],"version-history":[{"count":0,"href":"https:\/\/www.juescha.de\/de_de\/wp-json\/wp\/v2\/product\/27530\/revisions"}],"wp:featuredmedia":[{"embeddable":true,"href":"https:\/\/www.juescha.de\/de_de\/wp-json\/wp\/v2\/media\/7510"}],"wp:attachment":[{"href":"https:\/\/www.juescha.de\/de_de\/wp-json\/wp\/v2\/media?parent=27530"}],"wp:term":[{"taxonomy":"product_brand","embeddable":true,"href":"https:\/\/www.juescha.de\/de_de\/wp-json\/wp\/v2\/product_brand?post=27530"},{"taxonomy":"product_cat","embeddable":true,"href":"https:\/\/www.juescha.de\/de_de\/wp-json\/wp\/v2\/product_cat?post=27530"},{"taxonomy":"product_tag","embeddable":true,"href":"https:\/\/www.juescha.de\/de_de\/wp-json\/wp\/v2\/product_tag?post=27530"}],"curies":[{"name":"wp","href":"https:\/\/api.w.org\/{rel}","templated":true}]}}