{"id":27529,"date":"2025-04-28T19:53:02","date_gmt":"2025-04-28T17:53:02","guid":{"rendered":"https:\/\/www.juescha.de\/shop\/unkategorisiert\/ringbuchmappe-a4-porto\/"},"modified":"2026-01-21T08:49:16","modified_gmt":"2026-01-21T07:49:16","slug":"ringbuchmappe-a4-porto","status":"publish","type":"product","link":"https:\/\/www.juescha.de\/de_de\/shop\/alassio\/ringbuchmappe-a4-porto\/","title":{"rendered":"Ringbuchmappe A4 PORTO"},"content":{"rendered":"<h1>Ringbuchmappe A4 PORTO <\/h1>\n<p>Herausnehmbare Ringmechanik, Taschenrechner, Rei\u00dfverschlusstasche, sechs Visitenkartenf\u00e4cher, drei Stiftschlaufen, Frontseite mit Metallemblem, Griff.<br \/>\nDie Ringbuchmappe A4 Porto in schwarz von Alassio ist eine hochwertige, elegante und praktische Mappe, die sich ideal f\u00fcr den professionellen Einsatz eignet. Die Mappe ist aus strapazierf\u00e4higem, schwarzem FINEtouch-Lederimitat gefertigt, das einen edlen und professionellen Look vermittelt.<br \/>\nDie Mappe verf\u00fcgt \u00fcber einen Rei\u00dfverschluss, der die Mappe sicher verschlie\u00dft und somit einen sicheren Transport und Schutz der Unterlagen gew\u00e4hrleistet. Der Rei\u00dfverschluss ist leichtg\u00e4ngig und erm\u00f6glicht einen schnellen Zugriff auf den Inhalt der Mappe.<br \/>\nDas Innere der Ringbuchmappe ist gut organisiert und bietet viele M\u00f6glichkeiten zur Aufbewahrung von Dokumenten. Es gibt eine A4-Ringbuchmechanik mit 4 Ringen, die ausreichend Platz f\u00fcr gelochte Dokumente bietet. Die Ringe sind stabil und halten die Dokumente sicher an ihrem Platz.<br \/>\nDar\u00fcber hinaus verf\u00fcgt die Mappe \u00fcber mehrere F\u00e4cher und Taschen zur Aufbewahrung von Visitenkarten, Stiften, Notizen und anderen wichtigen Utensilien. .<br \/>\nDie Ringbuchmappe A4 Porto von Alassio ist nicht nur praktisch, sondern auch optisch ansprechend. Sie ist mit einer dezenten, silbernen Logo-Pr\u00e4gung von Alassio verziert, die einen Hauch von Eleganz verleiht.<br \/>\nDie Mappe ist in der Gr\u00f6\u00dfe A4 erh\u00e4ltlich, was sie ideal f\u00fcr die Aufbewahrung von Dokumenten und Unterlagen im A4-Format macht. Sie ist perfekt geeignet f\u00fcr Gesch\u00e4ftsleute, Manager, Anw\u00e4lte und andere Fachleute, die ihre Dokumente stilvoll und organisiert transportieren m\u00f6chten.<\/p>\n","protected":false},"excerpt":{"rendered":"<ul>\n<li>FINEtouch-Lederimitat mit Metallemblem &#038; Tragegriff<\/li>\n<li>Herausnehmbare Ringmechanik &#038; integrierter Taschenrechner<\/li>\n<li>Sechs Visitenkartenf\u00e4cher &#038; drei Stiftschlaufen<\/li>\n<li>Innenliegende Rei\u00dfverschlusstasche &#038; umlaufender Rei\u00dfverschluss<\/li>\n<\/ul>\n","protected":false},"featured_media":7505,"template":"","meta":{"inline_featured_image":false},"product_brand":[],"product_cat":[1651],"product_tag":[],"class_list":{"0":"post-27529","1":"product","2":"type-product","3":"status-publish","4":"has-post-thumbnail","6":"product_cat-alassio","8":"first","9":"instock","10":"purchasable","11":"product-type-simple"},"_links":{"self":[{"href":"https:\/\/www.juescha.de\/de_de\/wp-json\/wp\/v2\/product\/27529","targetHints":{"allow":["GET"]}}],"collection":[{"href":"https:\/\/www.juescha.de\/de_de\/wp-json\/wp\/v2\/product"}],"about":[{"href":"https:\/\/www.juescha.de\/de_de\/wp-json\/wp\/v2\/types\/product"}],"version-history":[{"count":0,"href":"https:\/\/www.juescha.de\/de_de\/wp-json\/wp\/v2\/product\/27529\/revisions"}],"wp:featuredmedia":[{"embeddable":true,"href":"https:\/\/www.juescha.de\/de_de\/wp-json\/wp\/v2\/media\/7505"}],"wp:attachment":[{"href":"https:\/\/www.juescha.de\/de_de\/wp-json\/wp\/v2\/media?parent=27529"}],"wp:term":[{"taxonomy":"product_brand","embeddable":true,"href":"https:\/\/www.juescha.de\/de_de\/wp-json\/wp\/v2\/product_brand?post=27529"},{"taxonomy":"product_cat","embeddable":true,"href":"https:\/\/www.juescha.de\/de_de\/wp-json\/wp\/v2\/product_cat?post=27529"},{"taxonomy":"product_tag","embeddable":true,"href":"https:\/\/www.juescha.de\/de_de\/wp-json\/wp\/v2\/product_tag?post=27529"}],"curies":[{"name":"wp","href":"https:\/\/api.w.org\/{rel}","templated":true}]}}