{"id":27525,"date":"2025-04-28T19:53:01","date_gmt":"2025-04-28T17:53:01","guid":{"rendered":"https:\/\/www.juescha.de\/shop\/unkategorisiert\/dokumentenmappe-a4-mit-schloss-4\/"},"modified":"2026-01-21T08:49:13","modified_gmt":"2026-01-21T07:49:13","slug":"dokumentenmappe-a4-mit-schloss-4","status":"publish","type":"product","link":"https:\/\/www.juescha.de\/de_de\/shop\/alassio\/dokumentenmappe-a4-mit-schloss-4\/","title":{"rendered":"Dokumentenmappe A4 mit Schloss"},"content":{"rendered":"<h1>Dokumentenmappe A4 mit Schloss <\/h1>\n<p>Klarsichtfach und Ringmechanik, mit 5 Dokumentenh\u00fcllen, Schloss mit Schl\u00fcssel.Die Dokumentenmappe A4 mit Schloss in cognac von Alassio ist ein hochwertiges und stilvolles Accessoire f\u00fcr den gesch\u00e4ftlichen Einsatz. Sie ist aus hochwertigem Leder gefertigt und besticht durch ihre elegante cognac-farbene Optik. Die Mappe hat ein A4-Format und bietet gen\u00fcgend Platz f\u00fcr Dokumente, Unterlagen, Stifte und andere B\u00fcrobedarfsgegenst\u00e4nde.Ein besonderes Merkmal dieser Dokumentenmappe ist das Schloss, das f\u00fcr zus\u00e4tzliche Sicherheit sorgt. Es erm\u00f6glicht das sichere Verstauen von vertraulichen Dokumenten und sch\u00fctzt diese vor unbefugtem Zugriff. Das Schloss ist in einem dezenten silbernen Ton gehalten und f\u00fcgt sich harmonisch in das Design der Mappe ein.Die Verarbeitung der Dokumentenmappe ist von hoher Qualit\u00e4t und sorgt f\u00fcr eine lange Lebensdauer. Sie ist robust und widerstandsf\u00e4hig gegen t\u00e4glichen Gebrauch und Verschlei\u00df. Die Dokumentenmappe A4 mit Schloss von Alassio ist eine praktische und elegante L\u00f6sung f\u00fcr die Aufbewahrung von Dokumenten und Unterlagen im gesch\u00e4ftlichen Umfeld. Sie vereint Funktionalit\u00e4t mit einem ansprechenden Design und ist somit sowohl praktisch als auch optisch ansprechend.<\/p>\n","protected":false},"excerpt":{"rendered":"<ul>\n<li>Echtes Leder in eleganter Cognac-Optik<\/li>\n<li>Schloss mit Schl\u00fcssel zum sicheren Verschlie\u00dfen<\/li>\n<li>Ringmechanik inkl. 5 Dokumentenh\u00fcllen<\/li>\n<li>Klarsichtfach f\u00fcr schnelle Dokumenten\u00fcbersicht<\/li>\n<\/ul>\n","protected":false},"featured_media":7497,"template":"","meta":{"inline_featured_image":false},"product_brand":[],"product_cat":[1651],"product_tag":[],"class_list":{"0":"post-27525","1":"product","2":"type-product","3":"status-publish","4":"has-post-thumbnail","6":"product_cat-alassio","8":"first","9":"instock","10":"purchasable","11":"product-type-simple"},"_links":{"self":[{"href":"https:\/\/www.juescha.de\/de_de\/wp-json\/wp\/v2\/product\/27525","targetHints":{"allow":["GET"]}}],"collection":[{"href":"https:\/\/www.juescha.de\/de_de\/wp-json\/wp\/v2\/product"}],"about":[{"href":"https:\/\/www.juescha.de\/de_de\/wp-json\/wp\/v2\/types\/product"}],"version-history":[{"count":0,"href":"https:\/\/www.juescha.de\/de_de\/wp-json\/wp\/v2\/product\/27525\/revisions"}],"wp:featuredmedia":[{"embeddable":true,"href":"https:\/\/www.juescha.de\/de_de\/wp-json\/wp\/v2\/media\/7497"}],"wp:attachment":[{"href":"https:\/\/www.juescha.de\/de_de\/wp-json\/wp\/v2\/media?parent=27525"}],"wp:term":[{"taxonomy":"product_brand","embeddable":true,"href":"https:\/\/www.juescha.de\/de_de\/wp-json\/wp\/v2\/product_brand?post=27525"},{"taxonomy":"product_cat","embeddable":true,"href":"https:\/\/www.juescha.de\/de_de\/wp-json\/wp\/v2\/product_cat?post=27525"},{"taxonomy":"product_tag","embeddable":true,"href":"https:\/\/www.juescha.de\/de_de\/wp-json\/wp\/v2\/product_tag?post=27525"}],"curies":[{"name":"wp","href":"https:\/\/api.w.org\/{rel}","templated":true}]}}