{"id":27524,"date":"2025-04-28T19:53:01","date_gmt":"2025-04-28T17:53:01","guid":{"rendered":"https:\/\/www.juescha.de\/shop\/unkategorisiert\/dokumentenmappe-a4-mit-schloss-3\/"},"modified":"2026-01-21T08:49:13","modified_gmt":"2026-01-21T07:49:13","slug":"dokumentenmappe-a4-mit-schloss-3","status":"publish","type":"product","link":"https:\/\/www.juescha.de\/de_de\/shop\/alassio\/dokumentenmappe-a4-mit-schloss-3\/","title":{"rendered":"Dokumentenmappe A4 mit Schloss"},"content":{"rendered":"<h1>Dokumentenmappe A4 mit Schloss<\/h1>\n<p>Klarsichtfach und Ringmechanik, mit 5 Dokumentenh\u00fcllen, Schloss mit Schl\u00fcssel.Die Dokumentenmappe A4 mit Schloss in Braun von Alassio ist ein elegantes und funktionales Produkt, das sowohl f\u00fcr den professionellen als auch den pers\u00f6nlichen Gebrauch geeignet ist. Sie ist aus hochwertigem  Hunter Leder gefertigt und verf\u00fcgt \u00fcber eine attraktive braune Farbe, die einen zeitlosen und anspruchsvollen Look verleiht.Die Dokumentenmappe hat das Standard-A4-Format, das perfekt f\u00fcr die Aufbewahrung von Dokumenten und Papieren geeignet ist. Ein besonderes Merkmal dieser Mappe ist das integrierte Schloss, das f\u00fcr zus\u00e4tzliche Sicherheit sorgt. Das Schloss ist einfach zu bedienen und sch\u00fctzt vertrauliche Dokumente vor unbefugtem Zugriff. Es bietet einen zuverl\u00e4ssigen Schutz f\u00fcr wichtige Unterlagen und vermittelt ein Gef\u00fchl von Privatsph\u00e4re und Vertraulichkeit.Die hochwertige Verarbeitung und das strapazierf\u00e4hige Hunter Leder machen diese Dokumentenmappe langlebig und robust. Sie eignet sich ideal f\u00fcr den t\u00e4glichen Gebrauch im B\u00fcro, auf Gesch\u00e4ftsreisen oder f\u00fcr pers\u00f6nliche Zwecke.Die Dokumentenmappe A4 mit Schloss in Braun von Alassio ist ein stilvolles und praktisches Accessoire f\u00fcr Gesch\u00e4ftsleute, Fachleute und alle, die Wert auf Qualit\u00e4t und Organisation legen.<\/p>\n","protected":false},"excerpt":{"rendered":"<ul>\n<li>Hochwertiges, robustes Hunter Leder in elegantem Braun<\/li>\n<li>Integriertes Schloss mit Schl\u00fcssel f\u00fcr sichere Aufbewahrung<\/li>\n<li>Klarsichtfach &#038; Ringmechanik mit 5 Dokumentenh\u00fcllen<\/li>\n<li>Ideal f\u00fcr A4-Dokumente im B\u00fcro oder unterwegs<\/li>\n<\/ul>\n","protected":false},"featured_media":7493,"template":"","meta":{"inline_featured_image":false},"product_brand":[],"product_cat":[1651],"product_tag":[],"class_list":{"0":"post-27524","1":"product","2":"type-product","3":"status-publish","4":"has-post-thumbnail","6":"product_cat-alassio","8":"first","9":"instock","10":"purchasable","11":"product-type-simple"},"_links":{"self":[{"href":"https:\/\/www.juescha.de\/de_de\/wp-json\/wp\/v2\/product\/27524","targetHints":{"allow":["GET"]}}],"collection":[{"href":"https:\/\/www.juescha.de\/de_de\/wp-json\/wp\/v2\/product"}],"about":[{"href":"https:\/\/www.juescha.de\/de_de\/wp-json\/wp\/v2\/types\/product"}],"version-history":[{"count":0,"href":"https:\/\/www.juescha.de\/de_de\/wp-json\/wp\/v2\/product\/27524\/revisions"}],"wp:featuredmedia":[{"embeddable":true,"href":"https:\/\/www.juescha.de\/de_de\/wp-json\/wp\/v2\/media\/7493"}],"wp:attachment":[{"href":"https:\/\/www.juescha.de\/de_de\/wp-json\/wp\/v2\/media?parent=27524"}],"wp:term":[{"taxonomy":"product_brand","embeddable":true,"href":"https:\/\/www.juescha.de\/de_de\/wp-json\/wp\/v2\/product_brand?post=27524"},{"taxonomy":"product_cat","embeddable":true,"href":"https:\/\/www.juescha.de\/de_de\/wp-json\/wp\/v2\/product_cat?post=27524"},{"taxonomy":"product_tag","embeddable":true,"href":"https:\/\/www.juescha.de\/de_de\/wp-json\/wp\/v2\/product_tag?post=27524"}],"curies":[{"name":"wp","href":"https:\/\/api.w.org\/{rel}","templated":true}]}}