{"id":27523,"date":"2025-04-28T19:53:00","date_gmt":"2025-04-28T17:53:00","guid":{"rendered":"https:\/\/www.juescha.de\/shop\/unkategorisiert\/dokumentenmappe-a4-mit-schloss-2\/"},"modified":"2026-01-21T08:49:13","modified_gmt":"2026-01-21T07:49:13","slug":"dokumentenmappe-a4-mit-schloss-2","status":"publish","type":"product","link":"https:\/\/www.juescha.de\/de_de\/shop\/alassio\/dokumentenmappe-a4-mit-schloss-2\/","title":{"rendered":"Dokumentenmappe A4 mit Schloss"},"content":{"rendered":"<h1>Dokumentenmappe A4 mit Schloss <\/h1>\n<p>Klarsichtfach und Ringmechanik, mit 5 Dokumentenh\u00fcllen, Schloss mit Schl\u00fcssel.Die Dokumentenmappe A4 mit Schloss in schwarz von Alassio ist ein elegantes und praktisches Accessoire f\u00fcr den modernen Gesch\u00e4ftsmann oder die moderne Gesch\u00e4ftsfrau. Sie ist aus hochwertigem schwarzen Kunstleder gefertigt, das ein edles und professionelles Aussehen vermittelt. Die Mappe ist im Format A4, was Platz f\u00fcr Dokumente, Papiere und andere Unterlagen bietet.Ein besonderes Merkmal dieser Dokumentenmappe ist das eingebaute Schloss, das f\u00fcr zus\u00e4tzliche Sicherheit sorgt. Das Schloss ist in Silber gehalten und f\u00fcgt sich harmonisch in das Design der Mappe ein. Es erm\u00f6glicht das sichere Verschlie\u00dfen der Mappe, um den Inhalt vor unbefugtem Zugriff zu sch\u00fctzen.Die Dokumentenmappe von Alassio ist hochwertig verarbeitet und zeichnet sich durch ihre Langlebigkeit und Strapazierf\u00e4higkeit aus. Sie ist ideal f\u00fcr den t\u00e4glichen Gebrauch im B\u00fcro, auf Gesch\u00e4ftsreisen oder bei Meetings geeignet. Mit ihrem zeitlosen Design und dem praktischen Schloss ist sie nicht nur funktional, sondern auch ein stilvolles Accessoire f\u00fcr den gesch\u00e4ftlichen Alltag.<\/p>\n","protected":false},"excerpt":{"rendered":"<ul>\n<li>Strapazierf\u00e4higes Kunstleder in klassischem Schwarz<\/li>\n<li>Silberfarbenes Schloss mit Schl\u00fcssel zum sicheren Verschlie\u00dfen<\/li>\n<li>Ringmechanik mit 5 Dokumentenh\u00fcllen zur Organisation<\/li>\n<li>Klarsichtfach f\u00fcr sofortige \u00dcbersicht wichtiger Unterlagen<\/li>\n<\/ul>\n","protected":false},"featured_media":7490,"template":"","meta":{"inline_featured_image":false},"product_brand":[],"product_cat":[1651],"product_tag":[],"class_list":{"0":"post-27523","1":"product","2":"type-product","3":"status-publish","4":"has-post-thumbnail","6":"product_cat-alassio","8":"first","9":"instock","10":"purchasable","11":"product-type-simple"},"_links":{"self":[{"href":"https:\/\/www.juescha.de\/de_de\/wp-json\/wp\/v2\/product\/27523","targetHints":{"allow":["GET"]}}],"collection":[{"href":"https:\/\/www.juescha.de\/de_de\/wp-json\/wp\/v2\/product"}],"about":[{"href":"https:\/\/www.juescha.de\/de_de\/wp-json\/wp\/v2\/types\/product"}],"version-history":[{"count":0,"href":"https:\/\/www.juescha.de\/de_de\/wp-json\/wp\/v2\/product\/27523\/revisions"}],"wp:featuredmedia":[{"embeddable":true,"href":"https:\/\/www.juescha.de\/de_de\/wp-json\/wp\/v2\/media\/7490"}],"wp:attachment":[{"href":"https:\/\/www.juescha.de\/de_de\/wp-json\/wp\/v2\/media?parent=27523"}],"wp:term":[{"taxonomy":"product_brand","embeddable":true,"href":"https:\/\/www.juescha.de\/de_de\/wp-json\/wp\/v2\/product_brand?post=27523"},{"taxonomy":"product_cat","embeddable":true,"href":"https:\/\/www.juescha.de\/de_de\/wp-json\/wp\/v2\/product_cat?post=27523"},{"taxonomy":"product_tag","embeddable":true,"href":"https:\/\/www.juescha.de\/de_de\/wp-json\/wp\/v2\/product_tag?post=27523"}],"curies":[{"name":"wp","href":"https:\/\/api.w.org\/{rel}","templated":true}]}}