{"id":27522,"date":"2025-04-28T19:53:00","date_gmt":"2025-04-28T17:53:00","guid":{"rendered":"https:\/\/www.juescha.de\/shop\/unkategorisiert\/dokumentenmappe-a4-mit-schloss\/"},"modified":"2026-01-21T08:49:13","modified_gmt":"2026-01-21T07:49:13","slug":"dokumentenmappe-a4-mit-schloss","status":"publish","type":"product","link":"https:\/\/www.juescha.de\/de_de\/shop\/alassio\/dokumentenmappe-a4-mit-schloss\/","title":{"rendered":"Dokumentenmappe A4 mit Schloss"},"content":{"rendered":"<h1>Dokumentenmappe A4 mit Schloss <\/h1>\n<p>Klarsichtfach und Ringmechanik, mit 5 Dokumentenh\u00fcllen, Schloss mit Schl\u00fcssel.Die Dokumentenmappe A4 mit Schloss in Schwarz von Alassio ist ein elegantes und funktionales Accessoire f\u00fcr den gesch\u00e4ftlichen Gebrauch. Die Mappe ist aus hochwertigem schwarzen Nappaleder gefertigt und vermittelt einen professionellen und edlen Eindruck.Die Mappe hat ein klassisches A4-Format und bietet daher gen\u00fcgend Platz f\u00fcr Dokumente, Unterlagen und Schreibutensilien. Die Mappe ist mit einem integrierten Schloss ausgestattet, um einen h\u00f6heren Schutz f\u00fcr vertrauliche Dokumente zu gew\u00e4hrleisten.Die Verarbeitung der Mappe ist von hoher Qualit\u00e4t, mit sauberen N\u00e4hten und strapazierf\u00e4higem Nappaleder, das lange haltbar ist und einen edlen Look vermittelt. Die Mappe ist zudem leicht und handlich, was den Transport von Dokumenten bequem und einfach macht.Die schwarze Farbe und das Schloss verleihen der Mappe eine professionelle Optik und machen sie zu einem idealen Begleiter f\u00fcr Gesch\u00e4ftsleute, die Wert auf Stil und Funktionalit\u00e4t legen.<\/p>\n","protected":false},"excerpt":{"rendered":"<ul>\n<li>Hochwertiges Nappaleder in klassischem Schwarz<\/li>\n<li>Schloss mit Schl\u00fcssel f\u00fcr sicheren Dokumentenschutz<\/li>\n<li>Inklusive 5 Dokumentenh\u00fcllen &#038; Ringmechanik<\/li>\n<li>Klarsichtfach zur \u00fcbersichtlichen Ablage<\/li>\n<\/ul>\n","protected":false},"featured_media":7490,"template":"","meta":{"inline_featured_image":false},"product_brand":[],"product_cat":[1651],"product_tag":[],"class_list":{"0":"post-27522","1":"product","2":"type-product","3":"status-publish","4":"has-post-thumbnail","6":"product_cat-alassio","8":"first","9":"instock","10":"purchasable","11":"product-type-simple"},"_links":{"self":[{"href":"https:\/\/www.juescha.de\/de_de\/wp-json\/wp\/v2\/product\/27522","targetHints":{"allow":["GET"]}}],"collection":[{"href":"https:\/\/www.juescha.de\/de_de\/wp-json\/wp\/v2\/product"}],"about":[{"href":"https:\/\/www.juescha.de\/de_de\/wp-json\/wp\/v2\/types\/product"}],"version-history":[{"count":0,"href":"https:\/\/www.juescha.de\/de_de\/wp-json\/wp\/v2\/product\/27522\/revisions"}],"wp:featuredmedia":[{"embeddable":true,"href":"https:\/\/www.juescha.de\/de_de\/wp-json\/wp\/v2\/media\/7490"}],"wp:attachment":[{"href":"https:\/\/www.juescha.de\/de_de\/wp-json\/wp\/v2\/media?parent=27522"}],"wp:term":[{"taxonomy":"product_brand","embeddable":true,"href":"https:\/\/www.juescha.de\/de_de\/wp-json\/wp\/v2\/product_brand?post=27522"},{"taxonomy":"product_cat","embeddable":true,"href":"https:\/\/www.juescha.de\/de_de\/wp-json\/wp\/v2\/product_cat?post=27522"},{"taxonomy":"product_tag","embeddable":true,"href":"https:\/\/www.juescha.de\/de_de\/wp-json\/wp\/v2\/product_tag?post=27522"}],"curies":[{"name":"wp","href":"https:\/\/api.w.org\/{rel}","templated":true}]}}