{"id":27516,"date":"2025-04-28T19:52:59","date_gmt":"2025-04-28T17:52:59","guid":{"rendered":"https:\/\/www.juescha.de\/shop\/unkategorisiert\/ringbuchmappe-a4-viterbo\/"},"modified":"2026-01-21T08:49:18","modified_gmt":"2026-01-21T07:49:18","slug":"ringbuchmappe-a4-viterbo","status":"publish","type":"product","link":"https:\/\/www.juescha.de\/de_de\/shop\/alassio\/ringbuchmappe-a4-viterbo\/","title":{"rendered":"Ringbuchmappe A4 VITERBO"},"content":{"rendered":"<h1>Ringbuchmappe A4 VITERBO <\/h1>\n<p>Herausnehmbare Ringmechanik, Taschenrechner, Universaletui, Block, sechs Visitenkartenf\u00e4cher, drei Stiftschlaufen, A4 Einschubfach, zwei verschlie\u00dfbare A4 Einschubf\u00e4cher au\u00dfen.<br \/>\nDie Ringbuchmappe A4 Viterbo von Alassio ist eine elegante und funktionale Mappe, die f\u00fcr den professionellen Gebrauch konzipiert ist. Sie ist aus hochwertigem FINEtouch-Lederimitat in einem attraktiven Braunton gefertigt, was ihr ein ansprechendes Aussehen verleiht. Die Mappe ist f\u00fcr das Format A4 geeignet und bietet somit ausreichend Platz f\u00fcr Dokumente, Papiere und Schreibutensilien.<br \/>\nDie Mappe verf\u00fcgt \u00fcber einen stabilen 4-Ring-Mechanismus, der es erm\u00f6glicht, Dokumente sicher und geordnet abzulegen. Der Mechanismus ist leicht zu \u00f6ffnen und zu schlie\u00dfen, was den Zugriff auf die Inhalte der Mappe erleichtert. Zudem sind die Ringe aus Metall gefertigt und somit langlebig und strapazierf\u00e4hig.<br \/>\nDie Innenausstattung der Ringbuchmappe ist gut durchdacht. Im Inneren befinden sich verschiedene F\u00e4cher und Taschen, die f\u00fcr eine optimale Organisation sorgen. Es gibt beispielsweise Einsteckf\u00e4cher f\u00fcr Visitenkarten und ein gro\u00dfes Einsteckfach f\u00fcr Dokumente auf der linken Innenseite. Auf der rechten Innenseite befindet sich ein Schreibblock im Format A4, der sich problemlos austauschen l\u00e4sst. Au\u00dferdem gibt es Stiftschlaufen f\u00fcr das sichere Verstauen von Stiften.<br \/>\nDie Ringbuchmappe A4 Viterbo ist robust und strapazierf\u00e4hig, was sie ideal f\u00fcr den t\u00e4glichen Gebrauch im B\u00fcro, bei Meetings oder auf Gesch\u00e4ftsreisen macht. Sie ist gut verarbeitet und zeigt eine hohe Qualit\u00e4t in Material und Verarbeitung.<\/p>\n","protected":false},"excerpt":{"rendered":"<ul>\n<li>FINEtouch-Lederimitat in edlem Braun<\/li>\n<li>Herausnehmbare Ringmechanik, Block &#038; Taschenrechner<\/li>\n<li>Universaletui, sechs Kartenf\u00e4cher &#038; drei Stiftschlaufen<\/li>\n<li>A4-Einschubfach &#038; zwei verschlie\u00dfbare Au\u00dfenf\u00e4cher<\/li>\n<\/ul>\n","protected":false},"featured_media":7479,"template":"","meta":{"inline_featured_image":false},"product_brand":[],"product_cat":[1651],"product_tag":[],"class_list":{"0":"post-27516","1":"product","2":"type-product","3":"status-publish","4":"has-post-thumbnail","6":"product_cat-alassio","8":"first","9":"instock","10":"purchasable","11":"product-type-simple"},"_links":{"self":[{"href":"https:\/\/www.juescha.de\/de_de\/wp-json\/wp\/v2\/product\/27516","targetHints":{"allow":["GET"]}}],"collection":[{"href":"https:\/\/www.juescha.de\/de_de\/wp-json\/wp\/v2\/product"}],"about":[{"href":"https:\/\/www.juescha.de\/de_de\/wp-json\/wp\/v2\/types\/product"}],"version-history":[{"count":0,"href":"https:\/\/www.juescha.de\/de_de\/wp-json\/wp\/v2\/product\/27516\/revisions"}],"wp:featuredmedia":[{"embeddable":true,"href":"https:\/\/www.juescha.de\/de_de\/wp-json\/wp\/v2\/media\/7479"}],"wp:attachment":[{"href":"https:\/\/www.juescha.de\/de_de\/wp-json\/wp\/v2\/media?parent=27516"}],"wp:term":[{"taxonomy":"product_brand","embeddable":true,"href":"https:\/\/www.juescha.de\/de_de\/wp-json\/wp\/v2\/product_brand?post=27516"},{"taxonomy":"product_cat","embeddable":true,"href":"https:\/\/www.juescha.de\/de_de\/wp-json\/wp\/v2\/product_cat?post=27516"},{"taxonomy":"product_tag","embeddable":true,"href":"https:\/\/www.juescha.de\/de_de\/wp-json\/wp\/v2\/product_tag?post=27516"}],"curies":[{"name":"wp","href":"https:\/\/api.w.org\/{rel}","templated":true}]}}