{"id":27515,"date":"2025-04-28T19:52:59","date_gmt":"2025-04-28T17:52:59","guid":{"rendered":"https:\/\/www.juescha.de\/shop\/unkategorisiert\/ringbuchmappe-a4-riccione\/"},"modified":"2026-01-21T08:49:18","modified_gmt":"2026-01-21T07:49:18","slug":"ringbuchmappe-a4-riccione","status":"publish","type":"product","link":"https:\/\/www.juescha.de\/de_de\/shop\/alassio\/ringbuchmappe-a4-riccione\/","title":{"rendered":"Ringbuchmappe A4 RICCIONE"},"content":{"rendered":"<h1>Ringbuchmappe A4 RICCIONE <\/h1>\n<p>Herausnehmbare Ringmechanik, Taschenrechner, Universaletui, Block, sechs Visitenkartenf\u00e4cher, drei Stiftschlaufen, A4 Einschubfach, zwei verschlie\u00dfbare A4 Einschubf\u00e4cher au\u00dfen.<br \/>\nDie Ringbuchmappe A4 Riccione in Schwarz von Alassio ist eine hochwertige und elegante Aktentasche, die speziell f\u00fcr den professionellen Einsatz entwickelt wurde. Sie ist aus hochwertigem FINEtouch-Lederimitat gefertigt und besticht durch ihr zeitloses Design.<br \/>\nDie Mappe verf\u00fcgt \u00fcber ein ger\u00e4umiges Hauptfach, das Platz f\u00fcr A4-Dokumente bietet. Es ist mit einem Rei\u00dfverschluss verschlie\u00dfbar, um die Inhalte sicher und gesch\u00fctzt zu halten. Im Inneren befinden sich mehrere Einschubf\u00e4cher, Kartenf\u00e4cher und Stiftschlaufen, die eine organisierte Aufbewahrung von Dokumenten, Visitenkarten, Stiften und anderen wichtigen Utensilien erm\u00f6glichen.<br \/>\nIn der Ringbuchmappe befindet sich ein herausnehmbarer 4-Ring-Mechanismus, der es erm\u00f6glicht, gelochte Dokumente wie Notizen, Pr\u00e4sentationen oder Berichte abzuheften. Der Mechanismus ist stabil und robust und h\u00e4lt die Dokumente sicher an Ort und Stelle.<br \/>\nDie Ringbuchmappe A4 Riccione von Alassio ist in einem klassischen Schwarz gehalten, das ihr ein edles Aussehen verleiht und gut zu jedem professionellen Umfeld passt. Sie ist gut verarbeitet und von hoher Qualit\u00e4t, was sie zu einem langlebigen Begleiter f\u00fcr Gesch\u00e4ftsleute, Manager, Anw\u00e4lte oder Studenten macht.<\/p>\n","protected":false},"excerpt":{"rendered":"<ul>\n<li>FINEtouch-Lederimitat in klassischem Schwarz<\/li>\n<li>Herausnehmbare Ringmechanik, Block &#038; Taschenrechner<\/li>\n<li>Universaletui, sechs Kartenf\u00e4cher &#038; drei Stiftschlaufen<\/li>\n<li>A4-Einschubfach &#038; zwei verschlie\u00dfbare Au\u00dfenf\u00e4cher<\/li>\n<\/ul>\n","protected":false},"featured_media":7476,"template":"","meta":{"inline_featured_image":false},"product_brand":[],"product_cat":[1651],"product_tag":[],"class_list":{"0":"post-27515","1":"product","2":"type-product","3":"status-publish","4":"has-post-thumbnail","6":"product_cat-alassio","8":"first","9":"instock","10":"purchasable","11":"product-type-simple"},"_links":{"self":[{"href":"https:\/\/www.juescha.de\/de_de\/wp-json\/wp\/v2\/product\/27515","targetHints":{"allow":["GET"]}}],"collection":[{"href":"https:\/\/www.juescha.de\/de_de\/wp-json\/wp\/v2\/product"}],"about":[{"href":"https:\/\/www.juescha.de\/de_de\/wp-json\/wp\/v2\/types\/product"}],"version-history":[{"count":0,"href":"https:\/\/www.juescha.de\/de_de\/wp-json\/wp\/v2\/product\/27515\/revisions"}],"wp:featuredmedia":[{"embeddable":true,"href":"https:\/\/www.juescha.de\/de_de\/wp-json\/wp\/v2\/media\/7476"}],"wp:attachment":[{"href":"https:\/\/www.juescha.de\/de_de\/wp-json\/wp\/v2\/media?parent=27515"}],"wp:term":[{"taxonomy":"product_brand","embeddable":true,"href":"https:\/\/www.juescha.de\/de_de\/wp-json\/wp\/v2\/product_brand?post=27515"},{"taxonomy":"product_cat","embeddable":true,"href":"https:\/\/www.juescha.de\/de_de\/wp-json\/wp\/v2\/product_cat?post=27515"},{"taxonomy":"product_tag","embeddable":true,"href":"https:\/\/www.juescha.de\/de_de\/wp-json\/wp\/v2\/product_tag?post=27515"}],"curies":[{"name":"wp","href":"https:\/\/api.w.org\/{rel}","templated":true}]}}