{"id":27511,"date":"2025-04-28T19:52:57","date_gmt":"2025-04-28T17:52:57","guid":{"rendered":"https:\/\/www.juescha.de\/shop\/unkategorisiert\/ringbuchmappe-a4-bergamo\/"},"modified":"2026-01-21T08:49:13","modified_gmt":"2026-01-21T07:49:13","slug":"ringbuchmappe-a4-bergamo","status":"publish","type":"product","link":"https:\/\/www.juescha.de\/de_de\/shop\/alassio\/ringbuchmappe-a4-bergamo\/","title":{"rendered":"Ringbuchmappe A4 BERGAMO"},"content":{"rendered":"<h1>Ringbuchmappe A4 BERGAMO <\/h1>\n<p>50 mm 2-Loch Kipphebelmechanik, vier Visitenkartenf\u00e4cher, Multifunktionstasche, Rei\u00dfverschlussfach, zwei Stiftschlaufen, A4 Einschubfach, zwei Elastikschlaufen, Tragegriff.<br \/>\nDie Ringbuchmappe A4 Bergamo in schwarz von Alassio ist eine hochwertige und elegante Aktenmappe, die aus strapazierf\u00e4higem Kunstleder gefertigt ist. Die Mappe ist speziell f\u00fcr das Format A4 konzipiert und bietet ausreichend Platz f\u00fcr Dokumente, Papiere und Schreibutensilien. Die Mappe ist mit einer praktischen 2-Loch Kipphebelmechanik ausgestattet, der es erm\u00f6glicht, gelochte Unterlagen sicher und geordnet abzulegen.<br \/>\nIm Inneren der Mappe befinden sich mehrere F\u00e4cher f\u00fcr Dokumente und Karten. Es gibt ein gro\u00dfes Einschubfach f\u00fcr lose Bl\u00e4tter, Stiftschlaufen f\u00fcr Stifte oder Bleistifte und mehrere Kartenf\u00e4cher f\u00fcr Visitenkarten oder Kreditkarten. Zus\u00e4tzlich ist ein A4-Schreibblock enthalten, der f\u00fcr schnelle Notizen oder Mitschriften verwendet werden kann.<br \/>\nDie Ringbuchmappe A4 Bergamo von Alassio ist ideal f\u00fcr den gesch\u00e4ftlichen Einsatz oder f\u00fcr den t\u00e4glichen Gebrauch in der Schule oder im B\u00fcro. Sie bietet eine stilvolle und praktische L\u00f6sung f\u00fcr die Organisation von Dokumenten und Unterlagen und ist dank ihres zeitlosen Designs und der hochwertigen Verarbeitung ein langlebiger Begleiter im B\u00fcroalltag.<\/p>\n","protected":false},"excerpt":{"rendered":"<ul>\n<li>Strapazierf\u00e4higes Kunstleder mit Tragegriff<\/li>\n<li>50\u202fmm Kipphebelmechanik (2-Loch) f\u00fcr A4-Dokumente<\/li>\n<li>Vier Visitenkartenf\u00e4cher, A4-Einschubfach &#038; Multifunktionstasche<\/li>\n<li>Zwei Stiftschlaufen, Rei\u00dfverschlussfach &#038; Elastikschlaufen<\/li>\n<\/ul>\n","protected":false},"featured_media":7462,"template":"","meta":{"inline_featured_image":false},"product_brand":[],"product_cat":[1651],"product_tag":[],"class_list":{"0":"post-27511","1":"product","2":"type-product","3":"status-publish","4":"has-post-thumbnail","6":"product_cat-alassio","8":"first","9":"instock","10":"purchasable","11":"product-type-simple"},"_links":{"self":[{"href":"https:\/\/www.juescha.de\/de_de\/wp-json\/wp\/v2\/product\/27511","targetHints":{"allow":["GET"]}}],"collection":[{"href":"https:\/\/www.juescha.de\/de_de\/wp-json\/wp\/v2\/product"}],"about":[{"href":"https:\/\/www.juescha.de\/de_de\/wp-json\/wp\/v2\/types\/product"}],"version-history":[{"count":0,"href":"https:\/\/www.juescha.de\/de_de\/wp-json\/wp\/v2\/product\/27511\/revisions"}],"wp:featuredmedia":[{"embeddable":true,"href":"https:\/\/www.juescha.de\/de_de\/wp-json\/wp\/v2\/media\/7462"}],"wp:attachment":[{"href":"https:\/\/www.juescha.de\/de_de\/wp-json\/wp\/v2\/media?parent=27511"}],"wp:term":[{"taxonomy":"product_brand","embeddable":true,"href":"https:\/\/www.juescha.de\/de_de\/wp-json\/wp\/v2\/product_brand?post=27511"},{"taxonomy":"product_cat","embeddable":true,"href":"https:\/\/www.juescha.de\/de_de\/wp-json\/wp\/v2\/product_cat?post=27511"},{"taxonomy":"product_tag","embeddable":true,"href":"https:\/\/www.juescha.de\/de_de\/wp-json\/wp\/v2\/product_tag?post=27511"}],"curies":[{"name":"wp","href":"https:\/\/api.w.org\/{rel}","templated":true}]}}