{"id":27506,"date":"2025-04-28T19:52:56","date_gmt":"2025-04-28T17:52:56","guid":{"rendered":"https:\/\/www.juescha.de\/shop\/unkategorisiert\/schreibmappe-a4-catana\/"},"modified":"2026-01-21T08:49:18","modified_gmt":"2026-01-21T07:49:18","slug":"schreibmappe-a4-catana","status":"publish","type":"product","link":"https:\/\/www.juescha.de\/de_de\/shop\/alassio\/schreibmappe-a4-catana\/","title":{"rendered":"Schreibmappe A4 CATANA"},"content":{"rendered":"<h1>Schreibmappe A4 CATANA <\/h1>\n<p>Rei\u00dfverschluss, Taschenrechner, Block, drei Visitenkartenf\u00e4cher, zwei Stiftschlaufen, A4 Einschubfach.<br \/>\nDie Schreibmappe A4 Catana in Schwarz von Alassio ist ein elegantes und hochwertiges Schreibaccessoire, das sowohl im B\u00fcro als auch im gesch\u00e4ftlichen Umfeld einen professionellen Eindruck hinterl\u00e4sst. Die Schreibmappe ist aus hochwertigem Nappaleder gefertigt und besticht durch ihre strapazierf\u00e4hige Verarbeitung. Die Au\u00dfenseite der Mappe ist in mattem Schwarz gehalten, was ihr ein zeitloses und klassisches Aussehen verleiht.<br \/>\nDie Schreibmappe ist im Format A4 gestaltet, was gen\u00fcgend Platz f\u00fcr DIN-A4-Dokumente, Schreibbl\u00f6cke oder Notizb\u00fccher bietet. An der Mappe befindet sich ein umlaufender Rei\u00dfverschluss, der die Dokumente sicher und gesch\u00fctzt h\u00e4lt.<br \/>\nDie Schreibmappe A4 Catana verf\u00fcgt \u00fcber eine durchdachte Innenausstattung. Auf der linken Seite befindet sich ein Einschubfach f\u00fcr lose Dokumente und Visitenkarten. Auf der rechten Seite ist ein A4-Schreibblock enthalten, der einfach ausgetauscht werden kann. Ein Stiftschlaufenhalterung und ein weiteres Einschubfach f\u00fcr Stifte, Karten oder sonstige Utensilien sind ebenfalls vorhanden.<br \/>\nDie hochwertige Verarbeitung und das stilvolle Design machen die Schreibmappe A4 Catana von Alassio zu einem idealen Begleiter f\u00fcr gesch\u00e4ftliche Meetings, Konferenzen oder f\u00fcr den t\u00e4glichen B\u00fcrogebrauch.<\/p>\n","protected":false},"excerpt":{"rendered":"<ul>\n<li>Hochwertiges Nappaleder in mattem Schwarz<\/li>\n<li>Umlaufender Rei\u00dfverschluss f\u00fcr sicheren Verschluss<\/li>\n<li>Mit A4-Block, Taschenrechner &#038; A4-Einschubfach<\/li>\n<li>Drei Visitenkartenf\u00e4cher &#038; zwei Stiftschlaufen<\/li>\n<\/ul>\n","protected":false},"featured_media":7450,"template":"","meta":{"inline_featured_image":false},"product_brand":[],"product_cat":[1651],"product_tag":[],"class_list":{"0":"post-27506","1":"product","2":"type-product","3":"status-publish","4":"has-post-thumbnail","6":"product_cat-alassio","8":"first","9":"instock","10":"purchasable","11":"product-type-simple"},"_links":{"self":[{"href":"https:\/\/www.juescha.de\/de_de\/wp-json\/wp\/v2\/product\/27506","targetHints":{"allow":["GET"]}}],"collection":[{"href":"https:\/\/www.juescha.de\/de_de\/wp-json\/wp\/v2\/product"}],"about":[{"href":"https:\/\/www.juescha.de\/de_de\/wp-json\/wp\/v2\/types\/product"}],"version-history":[{"count":0,"href":"https:\/\/www.juescha.de\/de_de\/wp-json\/wp\/v2\/product\/27506\/revisions"}],"wp:featuredmedia":[{"embeddable":true,"href":"https:\/\/www.juescha.de\/de_de\/wp-json\/wp\/v2\/media\/7450"}],"wp:attachment":[{"href":"https:\/\/www.juescha.de\/de_de\/wp-json\/wp\/v2\/media?parent=27506"}],"wp:term":[{"taxonomy":"product_brand","embeddable":true,"href":"https:\/\/www.juescha.de\/de_de\/wp-json\/wp\/v2\/product_brand?post=27506"},{"taxonomy":"product_cat","embeddable":true,"href":"https:\/\/www.juescha.de\/de_de\/wp-json\/wp\/v2\/product_cat?post=27506"},{"taxonomy":"product_tag","embeddable":true,"href":"https:\/\/www.juescha.de\/de_de\/wp-json\/wp\/v2\/product_tag?post=27506"}],"curies":[{"name":"wp","href":"https:\/\/api.w.org\/{rel}","templated":true}]}}