{"id":27505,"date":"2025-04-28T19:52:56","date_gmt":"2025-04-28T17:52:56","guid":{"rendered":"https:\/\/www.juescha.de\/shop\/unkategorisiert\/orga-faechermappe-a4\/"},"modified":"2026-01-21T08:49:13","modified_gmt":"2026-01-21T07:49:13","slug":"orga-faechermappe-a4","status":"publish","type":"product","link":"https:\/\/www.juescha.de\/de_de\/shop\/alassio\/orga-faechermappe-a4\/","title":{"rendered":"Orga-\/F\u00e4chermappe A4"},"content":{"rendered":"<h1>Orga-\/F\u00e4chermappe A4 <\/h1>\n<p>Sechs A4 F\u00e4cher, Rei\u00dfverschlussfach, zwei Sifteschlaufen, ein flexibles Einsteckfach mit Visitenkartenfach, flexible Multifunktionsb\u00e4nder, drei Visitenkartenf\u00e4cher, SD-Kartenfach, herausnehmbare RingmechanikDie F\u00e4cher-\/Orgamappe in schwarz von Alassio ist eine praktische und stilvolle Mappe, die speziell f\u00fcr die Organisation von Dokumenten im A4-Format entwickelt wurde. Sie ist aus hochwertigem Kunstleder gefertigt und besticht durch ihr elegantes schwarzes Design, das einen professionellen Eindruck vermittelt.Die Mappe verf\u00fcgt \u00fcber einen umlaufenden Rei\u00dfverschluss, der f\u00fcr eine sichere Aufbewahrung der Inhalte sorgt und sie vor Schmutz, Staub und Besch\u00e4digungen sch\u00fctzt. Der Rei\u00dfverschluss l\u00e4sst sich leicht \u00f6ffnen und schlie\u00dfen und erm\u00f6glicht einen schnellen Zugriff auf die Dokumente.Im Inneren der Mappe gibt es verschiedene F\u00e4cher und Taschen, die vielseitige Organisationsm\u00f6glichkeiten bieten. Es gibt mehrere Kartenf\u00e4cher f\u00fcr Visitenkarten oder Kreditkarten, die es erm\u00f6glichen, wichtige Kontaktdaten griffbereit zu halten. Zudem gibt es mehrere Einschubf\u00e4cher f\u00fcr lose Bl\u00e4tter, Notizen oder andere Dokumente, die separat organisiert werden sollen. Ein ger\u00e4umiges Dokumentenfach bietet Platz f\u00fcr A4-Dokumente oder Berichte.Die F\u00e4cher-\/Orgamappe von Alassio ist gut verarbeitet und zeichnet sich durch ihre Langlebigkeit und Robustheit aus. Sie eignet sich ideal f\u00fcr den Einsatz im B\u00fcro, auf Gesch\u00e4ftsreisen oder im t\u00e4glichen Gebrauch, um Dokumente sicher und geordnet aufzubewahren und zu transportieren.<\/p>\n","protected":false},"excerpt":{"rendered":"<ul>\n<li>Elegantes Kunstleder mit umlaufendem Rei\u00dfverschluss<\/li>\n<li>Sechs A4-F\u00e4cher &#038; herausnehmbare Ringmechanik<\/li>\n<li>Multifunktionales Innenleben mit Karten-, SD- &#038; Stifteschlaufen<\/li>\n<li>Flexibles Einsteckfach &#038; Rei\u00dfverschlussfach f\u00fcr Zubeh\u00f6r<\/li>\n<\/ul>\n","protected":false},"featured_media":7444,"template":"","meta":{"inline_featured_image":false},"product_brand":[],"product_cat":[1651],"product_tag":[],"class_list":{"0":"post-27505","1":"product","2":"type-product","3":"status-publish","4":"has-post-thumbnail","6":"product_cat-alassio","8":"first","9":"instock","10":"purchasable","11":"product-type-simple"},"_links":{"self":[{"href":"https:\/\/www.juescha.de\/de_de\/wp-json\/wp\/v2\/product\/27505","targetHints":{"allow":["GET"]}}],"collection":[{"href":"https:\/\/www.juescha.de\/de_de\/wp-json\/wp\/v2\/product"}],"about":[{"href":"https:\/\/www.juescha.de\/de_de\/wp-json\/wp\/v2\/types\/product"}],"version-history":[{"count":0,"href":"https:\/\/www.juescha.de\/de_de\/wp-json\/wp\/v2\/product\/27505\/revisions"}],"wp:featuredmedia":[{"embeddable":true,"href":"https:\/\/www.juescha.de\/de_de\/wp-json\/wp\/v2\/media\/7444"}],"wp:attachment":[{"href":"https:\/\/www.juescha.de\/de_de\/wp-json\/wp\/v2\/media?parent=27505"}],"wp:term":[{"taxonomy":"product_brand","embeddable":true,"href":"https:\/\/www.juescha.de\/de_de\/wp-json\/wp\/v2\/product_brand?post=27505"},{"taxonomy":"product_cat","embeddable":true,"href":"https:\/\/www.juescha.de\/de_de\/wp-json\/wp\/v2\/product_cat?post=27505"},{"taxonomy":"product_tag","embeddable":true,"href":"https:\/\/www.juescha.de\/de_de\/wp-json\/wp\/v2\/product_tag?post=27505"}],"curies":[{"name":"wp","href":"https:\/\/api.w.org\/{rel}","templated":true}]}}