{"id":27502,"date":"2025-04-28T19:52:53","date_gmt":"2025-04-28T17:52:53","guid":{"rendered":"https:\/\/www.juescha.de\/shop\/unkategorisiert\/mobile-office-a4-fiori\/"},"modified":"2026-01-21T08:49:15","modified_gmt":"2026-01-21T07:49:15","slug":"mobile-office-a4-fiori","status":"publish","type":"product","link":"https:\/\/www.juescha.de\/de_de\/shop\/alassio\/mobile-office-a4-fiori\/","title":{"rendered":"Mobile Office A4 FIORI"},"content":{"rendered":"<h1>Mobile Office A4 FIORI <\/h1>\n<p>Tragegriff, Trolleyband, Aufsteller, Tabletfach, A4 Einschubfach, Handyfach, Visitenkartenf\u00e4cher, Multifunktionsfach, zwei Stiftschlaufen, Tabletaufsteller<br \/>\nDas Mobile Office A4 Fiori von Alassio ist aus hochwertigem Polyester gefertigt und bietet eine stilvolle Optik mit einem floralen Design.<br \/>\nDie Mappe verf\u00fcgt \u00fcber eine gro\u00dfz\u00fcgige Gr\u00f6\u00dfe von DIN A4, was ausreichend Platz f\u00fcr Dokumente und andere wichtige Unterlagen bietet. Sie ist gut strukturiert und bietet verschiedene F\u00e4cher und Taschen, die die Organisation und Aufbewahrung von B\u00fcromaterialien erleichtern. Es gibt ein Laptopfach f\u00fcr Laptops bis zu 13,3 Zoll.<br \/>\nDas Mobile Office A4 Fiori von Alassio ist nicht nur funktional, sondern auch bequem zu tragen. Es verf\u00fcgt \u00fcber einen bequemen Tragegriff an der Oberseite.<\/p>\n","protected":false},"excerpt":{"rendered":"<ul>\n<li>Hochwertiges Polyester mit floralem Design<\/li>\n<li>Tragegriff, Trolleyband &#038; integrierter Aufsteller<\/li>\n<li>Tabletfach, A4-Einschubfach &#038; Handyfach<\/li>\n<li>Multifunktionsfach, Kartenf\u00e4cher &#038; Stiftschlaufen<\/li>\n<\/ul>\n","protected":false},"featured_media":7409,"template":"","meta":{"inline_featured_image":false},"product_brand":[],"product_cat":[1651],"product_tag":[],"class_list":{"0":"post-27502","1":"product","2":"type-product","3":"status-publish","4":"has-post-thumbnail","6":"product_cat-alassio","8":"first","9":"instock","10":"purchasable","11":"product-type-simple"},"_links":{"self":[{"href":"https:\/\/www.juescha.de\/de_de\/wp-json\/wp\/v2\/product\/27502","targetHints":{"allow":["GET"]}}],"collection":[{"href":"https:\/\/www.juescha.de\/de_de\/wp-json\/wp\/v2\/product"}],"about":[{"href":"https:\/\/www.juescha.de\/de_de\/wp-json\/wp\/v2\/types\/product"}],"version-history":[{"count":0,"href":"https:\/\/www.juescha.de\/de_de\/wp-json\/wp\/v2\/product\/27502\/revisions"}],"wp:featuredmedia":[{"embeddable":true,"href":"https:\/\/www.juescha.de\/de_de\/wp-json\/wp\/v2\/media\/7409"}],"wp:attachment":[{"href":"https:\/\/www.juescha.de\/de_de\/wp-json\/wp\/v2\/media?parent=27502"}],"wp:term":[{"taxonomy":"product_brand","embeddable":true,"href":"https:\/\/www.juescha.de\/de_de\/wp-json\/wp\/v2\/product_brand?post=27502"},{"taxonomy":"product_cat","embeddable":true,"href":"https:\/\/www.juescha.de\/de_de\/wp-json\/wp\/v2\/product_cat?post=27502"},{"taxonomy":"product_tag","embeddable":true,"href":"https:\/\/www.juescha.de\/de_de\/wp-json\/wp\/v2\/product_tag?post=27502"}],"curies":[{"name":"wp","href":"https:\/\/api.w.org\/{rel}","templated":true}]}}