{"id":27501,"date":"2025-04-28T19:52:53","date_gmt":"2025-04-28T17:52:53","guid":{"rendered":"https:\/\/www.juescha.de\/shop\/unkategorisiert\/orgamappe-a4-olbia\/"},"modified":"2026-01-21T08:49:15","modified_gmt":"2026-01-21T07:49:15","slug":"orgamappe-a4-olbia","status":"publish","type":"product","link":"https:\/\/www.juescha.de\/de_de\/shop\/alassio\/orgamappe-a4-olbia\/","title":{"rendered":"Orgamappe A4 OLBIA"},"content":{"rendered":"<h1>Orgamappe A4 OLBIA <\/h1>\n<p>Dokumentenfach, gepolstertes Tabletfach, zwei Stifteschlaufen, zwei SD-Karten F\u00e4cher, sechs Kredit- \/ Visitenkartenf\u00e4cher, zwei Einsteckf\u00e4cher, herausnehmbare Ringmechanik, Block.<br \/>\nDie Orgamappe A4 Lazio in Anthrazit von Alassio ist eine hochwertige Aktenmappe, die aus strapazierf\u00e4higem Polyester in eleganter Anthrazit-Farbe gefertigt ist. Sie bietet eine stilvolle und professionelle L\u00f6sung zur Organisation von Dokumenten und Unterlagen im A4-Format.<br \/>\nDie Mappe verf\u00fcgt \u00fcber einen umlaufenden Rei\u00dfverschluss, der die Inhalte sicher verschlie\u00dft und vor Staub, Schmutz und Feuchtigkeit sch\u00fctzt. Der Rei\u00dfverschluss ist mit einem Metall-Zipper versehen, der eine einfache Handhabung erm\u00f6glicht und einen edlen Akzent setzt.<br \/>\nIm Inneren der Mappe befinden sich ein Dokumentenfach und Kartenf\u00e4cher. Ein herausnehmbarer Ringbuchmechanismus mit 4-Ring-Mechanik bietet die M\u00f6glichkeit, gelochte Unterlagen oder Notizbl\u00e4tter einzuf\u00fcgen und sie so optimal zu ordnen.<br \/>\nDie Orgamappe A4 Lazio von Alassio ist von hoher Qualit\u00e4t und \u00fcberzeugt durch ihre durchdachte Aufteilung und ihre langlebige Verarbeitung. Sie eignet sich ideal f\u00fcr den gesch\u00e4ftlichen Einsatz oder f\u00fcr den anspruchsvollen Einsatz im Studium oder im B\u00fcro.<\/p>\n","protected":false},"excerpt":{"rendered":"<ul>\n<li>Robustes Polyester in edlem Anthrazit mit Rei\u00dfverschluss<\/li>\n<li>Herausnehmbare Ringmechanik &#038; gepolstertes Tabletfach<\/li>\n<li>Sechs Kartenf\u00e4cher, zwei Einsteckf\u00e4cher &#038; zwei SD-Kartenf\u00e4cher<\/li>\n<li>Zwei Stifteschlaufen, Dokumentenfach &#038; Block<\/li>\n<\/ul>\n","protected":false},"featured_media":7403,"template":"","meta":{"inline_featured_image":false},"product_brand":[],"product_cat":[1651],"product_tag":[],"class_list":{"0":"post-27501","1":"product","2":"type-product","3":"status-publish","4":"has-post-thumbnail","6":"product_cat-alassio","8":"first","9":"instock","10":"purchasable","11":"product-type-simple"},"_links":{"self":[{"href":"https:\/\/www.juescha.de\/de_de\/wp-json\/wp\/v2\/product\/27501","targetHints":{"allow":["GET"]}}],"collection":[{"href":"https:\/\/www.juescha.de\/de_de\/wp-json\/wp\/v2\/product"}],"about":[{"href":"https:\/\/www.juescha.de\/de_de\/wp-json\/wp\/v2\/types\/product"}],"version-history":[{"count":0,"href":"https:\/\/www.juescha.de\/de_de\/wp-json\/wp\/v2\/product\/27501\/revisions"}],"wp:featuredmedia":[{"embeddable":true,"href":"https:\/\/www.juescha.de\/de_de\/wp-json\/wp\/v2\/media\/7403"}],"wp:attachment":[{"href":"https:\/\/www.juescha.de\/de_de\/wp-json\/wp\/v2\/media?parent=27501"}],"wp:term":[{"taxonomy":"product_brand","embeddable":true,"href":"https:\/\/www.juescha.de\/de_de\/wp-json\/wp\/v2\/product_brand?post=27501"},{"taxonomy":"product_cat","embeddable":true,"href":"https:\/\/www.juescha.de\/de_de\/wp-json\/wp\/v2\/product_cat?post=27501"},{"taxonomy":"product_tag","embeddable":true,"href":"https:\/\/www.juescha.de\/de_de\/wp-json\/wp\/v2\/product_tag?post=27501"}],"curies":[{"name":"wp","href":"https:\/\/api.w.org\/{rel}","templated":true}]}}