{"id":27499,"date":"2025-04-28T19:52:52","date_gmt":"2025-04-28T17:52:52","guid":{"rendered":"https:\/\/www.juescha.de\/shop\/unkategorisiert\/orgamappe-a4-trento\/"},"modified":"2026-01-21T08:49:15","modified_gmt":"2026-01-21T07:49:15","slug":"orgamappe-a4-trento","status":"publish","type":"product","link":"https:\/\/www.juescha.de\/de_de\/shop\/alassio\/orgamappe-a4-trento\/","title":{"rendered":"Orgamappe A4 TRENTO"},"content":{"rendered":"<h1>Orgamappe A4 TRENTO<\/h1>\n<p>Dokumentenfach, gepolstertes Tabletfach, herausnehmbares Kredit-\u2009\/\u2009Visitenkartenetui, Smartphone H\u00fclle, zwei SD-Karten F\u00e4cher, drei Stifteschlaufen, sechs Kredit-\u2009\/\u2009Visitenkartenf\u00e4cher, herausnehmbare Ringmechanik, Block.<br \/>\nDie Orgamappe Trento in Schwarz von Alassio ist eine hochwertige Aktentasche, die sowohl f\u00fcr den professionellen Einsatz im B\u00fcro als auch f\u00fcr gesch\u00e4ftliche Meetings und Reisen geeignet ist. Sie ist aus strapazierf\u00e4higem Kunstleder gefertigt und verf\u00fcgt \u00fcber ein schlichtes, zeitloses Design.<br \/>\nSie bietet zahlreiche praktische Features, die sie zu einem n\u00fctzlichen Begleiter im Arbeitsalltag machen. Die Ma\u00dfe der Mappe betragen etwa 36 x 28,5 x 5 cm, was gen\u00fcgend Platz f\u00fcr Dokumente, Stifte, Visitenkarten und andere Utensilien bietet.<br \/>\nDas \u00c4u\u00dfere der Orgamappe Trento ist in edlem Schwarz gehalten und wirkt dadurch besonders professionell und elegant. Sie verf\u00fcgt \u00fcber einen umlaufenden Rei\u00dfverschluss, der die Mappe sicher verschlie\u00dft und so den Inhalt vor ungewolltem Herausfallen oder Besch\u00e4digungen sch\u00fctzt.<br \/>\nIm Inneren der Orgamappe Trento befinden sich Kartenf\u00e4cher und Stiftschlaufen, die eine geordnete Aufbewahrung von Schreibutensilien und Visitenkarten erm\u00f6glichen.<br \/>\nDie hochwertige Verarbeitung und das ansprechende Design machen die Orgamappe Trento von Alassio zu einem stilvollen und funktionalen Accessoire f\u00fcr den gesch\u00e4ftlichen Alltag. Sie bietet ausreichend Platz f\u00fcr die Organisation von Dokumenten und Utensilien und ist durch das strapazierf\u00e4hige Kunstleder auch langlebig und robust. Mit ihrem professionellen Look ist sie zudem ein stilvoller Begleiter f\u00fcr gesch\u00e4ftliche Termine und Meetings.<\/p>\n","protected":false},"excerpt":{"rendered":"<ul>\n<li>Strapazierf\u00e4higes Kunstleder mit umlaufendem Rei\u00dfverschluss<\/li>\n<li>Herausnehmbare Ringmechanik, Block &#038; Tabletfach<\/li>\n<li>Smartphone-H\u00fclle, Kartenetui &#038; sechs Kartenf\u00e4cher<\/li>\n<li>Drei Stifteschlaufen, zwei SD-Kartenf\u00e4cher &#038; Dokumentenfach<\/li>\n<\/ul>\n","protected":false},"featured_media":7399,"template":"","meta":{"inline_featured_image":false},"product_brand":[],"product_cat":[1651],"product_tag":[],"class_list":{"0":"post-27499","1":"product","2":"type-product","3":"status-publish","4":"has-post-thumbnail","6":"product_cat-alassio","8":"first","9":"instock","10":"purchasable","11":"product-type-simple"},"_links":{"self":[{"href":"https:\/\/www.juescha.de\/de_de\/wp-json\/wp\/v2\/product\/27499","targetHints":{"allow":["GET"]}}],"collection":[{"href":"https:\/\/www.juescha.de\/de_de\/wp-json\/wp\/v2\/product"}],"about":[{"href":"https:\/\/www.juescha.de\/de_de\/wp-json\/wp\/v2\/types\/product"}],"version-history":[{"count":0,"href":"https:\/\/www.juescha.de\/de_de\/wp-json\/wp\/v2\/product\/27499\/revisions"}],"wp:featuredmedia":[{"embeddable":true,"href":"https:\/\/www.juescha.de\/de_de\/wp-json\/wp\/v2\/media\/7399"}],"wp:attachment":[{"href":"https:\/\/www.juescha.de\/de_de\/wp-json\/wp\/v2\/media?parent=27499"}],"wp:term":[{"taxonomy":"product_brand","embeddable":true,"href":"https:\/\/www.juescha.de\/de_de\/wp-json\/wp\/v2\/product_brand?post=27499"},{"taxonomy":"product_cat","embeddable":true,"href":"https:\/\/www.juescha.de\/de_de\/wp-json\/wp\/v2\/product_cat?post=27499"},{"taxonomy":"product_tag","embeddable":true,"href":"https:\/\/www.juescha.de\/de_de\/wp-json\/wp\/v2\/product_tag?post=27499"}],"curies":[{"name":"wp","href":"https:\/\/api.w.org\/{rel}","templated":true}]}}