{"id":27498,"date":"2025-04-28T19:52:52","date_gmt":"2025-04-28T17:52:52","guid":{"rendered":"https:\/\/www.juescha.de\/shop\/unkategorisiert\/orgamappe-a4-salerno\/"},"modified":"2026-01-21T08:49:15","modified_gmt":"2026-01-21T07:49:15","slug":"orgamappe-a4-salerno","status":"publish","type":"product","link":"https:\/\/www.juescha.de\/de_de\/shop\/alassio\/orgamappe-a4-salerno\/","title":{"rendered":"Orgamappe A4 SALERNO"},"content":{"rendered":"<h1>Orgamappe A4 SALERNO <\/h1>\n<p>Dokumentenfach, gepolstertes Tabletfach, herausnehmbares Kredit-\u2009\/\u2009Visitenkartenetui, Smartphone H\u00fclle mit zwei SD-Karten F\u00e4chern, eine Stiftschlaufe, ein Universalfach mit zwei Visitenkartenf\u00e4chern, Ringmechanik, Block, Einsteckfach, Einsteckfach f\u00fcr Kabel und USB-Stick, Tragegriff<br \/>\nDie Orgamappe A4 Salerno in Schwarz ist eine hochwertige, praktische und stilvolle Mappe, die ideal ist, um Dokumente und andere Schreibwaren organisiert und sicher aufzubewahren.<br \/>\nDie Orgamappe ist im A4-Format gehalten und eignet sich daher perfekt f\u00fcr das Aufbewahren von DIN A4-Dokumenten wie Notizen, Schreibbl\u00f6cken, Visitenkarten, Stiften und anderen wichtigen Papieren. Die Mappe besteht aus hochwertigem Kunstleder in elegantem Schwarz, was ihr ein professionelles und ansprechendes Aussehen verleiht.<br \/>\nDie Mappe ist mit einem robusten Rei\u00dfverschluss ausgestattet, der daf\u00fcr sorgt, dass der Inhalt sicher und gesch\u00fctzt bleibt. Im Inneren befinden Kartenf\u00e4cher, in denen Visitenkarten oder Kreditkarten aufbewahrt werden k\u00f6nnen, sowie ein gr\u00f6\u00dferes Fach f\u00fcr Schreibbl\u00f6cke oder Dokumente. Es gibt auch eine Stiftschlaufe, um Stifte sicher zu halten und griffbereit zu haben.<br \/>\nDie Orgamappe A4 Salerno zeichnet sich durch ihre hohe Verarbeitungsqualit\u00e4t aus und ist langlebig und strapazierf\u00e4hig. Sie ist ideal f\u00fcr den t\u00e4glichen Gebrauch im B\u00fcro, bei Meetings oder auf Reisen, um wichtige Unterlagen stets gut sortiert und gesch\u00fctzt bei sich zu tragen.<\/p>\n","protected":false},"excerpt":{"rendered":"<ul>\n<li>Hochwertiges Kunstleder in elegantem Schwarz<\/li>\n<li>Ringmechanik, Block &#038; gepolstertes Tabletfach<\/li>\n<li>Herausnehmbares Kartenetui, Smartphone-H\u00fclle &#038; SD-Kartenf\u00e4cher<\/li>\n<li>Einsteckf\u00e4cher f\u00fcr Kabel &#038; USB-Stick, Tragegriff &#038; Stiftschlaufe<\/li>\n<\/ul>\n","protected":false},"featured_media":7396,"template":"","meta":{"inline_featured_image":false},"product_brand":[],"product_cat":[1651],"product_tag":[],"class_list":{"0":"post-27498","1":"product","2":"type-product","3":"status-publish","4":"has-post-thumbnail","6":"product_cat-alassio","8":"first","9":"instock","10":"purchasable","11":"product-type-simple"},"_links":{"self":[{"href":"https:\/\/www.juescha.de\/de_de\/wp-json\/wp\/v2\/product\/27498","targetHints":{"allow":["GET"]}}],"collection":[{"href":"https:\/\/www.juescha.de\/de_de\/wp-json\/wp\/v2\/product"}],"about":[{"href":"https:\/\/www.juescha.de\/de_de\/wp-json\/wp\/v2\/types\/product"}],"version-history":[{"count":0,"href":"https:\/\/www.juescha.de\/de_de\/wp-json\/wp\/v2\/product\/27498\/revisions"}],"wp:featuredmedia":[{"embeddable":true,"href":"https:\/\/www.juescha.de\/de_de\/wp-json\/wp\/v2\/media\/7396"}],"wp:attachment":[{"href":"https:\/\/www.juescha.de\/de_de\/wp-json\/wp\/v2\/media?parent=27498"}],"wp:term":[{"taxonomy":"product_brand","embeddable":true,"href":"https:\/\/www.juescha.de\/de_de\/wp-json\/wp\/v2\/product_brand?post=27498"},{"taxonomy":"product_cat","embeddable":true,"href":"https:\/\/www.juescha.de\/de_de\/wp-json\/wp\/v2\/product_cat?post=27498"},{"taxonomy":"product_tag","embeddable":true,"href":"https:\/\/www.juescha.de\/de_de\/wp-json\/wp\/v2\/product_tag?post=27498"}],"curies":[{"name":"wp","href":"https:\/\/api.w.org\/{rel}","templated":true}]}}