{"id":27497,"date":"2025-04-28T19:52:52","date_gmt":"2025-04-28T17:52:52","guid":{"rendered":"https:\/\/www.juescha.de\/shop\/unkategorisiert\/orgamappe-a4-cesena\/"},"modified":"2026-01-21T08:49:16","modified_gmt":"2026-01-21T07:49:16","slug":"orgamappe-a4-cesena","status":"publish","type":"product","link":"https:\/\/www.juescha.de\/de_de\/shop\/alassio\/orgamappe-a4-cesena\/","title":{"rendered":"Orgamappe A4 CESENA"},"content":{"rendered":"<h1>Orgamappe A4 CESENA<\/h1>\n<p>Herausnehmbare Ringmechanik, Zeichenklemmbrett inkl. abnehmbarem Rechnerlineal, Visitenkartenetui aus Aluminium, Smartphone H\u00fclle mit Zugband, Minipocket, Block, zwei Kugelschreiber (rot\u2009\/\u2009schwarz), Multietui mit diversen Haftnotizen, Zwei SD- oder SIM Kartenf\u00e4cher, Schlaufe f\u00fcr USB Stick, zwei Schlaufen f\u00fcr Kabel.<br \/>\nDie Orgamappe A4 Cesena in Schwarz von Alassio ist eine hochwertige Dokumentenmappe im DIN A4-Format, die aus strapazierf\u00e4higem Nappaleder gefertigt ist. Sie ist elegant und zeitlos im Design und eignet sich ideal f\u00fcr den professionellen Einsatz im B\u00fcro oder auf Gesch\u00e4ftsreisen.<br \/>\nDie Mappe ist mit einem umlaufenden Rei\u00dfverschluss ausgestattet, der daf\u00fcr sorgt, dass der Inhalt sicher und gesch\u00fctzt bleibt. Der Rei\u00dfverschluss l\u00e4sst sich leicht \u00f6ffnen und schlie\u00dfen und ist zus\u00e4tzlich mit einem Metallanh\u00e4nger versehen, der das \u00d6ffnen erleichtert und ein stilvolles Detail darstellt.<br \/>\nEs gibt ein gro\u00dfes Einsteckfach f\u00fcr DIN A4-Dokumente, Visitenkartenf\u00e4cher, Stiftschlaufen und ein Fach f\u00fcr Notizbl\u00f6cke. Dadurch k\u00f6nnen Visitenkarten, Stifte und Notizen bequem und \u00fcbersichtlich verstaut werden.<br \/>\nDie Verarbeitung der Orgamappe ist hochwertig und pr\u00e4zise, was f\u00fcr eine lange Lebensdauer sorgt. Das Nappaleder f\u00fchlt sich angenehm an und ist pflegeleicht. Die Mappe ist robust und strapazierf\u00e4hig, sodass sie den t\u00e4glichen Anforderungen im B\u00fcro oder auf Reisen standhalten kann.<\/p>\n","protected":false},"excerpt":{"rendered":"<ul>\n<li>Umlaufendem Rei\u00dfverschluss<\/li>\n<li>Ringmechanik &#038; Klemmbrett mit Rechnerlineal<\/li>\n<li>Smartphone-H\u00fclle, <\/li>\n<li>Inklusive Block<\/li>\n<\/ul>\n","protected":false},"featured_media":7393,"template":"","meta":{"inline_featured_image":false},"product_brand":[],"product_cat":[1651],"product_tag":[],"class_list":{"0":"post-27497","1":"product","2":"type-product","3":"status-publish","4":"has-post-thumbnail","6":"product_cat-alassio","8":"first","9":"instock","10":"purchasable","11":"product-type-simple"},"_links":{"self":[{"href":"https:\/\/www.juescha.de\/de_de\/wp-json\/wp\/v2\/product\/27497","targetHints":{"allow":["GET"]}}],"collection":[{"href":"https:\/\/www.juescha.de\/de_de\/wp-json\/wp\/v2\/product"}],"about":[{"href":"https:\/\/www.juescha.de\/de_de\/wp-json\/wp\/v2\/types\/product"}],"version-history":[{"count":0,"href":"https:\/\/www.juescha.de\/de_de\/wp-json\/wp\/v2\/product\/27497\/revisions"}],"wp:featuredmedia":[{"embeddable":true,"href":"https:\/\/www.juescha.de\/de_de\/wp-json\/wp\/v2\/media\/7393"}],"wp:attachment":[{"href":"https:\/\/www.juescha.de\/de_de\/wp-json\/wp\/v2\/media?parent=27497"}],"wp:term":[{"taxonomy":"product_brand","embeddable":true,"href":"https:\/\/www.juescha.de\/de_de\/wp-json\/wp\/v2\/product_brand?post=27497"},{"taxonomy":"product_cat","embeddable":true,"href":"https:\/\/www.juescha.de\/de_de\/wp-json\/wp\/v2\/product_cat?post=27497"},{"taxonomy":"product_tag","embeddable":true,"href":"https:\/\/www.juescha.de\/de_de\/wp-json\/wp\/v2\/product_tag?post=27497"}],"curies":[{"name":"wp","href":"https:\/\/api.w.org\/{rel}","templated":true}]}}