{"id":27494,"date":"2025-04-28T19:52:51","date_gmt":"2025-04-28T17:52:51","guid":{"rendered":"https:\/\/www.juescha.de\/shop\/unkategorisiert\/kulturtasche-salina\/"},"modified":"2026-01-21T08:48:39","modified_gmt":"2026-01-21T07:48:39","slug":"kulturtasche-salina","status":"publish","type":"product","link":"https:\/\/www.juescha.de\/de_de\/shop\/alassio\/kulturtasche-salina\/","title":{"rendered":"Kulturtasche SALINA"},"content":{"rendered":"<h1>Kulturtasche SALINA <\/h1>\n<p>Rei\u00dfverschlusshauptfach mit Magnetverschluss, zwei Rei\u00dfverschlussvortaschen, Rei\u00dfverschlusstasche auf der R\u00fcckseite, Innen: drei Einsteckf\u00e4cher<br \/>\nDie Kulturtasche Salina in Schwarz von Alassio ist ein stilvolles und funktionales Accessoire f\u00fcr die Aufbewahrung von pers\u00f6nlichen Pflegeprodukten auf Reisen oder im Alltag. Sie ist aus hochwertigem, strapazierf\u00e4higem Leder gefertigt und \u00fcberzeugt mit ihrem eleganten Design.<br \/>\nDie Kulturtasche hat eine rechteckige Form und ist mit einem stabilen Rei\u00dfverschluss versehen, der f\u00fcr einen sicheren Verschluss sorgt. Sie verf\u00fcgt \u00fcber ein Hauptfach mit ausreichend Platz f\u00fcr verschiedene Kosmetikartikel wie Shampoo, Duschgel, Zahnb\u00fcrste, Zahnpasta und mehr. Im Inneren der Tasche befinden sich zudem mehrere elastische Schlaufen und Taschen, die zur Organisation und Separierung der verschiedenen Produkte dienen.<br \/>\nDie Tasche ist in einem klassischen Schwarz gehalten, was ihr ein zeitloses Aussehen verleiht und sie zu einem vielseitigen Begleiter f\u00fcr Damen und Herren macht. Sie ist zudem mit einer praktischen Schlaufe ausgestattet, die das Transportieren erleichtert und erm\u00f6glicht, die Tasche bequem an einem Haken oder einer Stange aufzuh\u00e4ngen.<br \/>\nDie hochwertige Verarbeitung, das ansprechende Design und die praktische Funktionalit\u00e4t machen sie zu einer beliebten Wahl f\u00fcr die Aufbewahrung von Kosmetikprodukten auf Reisen oder im Alltag.<\/p>\n","protected":false},"excerpt":{"rendered":"<ul>\n<li>Strapazierf\u00e4higes Leder in klassischem Schwarz<\/li>\n<li>Rei\u00dfverschlusshauptfach mit Magnetverschluss<\/li>\n<li>Zwei Rei\u00dfverschlussvortaschen &#038; R\u00fcckfach<\/li>\n<li>Innen: drei Einsteckf\u00e4cher f\u00fcr Pflegeprodukte<\/li>\n<\/ul>\n","protected":false},"featured_media":7383,"template":"","meta":{"inline_featured_image":false},"product_brand":[],"product_cat":[1651],"product_tag":[],"class_list":{"0":"post-27494","1":"product","2":"type-product","3":"status-publish","4":"has-post-thumbnail","6":"product_cat-alassio","8":"first","9":"instock","10":"purchasable","11":"product-type-simple"},"_links":{"self":[{"href":"https:\/\/www.juescha.de\/de_de\/wp-json\/wp\/v2\/product\/27494","targetHints":{"allow":["GET"]}}],"collection":[{"href":"https:\/\/www.juescha.de\/de_de\/wp-json\/wp\/v2\/product"}],"about":[{"href":"https:\/\/www.juescha.de\/de_de\/wp-json\/wp\/v2\/types\/product"}],"version-history":[{"count":0,"href":"https:\/\/www.juescha.de\/de_de\/wp-json\/wp\/v2\/product\/27494\/revisions"}],"wp:featuredmedia":[{"embeddable":true,"href":"https:\/\/www.juescha.de\/de_de\/wp-json\/wp\/v2\/media\/7383"}],"wp:attachment":[{"href":"https:\/\/www.juescha.de\/de_de\/wp-json\/wp\/v2\/media?parent=27494"}],"wp:term":[{"taxonomy":"product_brand","embeddable":true,"href":"https:\/\/www.juescha.de\/de_de\/wp-json\/wp\/v2\/product_brand?post=27494"},{"taxonomy":"product_cat","embeddable":true,"href":"https:\/\/www.juescha.de\/de_de\/wp-json\/wp\/v2\/product_cat?post=27494"},{"taxonomy":"product_tag","embeddable":true,"href":"https:\/\/www.juescha.de\/de_de\/wp-json\/wp\/v2\/product_tag?post=27494"}],"curies":[{"name":"wp","href":"https:\/\/api.w.org\/{rel}","templated":true}]}}