{"id":27490,"date":"2025-04-28T19:52:50","date_gmt":"2025-04-28T17:52:50","guid":{"rendered":"https:\/\/www.juescha.de\/shop\/unkategorisiert\/weekender-toro\/"},"modified":"2026-01-21T08:48:39","modified_gmt":"2026-01-21T07:48:39","slug":"weekender-toro","status":"publish","type":"product","link":"https:\/\/www.juescha.de\/de_de\/shop\/alassio\/weekender-toro\/","title":{"rendered":"Weekender TORO"},"content":{"rendered":"<h1>Weekender TORO<\/h1>\n<p>Verstellbarer, abnehmbarer Schultertrageriemen, zwei Tragegriffe, Rei\u00dfverschlusshauptfach, Rei\u00dfverschlussvorfach, Rei\u00dfverschlussvortasche, Rei\u00dfverschlussfach auf der R\u00fcckseite, Trolleyband, Bodenn\u00e4gel, Innen: vier Einsteckf\u00e4cher, Rei\u00dfverschlussfach, Handyfach.<br \/>\nDer Weekender Toro in Schwarz von Alassio ist eine stilvolle Reisetasche, die sich perfekt f\u00fcr Wochenendtrips oder Kurzreisen eignet. Die Tasche ist aus hochwertigem schwarzen Leder gefertigt, was ihr ein luxuri\u00f6ses und edles Aussehen verleiht.<br \/>\nDie Gr\u00f6\u00dfe der Tasche ist ideal f\u00fcr das Mitf\u00fchren von Kleidung, Schuhen und pers\u00f6nlichen Gegenst\u00e4nden f\u00fcr ein Wochenende oder einen kurzen Ausflug. Mit den Ma\u00dfen von ca. 28 x 50 x 21 cm bietet sie ausreichend Stauraum, um alles Notwendige unterzubringen.<br \/>\nDer Weekender Toro verf\u00fcgt \u00fcber eine ger\u00e4umige Haupttasche mit einem gro\u00dfen Rei\u00dfverschluss, der den Zugang zum Hauptfach erleichtert und die Sicherheit des Inhalts gew\u00e4hrleistet.<br \/>\nDie Tasche hat auch zwei robuste Tragegriffe, die bequem in der Hand gehalten oder \u00fcber der Schulter getragen werden k\u00f6nnen. Zus\u00e4tzlich ist ein abnehmbarer Schultergurt enthalten, der f\u00fcr mehr Flexibilit\u00e4t beim Tragen sorgt.<br \/>\nDie Verarbeitung des Weekender Toro ist von hoher Qualit\u00e4t und die Details sind gut durchdacht. Das schwarze Leder ist strapazierf\u00e4hig und langlebig, was f\u00fcr eine lange Lebensdauer der Tasche sorgt. Die Metallbeschl\u00e4ge wie Rei\u00dfverschl\u00fcsse und Schnallen sind robust und verleihen der Tasche einen eleganten Touch.<\/p>\n","protected":false},"excerpt":{"rendered":"<ul>\n<li>Hochwertiges schwarzes Leder mit edler Optik<\/li>\n<li>Verstellbarer Schultergurt, zwei Tragegriffe &#038; Trolleyband<\/li>\n<li>Hauptfach &#038; mehrere Rei\u00dfverschlussf\u00e4cher au\u00dfen<\/li>\n<li>Innen: Einsteckf\u00e4cher, Handyfach &#038; Rei\u00dfverschlussfach<\/li>\n<\/ul>\n","protected":false},"featured_media":7370,"template":"","meta":{"inline_featured_image":false},"product_brand":[],"product_cat":[1651],"product_tag":[],"class_list":{"0":"post-27490","1":"product","2":"type-product","3":"status-publish","4":"has-post-thumbnail","6":"product_cat-alassio","8":"first","9":"instock","10":"purchasable","11":"product-type-simple"},"_links":{"self":[{"href":"https:\/\/www.juescha.de\/de_de\/wp-json\/wp\/v2\/product\/27490","targetHints":{"allow":["GET"]}}],"collection":[{"href":"https:\/\/www.juescha.de\/de_de\/wp-json\/wp\/v2\/product"}],"about":[{"href":"https:\/\/www.juescha.de\/de_de\/wp-json\/wp\/v2\/types\/product"}],"version-history":[{"count":0,"href":"https:\/\/www.juescha.de\/de_de\/wp-json\/wp\/v2\/product\/27490\/revisions"}],"wp:featuredmedia":[{"embeddable":true,"href":"https:\/\/www.juescha.de\/de_de\/wp-json\/wp\/v2\/media\/7370"}],"wp:attachment":[{"href":"https:\/\/www.juescha.de\/de_de\/wp-json\/wp\/v2\/media?parent=27490"}],"wp:term":[{"taxonomy":"product_brand","embeddable":true,"href":"https:\/\/www.juescha.de\/de_de\/wp-json\/wp\/v2\/product_brand?post=27490"},{"taxonomy":"product_cat","embeddable":true,"href":"https:\/\/www.juescha.de\/de_de\/wp-json\/wp\/v2\/product_cat?post=27490"},{"taxonomy":"product_tag","embeddable":true,"href":"https:\/\/www.juescha.de\/de_de\/wp-json\/wp\/v2\/product_tag?post=27490"}],"curies":[{"name":"wp","href":"https:\/\/api.w.org\/{rel}","templated":true}]}}