{"id":27488,"date":"2025-04-28T19:52:50","date_gmt":"2025-04-28T17:52:50","guid":{"rendered":"https:\/\/www.juescha.de\/shop\/unkategorisiert\/dokumententasche-udine\/"},"modified":"2026-01-21T08:49:12","modified_gmt":"2026-01-21T07:49:12","slug":"dokumententasche-udine","status":"publish","type":"product","link":"https:\/\/www.juescha.de\/de_de\/shop\/alassio\/dokumententasche-udine\/","title":{"rendered":"Dokumententasche UDINE"},"content":{"rendered":"<h1>Dokumententasche UDINE <\/h1>\n<p>Dokumententasche mit Schloss und Rei\u00dfverschlussfach auf der R\u00fcckseite. Innen: Handyfach, drei Stifteschlaufen, diverse Kreditkartenf\u00e4cher, Rei\u00dfverschlussfach.<br \/>\nDie Dokumententasche Udine in Schwarz von Alassio ist ein elegantes und hochwertiges Accessoire f\u00fcr den professionellen Einsatz. Sie ist aus hochwertigem, strapazierf\u00e4higem Kunstleder gefertigt und besticht durch ihre klassische Optik.<br \/>\nDie Tasche verf\u00fcgt \u00fcber ein ger\u00e4umiges Hauptfach, das den Inhalt sicher sch\u00fctzt. Im Inneren befinden sich F\u00e4cher und Einsch\u00fcbe, die optimal zur Organisation von Dokumenten, Visitenkarten, Stiften, einem Tablet oder anderen wichtigen Utensilien genutzt werden k\u00f6nnen. So beh\u00e4lt man auch unterwegs immer den \u00dcberblick \u00fcber seine Unterlagen.<br \/>\nDie Dokumententasche Udine besticht nicht nur durch ihre Funktionalit\u00e4t, sondern auch durch ihr stilvolles Design. Das schwarze Kunstleder verleiht der Tasche eine zeitlose Eleganz und macht sie zu einem professionellen Begleiter f\u00fcr Business-Meetings, Konferenzen oder den t\u00e4glichen B\u00fcroalltag.<\/p>\n","protected":false},"excerpt":{"rendered":"<ul>\n<li>Strapazierf\u00e4higes Kunstleder in klassischem Schwarz<\/li>\n<li>Schloss &#038; Rei\u00dfverschlussfach auf der R\u00fcckseite<\/li>\n<li>Hauptfach mit Handyfach, Kartenf\u00e4chern &#038; Stiftschlaufen<\/li>\n<li>Zus\u00e4tzliches Rei\u00dfverschlussfach im Innenraum<\/li>\n<\/ul>\n","protected":false},"featured_media":7365,"template":"","meta":{"inline_featured_image":false},"product_brand":[],"product_cat":[1651],"product_tag":[],"class_list":{"0":"post-27488","1":"product","2":"type-product","3":"status-publish","4":"has-post-thumbnail","6":"product_cat-alassio","8":"first","9":"instock","10":"purchasable","11":"product-type-simple"},"_links":{"self":[{"href":"https:\/\/www.juescha.de\/de_de\/wp-json\/wp\/v2\/product\/27488","targetHints":{"allow":["GET"]}}],"collection":[{"href":"https:\/\/www.juescha.de\/de_de\/wp-json\/wp\/v2\/product"}],"about":[{"href":"https:\/\/www.juescha.de\/de_de\/wp-json\/wp\/v2\/types\/product"}],"version-history":[{"count":0,"href":"https:\/\/www.juescha.de\/de_de\/wp-json\/wp\/v2\/product\/27488\/revisions"}],"wp:featuredmedia":[{"embeddable":true,"href":"https:\/\/www.juescha.de\/de_de\/wp-json\/wp\/v2\/media\/7365"}],"wp:attachment":[{"href":"https:\/\/www.juescha.de\/de_de\/wp-json\/wp\/v2\/media?parent=27488"}],"wp:term":[{"taxonomy":"product_brand","embeddable":true,"href":"https:\/\/www.juescha.de\/de_de\/wp-json\/wp\/v2\/product_brand?post=27488"},{"taxonomy":"product_cat","embeddable":true,"href":"https:\/\/www.juescha.de\/de_de\/wp-json\/wp\/v2\/product_cat?post=27488"},{"taxonomy":"product_tag","embeddable":true,"href":"https:\/\/www.juescha.de\/de_de\/wp-json\/wp\/v2\/product_tag?post=27488"}],"curies":[{"name":"wp","href":"https:\/\/api.w.org\/{rel}","templated":true}]}}